{"id":308,"date":"2025-04-11T13:11:37","date_gmt":"2025-04-11T13:11:37","guid":{"rendered":"https:\/\/pruebas.portofinocaribe.com\/?page_id=308"},"modified":"2026-02-17T12:01:24","modified_gmt":"2026-02-17T17:01:24","slug":"gestion-turistica-cartagena","status":"publish","type":"page","link":"https:\/\/portofinocaribe.com\/index.php\/gestion-turistica-cartagena\/","title":{"rendered":"Gesti\u00f3n Tur\u00edstica Cartagena"},"content":{"rendered":"<div class=\"wpb-content-wrapper\"><p>[vc_row content_placement=\u00bbmiddle\u00bb css=\u00bb.vc_custom_1749685055090{padding-bottom: 15px !important;}\u00bb][vc_column width=\u00bb1\/2&#8243;][vc_column_text css=\u00bb\u00bb]<\/p>\n<p><strong>Explora Cartagena, vive su historia y siente el Caribe.<\/strong><\/p>\n<p>Localizados en Cartagena de Indias, entre el mar y las brisas caribe\u00f1as nace Gesti\u00f3n Tur\u00edstica, con el prop\u00f3sito de hacerte sentir conectado con la esencia de la costa, su alegr\u00eda, sabor y energ\u00eda. Con el barco \u00abBequia Eagle\u00bb como protagonista, y actividades tur\u00edsticas en nuestra chiva \u00abLa Remilgosa\u00bb, patrimonio cultural de Colombia; nuestro bote deportivo, ideal para tus aventuras en el mar y nuestra flota terrestre de bus y vans c\u00f3moda y vers\u00e1til para tus recorridos por la ciudad y sus alrededores.<\/p>\n<p>Te invitamos a descubrir lo mejor de Cartagena con nosotros, contamos con recorridos llenos de encanto y emoci\u00f3n.<\/p>\n<p>Ya seas un viajero curioso o un explorador local, queremos que vivas la ciudad desde otra perspectiva, con un servicio de calidad pensado para convertir cada recorrido en momentos memorables.[\/vc_column_text][\/vc_column][vc_column width=\u00bb1\/2&#8243;]\n\t\t\t\t<p class=\"rs-p-wp-fix\"><\/p>\n\t\t\t\t<sr7-module data-alias=\"slider-3\" data-id=\"11\" id=\"SR7_11_1\" class=\"rs-ov-hidden\" data-version=\"6.7.29\">\n\t\t\t\t\t<sr7-adjuster><\/sr7-adjuster>\n\t\t\t\t\t<sr7-content>\n\t\t\t\t\t\t<sr7-slide id=\"SR7_11_1-21\" data-key=\"21\">\n\t\t\t\t\t\t<\/sr7-slide>\n\t\t\t\t\t\t<sr7-slide id=\"SR7_11_1-23\" data-key=\"23\">\n\t\t\t\t\t\t<\/sr7-slide>\n\t\t\t\t\t\t<sr7-slide id=\"SR7_11_1-25\" data-key=\"25\">\n\t\t\t\t\t\t<\/sr7-slide>\n\t\t\t\t\t\t<sr7-slide id=\"SR7_11_1-26\" data-key=\"26\">\n\t\t\t\t\t\t<\/sr7-slide>\n\t\t\t\t\t\t<sr7-slide id=\"SR7_11_1-27\" data-key=\"27\">\n\t\t\t\t\t\t<\/sr7-slide>\n\t\t\t\t\t\t<sr7-slide id=\"SR7_11_1-22\" data-key=\"22\">\n\t\t\t\t\t\t<\/sr7-slide>\n\t\t\t\t\t<\/sr7-content>\n\t\t\t\t<\/sr7-module>\n\t\t\t\t<script>\n\t\t\t\t\tSR7.PMH ??={}; SR7.PMH[\"SR7_11_1\"] = {cn:100,state:false,fn: function() { if (_tpt!==undefined && _tpt.prepareModuleHeight !== undefined) {  _tpt.prepareModuleHeight({id:\"SR7_11_1\",el:[500,500,768,960,720],type:'standard',shdw:'0',gh:[500,500,500,500,480],gw:[500,500,500,500,480],vpt:['-100px'],size:{fullWidth:false, fullHeight:false},mh:'0',onh:0,onw:0,bg:{color:'{\"orig\":\"transparent\",\"type\":\"solid\",\"string\":\"transparent\"}'}});   SR7.PMH[\"SR7_11_1\"].state=true;} else if(SR7.PMH[\"SR7_11_1\"].cn-->0)\tsetTimeout( SR7.PMH[\"SR7_11_1\"].fn,19);}};SR7.PMH[\"SR7_11_1\" ].fn();\n\t\t\t\t<\/script>\n[\/vc_column][\/vc_row][vc_row css=\u00bb.vc_custom_1749684986716{border-bottom-width: 60px !important;padding-bottom: 60px !important;}\u00bb][vc_column][vc_column_text css=\u00bb\u00bb]<style id=\"wp_carousel_dynamic_css2818\">#sp-wp-carousel-free-id-2818 .wpcp-swiper-dots {margin: 40px 0px 0px 0px;}.wpcp-wrapper-2818 .swiper-wrapper .swiper-slide-kenburn, .wpcp-wrapper-2818 .swiper-wrapper, .wpcp-wrapper-2818 .wpcpro-row{align-items: center;}#sp-wp-carousel-free-id-2818 .wpcp-single-item {box-shadow: 0px 0px 0px 0px #dddddd;transition: all .3s;margin: 0px;}#sp-wp-carousel-free-id-2818.swiper-flip .wpcp-single-item{margin: 0!important;}#sp-wp-carousel-free-id-2818 .wpcp-single-item:hover {box-shadow: 0px 0px 0px 0px #dddddd;}#sp-wp-carousel-free-id-2818.sp-wpcp-2818 .wpcp-single-item {border: 1px none #dddddd;}#sp-wp-carousel-free-id-2818.sp-wpcp-2818 .swiper-button-prev,#sp-wp-carousel-free-id-2818.sp-wpcp-2818 .swiper-button-next,#sp-wp-carousel-free-id-2818.sp-wpcp-2818 .swiper-button-prev:hover,#sp-wp-carousel-free-id-2818.sp-wpcp-2818 .swiper-button-next:hover {background: none;border: none;font-size: 30px;}#sp-wp-carousel-free-id-2818.sp-wpcp-2818 .swiper-button-prev i,#sp-wp-carousel-free-id-2818.sp-wpcp-2818 .swiper-button-next i {color: #aaa;}#sp-wp-carousel-free-id-2818.sp-wpcp-2818 .swiper-button-prev i:hover,#sp-wp-carousel-free-id-2818.sp-wpcp-2818 .swiper-button-next i:hover {color: #178087;} #sp-wp-carousel-free-id-2818.sp-wpcp-2818.wpcp-image-carousel .wpcp-single-item:hover img, #sp-wp-carousel-free-id-2818.sp-wpcp-2818.wpcp-post-carousel .wpcp-single-item:hover img, #sp-wp-carousel-free-id-2818.sp-wpcp-2818.wpcp-product-carousel .wpcp-single-item:hover img{-webkit-transform: scale(1.2);-moz-transform: scale(1.2);transform: scale(1.2);}#sp-wp-carousel-free-id-2818 .wpcpro-row>[class*=\"wpcpro-col-\"] { padding: 0 10px; padding-bottom: 20px;} #sp-wp-carousel-free-id-2818 .swiper-slide .single-item-fade:not(:last-child) { margin-right: 20px;}@media (min-width: 480px) { .wpcpro-row .wpcpro-col-sm-1 { flex: 0 0 100%; max-width: 100%; } .wpcpro-row .wpcpro-col-sm-2 { flex: 0 0 50%; max-width: 50%; } .wpcpro-row .wpcpro-col-sm-2-5 { flex: 0 0 75%; max-width: 75%; } .wpcpro-row .wpcpro-col-sm-3 { flex: 0 0 33.333%; max-width: 33.333%; } .wpcpro-row .wpcpro-col-sm-4 { flex: 0 0 25%; max-width: 25%; } .wpcpro-row .wpcpro-col-sm-5 { flex: 0 0 20%; max-width: 20%; } .wpcpro-row .wpcpro-col-sm-6 { flex: 0 0 16.66666666666667%; max-width: 16.66666666666667%; } .wpcpro-row .wpcpro-col-sm-7 { flex: 0 0 14.28571428%; max-width: 14.28571428%; } .wpcpro-row .wpcpro-col-sm-8 { flex: 0 0 12.5%; max-width: 12.5%; } } @media (max-width: 480px) { .wpcpro-row .wpcpro-col-xs-1 { flex: 0 0 100%; max-width: 100%; } .wpcpro-row .wpcpro-col-xs-2 { flex: 0 0 50%; max-width: 50%; } .wpcpro-row .wpcpro-col-xs-3 { flex: 0 0 33.222%; max-width: 33.222%; } .wpcpro-row .wpcpro-col-xs-4 { flex: 0 0 25%; max-width: 25%; } .wpcpro-row .wpcpro-col-xs-5 { flex: 0 0 20%; max-width: 20%; } .wpcpro-row .wpcpro-col-xs-6 { flex: 0 0 16.6667%; max-width: 16.6667%; } .wpcpro-row .wpcpro-col-xs-7 { flex: 0 0 14.28571428%; max-width: 14.28571428%; } .wpcpro-row .wpcpro-col-xs-8 { flex: 0 0 12.5%; max-width: 12.5%; } } @media (min-width: 736px) { .wpcpro-row .wpcpro-col-md-1 { flex: 0 0 100%; max-width: 100%; } .wpcpro-row .wpcpro-col-md-2 { flex: 0 0 50%; max-width: 50%; } .wpcpro-row .wpcpro-col-md-2-5 { flex: 0 0 75%; max-width: 75%; } .wpcpro-row .wpcpro-col-md-3 { flex: 0 0 33.333%; max-width: 33.333%; } .wpcpro-row .wpcpro-col-md-4 { flex: 0 0 25%; max-width: 25%; } .wpcpro-row .wpcpro-col-md-5 { flex: 0 0 20%; max-width: 20%; } .wpcpro-row .wpcpro-col-md-6 { flex: 0 0 16.66666666666667%; max-width: 16.66666666666667%; } .wpcpro-row .wpcpro-col-md-7 { flex: 0 0 14.28571428%; max-width: 14.28571428%; } .wpcpro-row .wpcpro-col-md-8 { flex: 0 0 12.5%; max-width: 12.5%; } } @media (min-width: 980px) { .wpcpro-row .wpcpro-col-lg-1 { flex: 0 0 100%; max-width: 100%; } .wpcpro-row .wpcpro-col-lg-2 { flex: 0 0 50%; max-width: 50%; } .wpcpro-row .wpcpro-col-lg-3 { flex: 0 0 33.222%; max-width: 33.222%; } .wpcpro-row .wpcpro-col-lg-4 { flex: 0 0 25%; max-width: 25%; } .wpcpro-row .wpcpro-col-lg-5 { flex: 0 0 20%; max-width: 20%; } .wpcpro-row .wpcpro-col-lg-6 { flex: 0 0 16.6667%; max-width: 16.6667%; } .wpcpro-row .wpcpro-col-lg-7 { flex: 0 0 14.28571428%; max-width: 14.28571428%; } .wpcpro-row .wpcpro-col-lg-8 { flex: 0 0 12.5%; max-width: 12.5%; } } @media (min-width: 1200px) { .wpcpro-row .wpcpro-col-xl-1 { flex: 0 0 100%; max-width: 100%; } .wpcpro-row .wpcpro-col-xl-2 { flex: 0 0 50%; max-width: 50%; } .wpcpro-row .wpcpro-col-xl-3 { flex: 0 0 33.22222222%; max-width: 33.22222222%; } .wpcpro-row .wpcpro-col-xl-4 { flex: 0 0 25%; max-width: 25%; } .wpcpro-row .wpcpro-col-xl-5 { flex: 0 0 20%; max-width: 20%; } .wpcpro-row .wpcpro-col-xl-6 { flex: 0 0 16.66667%; max-width: 16.66667%; } .wpcpro-row .wpcpro-col-xl-7 { flex: 0 0 14.28571428%; max-width: 14.28571428%; } .wpcpro-row .wpcpro-col-xl-8 { flex: 0 0 12.5%; max-width: 12.5%; } }<\/style><div class=\"wpcp-carousel-wrapper wpcp-wrapper-2818\">\n\t<div id=\"wpcp-preloader-2818\" class=\"wpcp-carousel-preloader\"><img decoding=\"async\" src=\"https:\/\/portofinocaribe.com\/wp-content\/plugins\/wp-carousel-free\/public\/css\/spinner.svg\" alt=\"Preloader Image\" \/><\/div>\t<div class=\"wpcp-carousel-content-wrapper\">\n\t<div id=\"sp-wp-carousel-free-id-2818\" class=\"wpcp-carousel-section sp-wpcp-2818  nav-vertical-center wpcp-image-carousel wpcp-preloader wpcp-standard\" data-swiper='{ &quot;accessibility&quot;:true, &quot;spaceBetween&quot;:20, &quot;arrows&quot;:true, &quot;freeMode&quot;: false, &quot;autoplay&quot;:true, &quot;effect&quot;: &quot;&quot;, &quot;centerMode&quot;: false, &quot;autoplaySpeed&quot;:3000, &quot;dots&quot;:false, &quot;infinite&quot;:true, &quot;speed&quot;:600, &quot;pauseOnHover&quot;:true,\n\t\t\t&quot;slidesToShow&quot;:{&quot;lg_desktop&quot;:5, &quot;desktop&quot;: 4, &quot;laptop&quot;: 3, &quot;tablet&quot;: 2, &quot;mobile&quot;: 1}, &quot;responsive&quot;:{&quot;desktop&quot;:1200, &quot;laptop&quot;: 980, &quot;tablet&quot;: 736, &quot;mobile&quot;: 480}, &quot;rtl&quot;:false, &quot;lazyLoad&quot;: &quot;false&quot;, &quot;swipe&quot;: true, &quot;draggable&quot;: true, &quot;swipeToSlide&quot;:false }' dir=\"ltr\">\n\t\t<div class=\"swiper-wrapper\">\n\t\t<div class=\"swiper-slide\">\n\t<div class=\"wpcp-single-item\">\n\t\t\t<a class=\"wcp-light-box\" data-buttons='[\"close\"]' data-wpc_url='https:\/\/portofinocaribe.com\/wp-content\/uploads\/2025\/08\/PLANTILLA-FOTOS-GALERIA-1-8.webp' href=\"https:\/\/portofinocaribe.com\/wp-content\/uploads\/2025\/08\/PLANTILLA-FOTOS-GALERIA-1-8.webp\" data-fancybox=\"wpcp_view\">\n\t\t<figure>\n\t\t\t<img loading=\"lazy\" decoding=\"async\" class=\"skip-lazy\" src=\"https:\/\/portofinocaribe.com\/wp-content\/uploads\/2025\/08\/PLANTILLA-FOTOS-GALERIA-1-8.webp\" alt=\"TOUR BAH\u00cdA CARTAGENA BAILARINES\" width=\"960\" height=\"1280\">\t\t<\/figure>\n\t<\/a>\n\t\t<\/div>\n<\/div>\n\t<div class=\"swiper-slide\">\n\t<div class=\"wpcp-single-item\">\n\t\t\t<a class=\"wcp-light-box\" data-buttons='[\"close\"]' data-wpc_url='https:\/\/portofinocaribe.com\/wp-content\/uploads\/2026\/01\/PLANTILLA-FOTOS-GALERIA-4.webp' href=\"https:\/\/portofinocaribe.com\/wp-content\/uploads\/2026\/01\/PLANTILLA-FOTOS-GALERIA-4.webp\" data-fancybox=\"wpcp_view\">\n\t\t<figure>\n\t\t\t<img loading=\"lazy\" decoding=\"async\" class=\"skip-lazy\" src=\"https:\/\/portofinocaribe.com\/wp-content\/uploads\/2026\/01\/PLANTILLA-FOTOS-GALERIA-4.webp\" alt=\"TOUR BAH\u00cdA CARTAGENA BAILARINES\" width=\"960\" height=\"1280\">\t\t<\/figure>\n\t<\/a>\n\t\t<\/div>\n<\/div>\n\t<div class=\"swiper-slide\">\n\t<div class=\"wpcp-single-item\">\n\t\t\t<a class=\"wcp-light-box\" data-buttons='[\"close\"]' data-wpc_url='https:\/\/portofinocaribe.com\/wp-content\/uploads\/2025\/06\/Tamano-fotos-productos-2.webp' href=\"https:\/\/portofinocaribe.com\/wp-content\/uploads\/2025\/06\/Tamano-fotos-productos-2.webp\" data-fancybox=\"wpcp_view\">\n\t\t<figure>\n\t\t\t<img loading=\"lazy\" decoding=\"async\" class=\"skip-lazy\" src=\"https:\/\/portofinocaribe.com\/wp-content\/uploads\/2025\/06\/Tamano-fotos-productos-2.webp\" alt=\"BARCO BEQUIA EAGLE CARTAGENA\" width=\"960\" height=\"1280\">\t\t<\/figure>\n\t<\/a>\n\t\t<\/div>\n<\/div>\n\t<div class=\"swiper-slide\">\n\t<div class=\"wpcp-single-item\">\n\t\t\t<a class=\"wcp-light-box\" data-buttons='[\"close\"]' data-wpc_url='https:\/\/portofinocaribe.com\/wp-content\/uploads\/2026\/01\/1-2.webp' href=\"https:\/\/portofinocaribe.com\/wp-content\/uploads\/2026\/01\/1-2.webp\" data-fancybox=\"wpcp_view\">\n\t\t<figure>\n\t\t\t<img loading=\"lazy\" decoding=\"async\" class=\"skip-lazy\" src=\"https:\/\/portofinocaribe.com\/wp-content\/uploads\/2026\/01\/1-2.webp\" alt=\"ANIMADOR TOUR BAH\u00cdA CARTAGENA\" width=\"960\" height=\"1280\">\t\t<\/figure>\n\t<\/a>\n\t\t<\/div>\n<\/div>\n\t<div class=\"swiper-slide\">\n\t<div class=\"wpcp-single-item\">\n\t\t\t<a class=\"wcp-light-box\" data-buttons='[\"close\"]' data-wpc_url='https:\/\/portofinocaribe.com\/wp-content\/uploads\/2026\/01\/PLANTILLA-FOTOS-GALERIA-5.webp' href=\"https:\/\/portofinocaribe.com\/wp-content\/uploads\/2026\/01\/PLANTILLA-FOTOS-GALERIA-5.webp\" data-fancybox=\"wpcp_view\">\n\t\t<figure>\n\t\t\t<img loading=\"lazy\" decoding=\"async\" class=\"skip-lazy\" src=\"https:\/\/portofinocaribe.com\/wp-content\/uploads\/2026\/01\/PLANTILLA-FOTOS-GALERIA-5.webp\" alt=\"BEBIDAS BEQUIA EAGLE\" width=\"960\" height=\"1280\">\t\t<\/figure>\n\t<\/a>\n\t\t<\/div>\n<\/div>\n\t<div class=\"swiper-slide\">\n\t<div class=\"wpcp-single-item\">\n\t\t\t<a class=\"wcp-light-box\" data-buttons='[\"close\"]' data-wpc_url='https:\/\/portofinocaribe.com\/wp-content\/uploads\/2026\/01\/4-2.webp' href=\"https:\/\/portofinocaribe.com\/wp-content\/uploads\/2026\/01\/4-2.webp\" data-fancybox=\"wpcp_view\">\n\t\t<figure>\n\t\t\t<img loading=\"lazy\" decoding=\"async\" class=\"skip-lazy\" src=\"https:\/\/portofinocaribe.com\/wp-content\/uploads\/2026\/01\/4-2.webp\" alt=\"PERSONAL A&amp;B BEQUIA EAGLE\" width=\"960\" height=\"1280\">\t\t<\/figure>\n\t<\/a>\n\t\t<\/div>\n<\/div>\n\t<div class=\"swiper-slide\">\n\t<div class=\"wpcp-single-item\">\n\t\t\t<a class=\"wcp-light-box\" data-buttons='[\"close\"]' data-wpc_url='https:\/\/portofinocaribe.com\/wp-content\/uploads\/2025\/09\/PLANTILLA-FOTOS-GALERIA-2-1.webp' href=\"https:\/\/portofinocaribe.com\/wp-content\/uploads\/2025\/09\/PLANTILLA-FOTOS-GALERIA-2-1.webp\" data-fancybox=\"wpcp_view\">\n\t\t<figure>\n\t\t\t<img loading=\"lazy\" decoding=\"async\" class=\"skip-lazy\" src=\"https:\/\/portofinocaribe.com\/wp-content\/uploads\/2025\/09\/PLANTILLA-FOTOS-GALERIA-2-1.webp\" alt=\"NOCHE BLANCA CTG CLIENTES\" width=\"960\" height=\"1280\">\t\t<\/figure>\n\t<\/a>\n\t\t<\/div>\n<\/div>\n\t<div class=\"swiper-slide\">\n\t<div class=\"wpcp-single-item\">\n\t\t\t<a class=\"wcp-light-box\" data-buttons='[\"close\"]' data-wpc_url='https:\/\/portofinocaribe.com\/wp-content\/uploads\/2025\/06\/Tamano-fotos-productos-5.webp' href=\"https:\/\/portofinocaribe.com\/wp-content\/uploads\/2025\/06\/Tamano-fotos-productos-5.webp\" data-fancybox=\"wpcp_view\">\n\t\t<figure>\n\t\t\t<img loading=\"lazy\" decoding=\"async\" class=\"skip-lazy\" src=\"https:\/\/portofinocaribe.com\/wp-content\/uploads\/2025\/06\/Tamano-fotos-productos-5.webp\" alt=\"CHIVA LA REMILGOSA CARTAGENA\" width=\"960\" height=\"1280\">\t\t<\/figure>\n\t<\/a>\n\t\t<\/div>\n<\/div>\n\t<div class=\"swiper-slide\">\n\t<div class=\"wpcp-single-item\">\n\t\t\t<a class=\"wcp-light-box\" data-buttons='[\"close\"]' data-wpc_url='https:\/\/portofinocaribe.com\/wp-content\/uploads\/2025\/09\/PLANTILLA-FOTOS-GALERIA-1-1.webp' href=\"https:\/\/portofinocaribe.com\/wp-content\/uploads\/2025\/09\/PLANTILLA-FOTOS-GALERIA-1-1.webp\" data-fancybox=\"wpcp_view\">\n\t\t<figure>\n\t\t\t<img loading=\"lazy\" decoding=\"async\" class=\"skip-lazy\" src=\"https:\/\/portofinocaribe.com\/wp-content\/uploads\/2025\/09\/PLANTILLA-FOTOS-GALERIA-1-1.webp\" alt=\"CITY TOUR PANOR\u00c1MICO EN CHIVA\" width=\"960\" height=\"1280\">\t\t<\/figure>\n\t<\/a>\n\t\t<\/div>\n<\/div>\n\t<div class=\"swiper-slide\">\n\t<div class=\"wpcp-single-item\">\n\t\t\t<a class=\"wcp-light-box\" data-buttons='[\"close\"]' data-wpc_url='https:\/\/portofinocaribe.com\/wp-content\/uploads\/2025\/09\/PLANTILLA-FOTOS-GALERIA-6.webp' href=\"https:\/\/portofinocaribe.com\/wp-content\/uploads\/2025\/09\/PLANTILLA-FOTOS-GALERIA-6.webp\" data-fancybox=\"wpcp_view\">\n\t\t<figure>\n\t\t\t<img loading=\"lazy\" decoding=\"async\" class=\"skip-lazy\" src=\"https:\/\/portofinocaribe.com\/wp-content\/uploads\/2025\/09\/PLANTILLA-FOTOS-GALERIA-6.webp\" alt=\"CHIVA LA REMILGOSA CARTAGENA\" width=\"960\" height=\"1280\">\t\t<\/figure>\n\t<\/a>\n\t\t<\/div>\n<\/div>\n\t<div class=\"swiper-slide\">\n\t<div class=\"wpcp-single-item\">\n\t\t\t<a class=\"wcp-light-box\" data-buttons='[\"close\"]' data-wpc_url='https:\/\/portofinocaribe.com\/wp-content\/uploads\/2026\/01\/3-2.webp' href=\"https:\/\/portofinocaribe.com\/wp-content\/uploads\/2026\/01\/3-2.webp\" data-fancybox=\"wpcp_view\">\n\t\t<figure>\n\t\t\t<img loading=\"lazy\" decoding=\"async\" class=\"skip-lazy\" src=\"https:\/\/portofinocaribe.com\/wp-content\/uploads\/2026\/01\/3-2.webp\" alt=\"DJ TOUR BAH\u00cdA BEQUIA EAGLE\" width=\"960\" height=\"1280\">\t\t<\/figure>\n\t<\/a>\n\t\t<\/div>\n<\/div>\n\t<div class=\"swiper-slide\">\n\t<div class=\"wpcp-single-item\">\n\t\t\t<a class=\"wcp-light-box\" data-buttons='[\"close\"]' data-wpc_url='https:\/\/portofinocaribe.com\/wp-content\/uploads\/2025\/06\/Tamano-fotos-productos.webp' href=\"https:\/\/portofinocaribe.com\/wp-content\/uploads\/2025\/06\/Tamano-fotos-productos.webp\" data-fancybox=\"wpcp_view\">\n\t\t<figure>\n\t\t\t<img loading=\"lazy\" decoding=\"async\" class=\"skip-lazy\" src=\"https:\/\/portofinocaribe.com\/wp-content\/uploads\/2025\/06\/Tamano-fotos-productos.webp\" alt=\"BOTE DEPORTIVO EN CARTAGENA\" width=\"960\" height=\"1280\">\t\t<\/figure>\n\t<\/a>\n\t\t<\/div>\n<\/div>\n\t<div class=\"swiper-slide\">\n\t<div class=\"wpcp-single-item\">\n\t\t\t<a class=\"wcp-light-box\" data-buttons='[\"close\"]' data-wpc_url='https:\/\/portofinocaribe.com\/wp-content\/uploads\/2026\/01\/PLANTILLA-FOTOS-GALERIA-3.webp' href=\"https:\/\/portofinocaribe.com\/wp-content\/uploads\/2026\/01\/PLANTILLA-FOTOS-GALERIA-3.webp\" data-fancybox=\"wpcp_view\">\n\t\t<figure>\n\t\t\t<img loading=\"lazy\" decoding=\"async\" class=\"skip-lazy\" src=\"https:\/\/portofinocaribe.com\/wp-content\/uploads\/2026\/01\/PLANTILLA-FOTOS-GALERIA-3.webp\" alt=\"TOUR BAH\u00cdA CARTAGENA BAILARINES\" width=\"960\" height=\"1280\">\t\t<\/figure>\n\t<\/a>\n\t\t<\/div>\n<\/div>\n\t<div class=\"swiper-slide\">\n\t<div class=\"wpcp-single-item\">\n\t\t\t<a class=\"wcp-light-box\" data-buttons='[\"close\"]' data-wpc_url='https:\/\/portofinocaribe.com\/wp-content\/uploads\/2026\/01\/2-3.webp' href=\"https:\/\/portofinocaribe.com\/wp-content\/uploads\/2026\/01\/2-3.webp\" data-fancybox=\"wpcp_view\">\n\t\t<figure>\n\t\t\t<img loading=\"lazy\" decoding=\"async\" class=\"skip-lazy\" src=\"https:\/\/portofinocaribe.com\/wp-content\/uploads\/2026\/01\/2-3.webp\" alt=\"SERVICIO DE TRANSPORTE EN BUS CARTAGENA\" width=\"960\" height=\"1280\">\t\t<\/figure>\n\t<\/a>\n\t\t<\/div>\n<\/div>\n\t<div class=\"swiper-slide\">\n\t<div class=\"wpcp-single-item\">\n\t\t\t<a class=\"wcp-light-box\" data-buttons='[\"close\"]' data-wpc_url='https:\/\/portofinocaribe.com\/wp-content\/uploads\/2026\/01\/2-2.webp' href=\"https:\/\/portofinocaribe.com\/wp-content\/uploads\/2026\/01\/2-2.webp\" data-fancybox=\"wpcp_view\">\n\t\t<figure>\n\t\t\t<img loading=\"lazy\" decoding=\"async\" class=\"skip-lazy\" src=\"https:\/\/portofinocaribe.com\/wp-content\/uploads\/2026\/01\/2-2.webp\" alt=\"PERSONAL BEQUIA EAGLE\" width=\"960\" height=\"1280\">\t\t<\/figure>\n\t<\/a>\n\t\t<\/div>\n<\/div>\n\t<div class=\"swiper-slide\">\n\t<div class=\"wpcp-single-item\">\n\t\t\t<a class=\"wcp-light-box\" data-buttons='[\"close\"]' data-wpc_url='https:\/\/portofinocaribe.com\/wp-content\/uploads\/2026\/01\/1-3.webp' href=\"https:\/\/portofinocaribe.com\/wp-content\/uploads\/2026\/01\/1-3.webp\" data-fancybox=\"wpcp_view\">\n\t\t<figure>\n\t\t\t<img loading=\"lazy\" decoding=\"async\" class=\"skip-lazy\" src=\"https:\/\/portofinocaribe.com\/wp-content\/uploads\/2026\/01\/1-3.webp\" alt=\"SERVICIO DE TRANSPORTE EN VANS CARTAGENA\" width=\"960\" height=\"1280\">\t\t<\/figure>\n\t<\/a>\n\t\t<\/div>\n<\/div>\n\t\t\t<\/div>\n\t\t\t\t<!-- If we need navigation buttons -->\n\t\t\t\t\t<div class=\"wpcp-prev-button swiper-button-prev\"><i class=\"fa fa-angle-left\"><\/i><\/div>\n\t\t\t<div class=\"wpcp-next-button swiper-button-next\"><i class=\"fa fa-angle-right\"><\/i><\/div>\n\t\t\t<\/div>\n\t<\/div>\n<\/div>\n[\/vc_column_text][\/vc_column][\/vc_row]<\/p>\n<\/div>","protected":false},"excerpt":{"rendered":"<p>[vc_row content_placement=\u00bbmiddle\u00bb css=\u00bb.vc_custom_1749685055090{padding-bottom: 15px !important;}\u00bb][vc_column width=\u00bb1\/2&#8243;][vc_column_text css=\u00bb\u00bb] Explora Cartagena, vive su historia y siente el Caribe. Localizados en Cartagena de Indias, entre el mar y las brisas caribe\u00f1as nace Gesti\u00f3n Tur\u00edstica, con el prop\u00f3sito de hacerte sentir conectado con la esencia de la costa, su alegr\u00eda, sabor y energ\u00eda. Con el barco \u00abBequia Eagle\u00bb como<\/p>\n<div class=\"padding-top text-center\"><a href=\"https:\/\/portofinocaribe.com\/index.php\/gestion-turistica-cartagena\/\" class=\"atbtn atbtn--medium atbtn--rounded atbtn--transparent\">Read more<i class=\"atbtn__icon atbtn__icon--right fa fa-long-arrow-right\"><\/i><\/a><\/div>\n","protected":false},"author":1,"featured_media":0,"parent":0,"menu_order":0,"comment_status":"closed","ping_status":"closed","template":"","meta":{"footnotes":""},"class_list":["post-308","page","type-page","status-publish","hentry"],"_links":{"self":[{"href":"https:\/\/portofinocaribe.com\/index.php\/wp-json\/wp\/v2\/pages\/308","targetHints":{"allow":["GET"]}}],"collection":[{"href":"https:\/\/portofinocaribe.com\/index.php\/wp-json\/wp\/v2\/pages"}],"about":[{"href":"https:\/\/portofinocaribe.com\/index.php\/wp-json\/wp\/v2\/types\/page"}],"author":[{"embeddable":true,"href":"https:\/\/portofinocaribe.com\/index.php\/wp-json\/wp\/v2\/users\/1"}],"replies":[{"embeddable":true,"href":"https:\/\/portofinocaribe.com\/index.php\/wp-json\/wp\/v2\/comments?post=308"}],"version-history":[{"count":27,"href":"https:\/\/portofinocaribe.com\/index.php\/wp-json\/wp\/v2\/pages\/308\/revisions"}],"predecessor-version":[{"id":7831,"href":"https:\/\/portofinocaribe.com\/index.php\/wp-json\/wp\/v2\/pages\/308\/revisions\/7831"}],"wp:attachment":[{"href":"https:\/\/portofinocaribe.com\/index.php\/wp-json\/wp\/v2\/media?parent=308"}],"curies":[{"name":"wp","href":"https:\/\/api.w.org\/{rel}","templated":true}]}}