{"id":427,"date":"2025-04-14T13:41:54","date_gmt":"2025-04-14T13:41:54","guid":{"rendered":"https:\/\/pruebas.portofinocaribe.com\/?page_id=427"},"modified":"2025-10-09T09:23:19","modified_gmt":"2025-10-09T14:23:19","slug":"masally-ocean-lounge","status":"publish","type":"page","link":"https:\/\/portofinocaribe.com\/index.php\/masally-ocean-lounge\/","title":{"rendered":"Massally Ocean Lounge"},"content":{"rendered":"<div class=\"wpb-content-wrapper\"><p>[vc_row content_placement=\u00bbmiddle\u00bb][vc_column width=\u00bb1\/2&#8243;][vc_column_text css=\u00bb\u00bb]<\/p>\n<p style=\"text-align: left;\"><strong>Un d\u00eda de sol, mar y descanso te espera en Massally<\/strong><\/p>\n<p style=\"text-align: left;\">En la tranquila Ensenada del Cove, frente a la emblem\u00e1tica escuela de buceo San Andr\u00e9s Divers, Massally Ocean Lounge te invita a desconectarte con una vista insuperable del mar.<\/p>\n<p style=\"text-align: left;\">Massally te ofrece m\u00e1s que un simple pasad\u00eda, nuestro espacio combina lo mejor de un restaurante gourmet, un bar especializado en cocteler\u00eda, y una piscina natural de agua salada \u00fanica en su clase, con boyado y flotadores gigantes para tu total descanso y disfrute. Adem\u00e1s, tu seguridad est\u00e1 en manos expertas: contamos con salvavidas certificados que estar\u00e1n siempre atentos a brindarte apoyo.<\/p>\n<p>Cada tarde podr\u00e1s disfrutar de un colorido atardecer, perfecto para una cena rom\u00e1ntica, una celebraci\u00f3n especial o una boda inolvidable con nuestros servicios exclusivos.<\/p>\n<p><strong>\u00a1Ven, sum\u00e9rgete en el para\u00edso y d\u00e9jate conquistar por el encanto sinigual de Massaly Ocean Lounge!<\/strong>[\/vc_column_text][\/vc_column][vc_column width=\u00bb1\/2&#8243;]\n\t\t\t\t<p class=\"rs-p-wp-fix\"><\/p>\n\t\t\t\t<sr7-module data-alias=\"san-andres-drivers-video-galery-4-1\" data-id=\"19\" id=\"SR7_19_1\" class=\"rs-ov-hidden\" data-version=\"6.7.29\">\n\t\t\t\t\t<sr7-adjuster><\/sr7-adjuster>\n\t\t\t\t\t<sr7-content>\n\t\t\t\t\t\t<sr7-slide id=\"SR7_19_1-61\" data-key=\"61\">\n\t\t\t\t\t\t<\/sr7-slide>\n\t\t\t\t\t\t<sr7-slide id=\"SR7_19_1-62\" data-key=\"62\">\n\t\t\t\t\t\t<\/sr7-slide>\n\t\t\t\t\t\t<sr7-slide id=\"SR7_19_1-63\" data-key=\"63\">\n\t\t\t\t\t\t<\/sr7-slide>\n\t\t\t\t\t\t<sr7-slide id=\"SR7_19_1-64\" data-key=\"64\">\n\t\t\t\t\t\t<\/sr7-slide>\n\t\t\t\t\t\t<sr7-slide id=\"SR7_19_1-66\" data-key=\"66\">\n\t\t\t\t\t\t<\/sr7-slide>\n\t\t\t\t\t\t<sr7-slide id=\"SR7_19_1-67\" data-key=\"67\">\n\t\t\t\t\t\t<\/sr7-slide>\n\t\t\t\t\t\t<sr7-slide id=\"SR7_19_1-68\" data-key=\"68\">\n\t\t\t\t\t\t<\/sr7-slide>\n\t\t\t\t\t\t<sr7-slide id=\"SR7_19_1-69\" data-key=\"69\">\n\t\t\t\t\t\t<\/sr7-slide>\n\t\t\t\t\t\t<sr7-slide id=\"SR7_19_1-70\" data-key=\"70\">\n\t\t\t\t\t\t<\/sr7-slide>\n\t\t\t\t\t\t<sr7-slide id=\"SR7_19_1-71\" data-key=\"71\">\n\t\t\t\t\t\t<\/sr7-slide>\n\t\t\t\t\t\t<sr7-slide id=\"SR7_19_1-72\" data-key=\"72\">\n\t\t\t\t\t\t<\/sr7-slide>\n\t\t\t\t\t\t<sr7-slide id=\"SR7_19_1-73\" data-key=\"73\">\n\t\t\t\t\t\t<\/sr7-slide>\n\t\t\t\t\t\t<sr7-slide id=\"SR7_19_1-74\" data-key=\"74\">\n\t\t\t\t\t\t<\/sr7-slide>\n\t\t\t\t\t\t<sr7-slide id=\"SR7_19_1-75\" data-key=\"75\">\n\t\t\t\t\t\t<\/sr7-slide>\n\t\t\t\t\t\t<sr7-slide id=\"SR7_19_1-77\" data-key=\"77\">\n\t\t\t\t\t\t<\/sr7-slide>\n\t\t\t\t\t\t<sr7-slide id=\"SR7_19_1-78\" data-key=\"78\">\n\t\t\t\t\t\t<\/sr7-slide>\n\t\t\t\t\t\t<sr7-slide id=\"SR7_19_1-79\" data-key=\"79\">\n\t\t\t\t\t\t<\/sr7-slide>\n\t\t\t\t\t\t<sr7-slide id=\"SR7_19_1-65\" data-key=\"65\">\n\t\t\t\t\t\t<\/sr7-slide>\n\t\t\t\t\t<\/sr7-content>\n\t\t\t\t<\/sr7-module>\n\t\t\t\t<script>\n\t\t\t\t\tSR7.PMH ??={}; SR7.PMH[\"SR7_19_1\"] = {cn:100,state:false,fn: function() { if (_tpt!==undefined && _tpt.prepareModuleHeight !== undefined) {  _tpt.prepareModuleHeight({id:\"SR7_19_1\",el:[500,500,768,960,720],type:'standard',shdw:'0',gh:[500,500,500,500,480],gw:[500,500,500,500,480],vpt:['-100px'],size:{fullWidth:false, fullHeight:false},mh:'0',onh:0,onw:0,bg:{color:'{\"orig\":\"transparent\",\"type\":\"solid\",\"string\":\"transparent\"}'}});   SR7.PMH[\"SR7_19_1\"].state=true;} else if(SR7.PMH[\"SR7_19_1\"].cn-->0)\tsetTimeout( SR7.PMH[\"SR7_19_1\"].fn,19);}};SR7.PMH[\"SR7_19_1\" ].fn();\n\t\t\t\t<\/script>\n[\/vc_column][\/vc_row][vc_row content_placement=\u00bbmiddle\u00bb css=\u00bb.vc_custom_1747859337902{margin-top: 20px !important;margin-bottom: 60px !important;}\u00bb][vc_column][vc_column_text css=\u00bb\u00bb]<style id=\"wp_carousel_dynamic_css2009\">#sp-wp-carousel-free-id-2009 .wpcp-swiper-dots {margin: 40px 0px 0px 0px;}.wpcp-wrapper-2009 .swiper-wrapper .swiper-slide-kenburn, .wpcp-wrapper-2009 .swiper-wrapper, .wpcp-wrapper-2009 .wpcpro-row{align-items: center;}#sp-wp-carousel-free-id-2009 .wpcp-single-item {box-shadow: 0px 0px 0px 0px #dddddd;transition: all .3s;margin: 0px;}#sp-wp-carousel-free-id-2009.swiper-flip .wpcp-single-item{margin: 0!important;}#sp-wp-carousel-free-id-2009 .wpcp-single-item:hover {box-shadow: 0px 0px 0px 0px #dddddd;}#sp-wp-carousel-free-id-2009.sp-wpcp-2009 .wpcp-single-item {border: 1px none #dddddd;}#sp-wp-carousel-free-id-2009.sp-wpcp-2009 .swiper-button-prev,#sp-wp-carousel-free-id-2009.sp-wpcp-2009 .swiper-button-next,#sp-wp-carousel-free-id-2009.sp-wpcp-2009 .swiper-button-prev:hover,#sp-wp-carousel-free-id-2009.sp-wpcp-2009 .swiper-button-next:hover {background: none;border: none;font-size: 30px;}#sp-wp-carousel-free-id-2009.sp-wpcp-2009 .swiper-button-prev i,#sp-wp-carousel-free-id-2009.sp-wpcp-2009 .swiper-button-next i {color: #aaa;}#sp-wp-carousel-free-id-2009.sp-wpcp-2009 .swiper-button-prev i:hover,#sp-wp-carousel-free-id-2009.sp-wpcp-2009 .swiper-button-next i:hover {color: #178087;} #sp-wp-carousel-free-id-2009.sp-wpcp-2009.wpcp-image-carousel .wpcp-single-item:hover img, #sp-wp-carousel-free-id-2009.sp-wpcp-2009.wpcp-post-carousel .wpcp-single-item:hover img, #sp-wp-carousel-free-id-2009.sp-wpcp-2009.wpcp-product-carousel .wpcp-single-item:hover img{-webkit-transform: scale(1.2);-moz-transform: scale(1.2);transform: scale(1.2);}#sp-wp-carousel-free-id-2009 .wpcpro-row>[class*=\"wpcpro-col-\"] { padding: 0 10px; padding-bottom: 20px;} #sp-wp-carousel-free-id-2009 .swiper-slide .single-item-fade:not(:last-child) { margin-right: 20px;}@media (min-width: 480px) { .wpcpro-row .wpcpro-col-sm-1 { flex: 0 0 100%; max-width: 100%; } .wpcpro-row .wpcpro-col-sm-2 { flex: 0 0 50%; max-width: 50%; } .wpcpro-row .wpcpro-col-sm-2-5 { flex: 0 0 75%; max-width: 75%; } .wpcpro-row .wpcpro-col-sm-3 { flex: 0 0 33.333%; max-width: 33.333%; } .wpcpro-row .wpcpro-col-sm-4 { flex: 0 0 25%; max-width: 25%; } .wpcpro-row .wpcpro-col-sm-5 { flex: 0 0 20%; max-width: 20%; } .wpcpro-row .wpcpro-col-sm-6 { flex: 0 0 16.66666666666667%; max-width: 16.66666666666667%; } .wpcpro-row .wpcpro-col-sm-7 { flex: 0 0 14.28571428%; max-width: 14.28571428%; } .wpcpro-row .wpcpro-col-sm-8 { flex: 0 0 12.5%; max-width: 12.5%; } } @media (max-width: 480px) { .wpcpro-row .wpcpro-col-xs-1 { flex: 0 0 100%; max-width: 100%; } .wpcpro-row .wpcpro-col-xs-2 { flex: 0 0 50%; max-width: 50%; } .wpcpro-row .wpcpro-col-xs-3 { flex: 0 0 33.222%; max-width: 33.222%; } .wpcpro-row .wpcpro-col-xs-4 { flex: 0 0 25%; max-width: 25%; } .wpcpro-row .wpcpro-col-xs-5 { flex: 0 0 20%; max-width: 20%; } .wpcpro-row .wpcpro-col-xs-6 { flex: 0 0 16.6667%; max-width: 16.6667%; } .wpcpro-row .wpcpro-col-xs-7 { flex: 0 0 14.28571428%; max-width: 14.28571428%; } .wpcpro-row .wpcpro-col-xs-8 { flex: 0 0 12.5%; max-width: 12.5%; } } @media (min-width: 736px) { .wpcpro-row .wpcpro-col-md-1 { flex: 0 0 100%; max-width: 100%; } .wpcpro-row .wpcpro-col-md-2 { flex: 0 0 50%; max-width: 50%; } .wpcpro-row .wpcpro-col-md-2-5 { flex: 0 0 75%; max-width: 75%; } .wpcpro-row .wpcpro-col-md-3 { flex: 0 0 33.333%; max-width: 33.333%; } .wpcpro-row .wpcpro-col-md-4 { flex: 0 0 25%; max-width: 25%; } .wpcpro-row .wpcpro-col-md-5 { flex: 0 0 20%; max-width: 20%; } .wpcpro-row .wpcpro-col-md-6 { flex: 0 0 16.66666666666667%; max-width: 16.66666666666667%; } .wpcpro-row .wpcpro-col-md-7 { flex: 0 0 14.28571428%; max-width: 14.28571428%; } .wpcpro-row .wpcpro-col-md-8 { flex: 0 0 12.5%; max-width: 12.5%; } } @media (min-width: 980px) { .wpcpro-row .wpcpro-col-lg-1 { flex: 0 0 100%; max-width: 100%; } .wpcpro-row .wpcpro-col-lg-2 { flex: 0 0 50%; max-width: 50%; } .wpcpro-row .wpcpro-col-lg-3 { flex: 0 0 33.222%; max-width: 33.222%; } .wpcpro-row .wpcpro-col-lg-4 { flex: 0 0 25%; max-width: 25%; } .wpcpro-row .wpcpro-col-lg-5 { flex: 0 0 20%; max-width: 20%; } .wpcpro-row .wpcpro-col-lg-6 { flex: 0 0 16.6667%; max-width: 16.6667%; } .wpcpro-row .wpcpro-col-lg-7 { flex: 0 0 14.28571428%; max-width: 14.28571428%; } .wpcpro-row .wpcpro-col-lg-8 { flex: 0 0 12.5%; max-width: 12.5%; } } @media (min-width: 1200px) { .wpcpro-row .wpcpro-col-xl-1 { flex: 0 0 100%; max-width: 100%; } .wpcpro-row .wpcpro-col-xl-2 { flex: 0 0 50%; max-width: 50%; } .wpcpro-row .wpcpro-col-xl-3 { flex: 0 0 33.22222222%; max-width: 33.22222222%; } .wpcpro-row .wpcpro-col-xl-4 { flex: 0 0 25%; max-width: 25%; } .wpcpro-row .wpcpro-col-xl-5 { flex: 0 0 20%; max-width: 20%; } .wpcpro-row .wpcpro-col-xl-6 { flex: 0 0 16.66667%; max-width: 16.66667%; } .wpcpro-row .wpcpro-col-xl-7 { flex: 0 0 14.28571428%; max-width: 14.28571428%; } .wpcpro-row .wpcpro-col-xl-8 { flex: 0 0 12.5%; max-width: 12.5%; } }<\/style><div class=\"wpcp-carousel-wrapper wpcp-wrapper-2009\">\n\t<div id=\"wpcp-preloader-2009\" class=\"wpcp-carousel-preloader\"><img decoding=\"async\" src=\"https:\/\/portofinocaribe.com\/wp-content\/plugins\/wp-carousel-free\/public\/css\/spinner.svg\" alt=\"Preloader Image\" \/><\/div>\t<div class=\"wpcp-carousel-content-wrapper\">\n\t<div id=\"sp-wp-carousel-free-id-2009\" class=\"wpcp-carousel-section sp-wpcp-2009  nav-vertical-center wpcp-image-carousel wpcp-preloader wpcp-standard wpcp-center\" data-swiper='{ &quot;accessibility&quot;:true, &quot;spaceBetween&quot;:20, &quot;arrows&quot;:true, &quot;freeMode&quot;: false, &quot;autoplay&quot;:true, &quot;effect&quot;: &quot;slide&quot;, &quot;centerMode&quot;: true, &quot;autoplaySpeed&quot;:3000, &quot;dots&quot;:false, &quot;infinite&quot;:true, &quot;speed&quot;:600, &quot;pauseOnHover&quot;:true,\n\t\t\t&quot;slidesToShow&quot;:{&quot;lg_desktop&quot;:4, &quot;desktop&quot;: 3, &quot;laptop&quot;: 3, &quot;tablet&quot;: 2, &quot;mobile&quot;: 1}, &quot;responsive&quot;:{&quot;desktop&quot;:1200, &quot;laptop&quot;: 980, &quot;tablet&quot;: 736, &quot;mobile&quot;: 480}, &quot;rtl&quot;:false, &quot;lazyLoad&quot;: &quot;false&quot;, &quot;swipe&quot;: true, &quot;draggable&quot;: true, &quot;swipeToSlide&quot;:false }' dir=\"ltr\">\n\t\t<div class=\"swiper-wrapper\">\n\t\t<div class=\"swiper-slide\">\n\t<div class=\"wpcp-single-item\">\n\t\t\t<a class=\"wcp-light-box\" data-buttons='[\"close\"]' data-wpc_url='https:\/\/portofinocaribe.com\/wp-content\/uploads\/2025\/08\/Diseno-sin-titulo-2025-08-16T094851.255-225x300.webp' href=\"https:\/\/portofinocaribe.com\/wp-content\/uploads\/2025\/08\/Diseno-sin-titulo-2025-08-16T094851.255.webp\" data-fancybox=\"wpcp_view\">\n\t\t<figure>\n\t\t\t<img loading=\"lazy\" decoding=\"async\" class=\"skip-lazy\" src=\"https:\/\/portofinocaribe.com\/wp-content\/uploads\/2025\/08\/Diseno-sin-titulo-2025-08-16T094851.255-225x300.webp\" alt=\"MASSALLY OCEAN LOUNGE\" width=\"225\" height=\"300\">\t\t<\/figure>\n\t<\/a>\n\t\t<\/div>\n<\/div>\n\t<div class=\"swiper-slide\">\n\t<div class=\"wpcp-single-item\">\n\t\t\t<a class=\"wcp-light-box\" data-buttons='[\"close\"]' data-wpc_url='https:\/\/portofinocaribe.com\/wp-content\/uploads\/2025\/08\/Diseno-sin-titulo-2025-08-16T094804.784-225x300.webp' href=\"https:\/\/portofinocaribe.com\/wp-content\/uploads\/2025\/08\/Diseno-sin-titulo-2025-08-16T094804.784.webp\" data-fancybox=\"wpcp_view\">\n\t\t<figure>\n\t\t\t<img loading=\"lazy\" decoding=\"async\" class=\"skip-lazy\" src=\"https:\/\/portofinocaribe.com\/wp-content\/uploads\/2025\/08\/Diseno-sin-titulo-2025-08-16T094804.784-225x300.webp\" alt=\"MASSALLY OCEAN LOUNGE\" width=\"225\" height=\"300\">\t\t<\/figure>\n\t<\/a>\n\t\t<\/div>\n<\/div>\n\t<div class=\"swiper-slide\">\n\t<div class=\"wpcp-single-item\">\n\t\t\t<a class=\"wcp-light-box\" data-buttons='[\"close\"]' data-wpc_url='https:\/\/portofinocaribe.com\/wp-content\/uploads\/2025\/08\/Diseno-sin-titulo-2025-08-16T095507.179-225x300.webp' href=\"https:\/\/portofinocaribe.com\/wp-content\/uploads\/2025\/08\/Diseno-sin-titulo-2025-08-16T095507.179.webp\" data-fancybox=\"wpcp_view\">\n\t\t<figure>\n\t\t\t<img loading=\"lazy\" decoding=\"async\" class=\"skip-lazy\" src=\"https:\/\/portofinocaribe.com\/wp-content\/uploads\/2025\/08\/Diseno-sin-titulo-2025-08-16T095507.179-225x300.webp\" alt=\"FOOD - MASSALLY OCEAN LOUNGE\" width=\"225\" height=\"300\">\t\t<\/figure>\n\t<\/a>\n\t\t<\/div>\n<\/div>\n\t<div class=\"swiper-slide\">\n\t<div class=\"wpcp-single-item\">\n\t\t\t<a class=\"wcp-light-box\" data-buttons='[\"close\"]' data-wpc_url='https:\/\/portofinocaribe.com\/wp-content\/uploads\/2025\/08\/Diseno-sin-titulo-2025-08-16T094709.016-225x300.webp' href=\"https:\/\/portofinocaribe.com\/wp-content\/uploads\/2025\/08\/Diseno-sin-titulo-2025-08-16T094709.016.webp\" data-fancybox=\"wpcp_view\">\n\t\t<figure>\n\t\t\t<img loading=\"lazy\" decoding=\"async\" class=\"skip-lazy\" src=\"https:\/\/portofinocaribe.com\/wp-content\/uploads\/2025\/08\/Diseno-sin-titulo-2025-08-16T094709.016-225x300.webp\" alt=\"MASSALLY OCEAN LOUNGE\" width=\"225\" height=\"300\">\t\t<\/figure>\n\t<\/a>\n\t\t<\/div>\n<\/div>\n\t<div class=\"swiper-slide\">\n\t<div class=\"wpcp-single-item\">\n\t\t\t<a class=\"wcp-light-box\" data-buttons='[\"close\"]' data-wpc_url='https:\/\/portofinocaribe.com\/wp-content\/uploads\/2025\/08\/Diseno-sin-titulo-2025-08-16T095621.078-225x300.webp' href=\"https:\/\/portofinocaribe.com\/wp-content\/uploads\/2025\/08\/Diseno-sin-titulo-2025-08-16T095621.078.webp\" data-fancybox=\"wpcp_view\">\n\t\t<figure>\n\t\t\t<img loading=\"lazy\" decoding=\"async\" class=\"skip-lazy\" src=\"https:\/\/portofinocaribe.com\/wp-content\/uploads\/2025\/08\/Diseno-sin-titulo-2025-08-16T095621.078-225x300.webp\" alt=\"MASSALLY OCEAN LOUNGE\" width=\"225\" height=\"300\">\t\t<\/figure>\n\t<\/a>\n\t\t<\/div>\n<\/div>\n\t<div class=\"swiper-slide\">\n\t<div class=\"wpcp-single-item\">\n\t\t\t<a class=\"wcp-light-box\" data-buttons='[\"close\"]' data-wpc_url='https:\/\/portofinocaribe.com\/wp-content\/uploads\/2025\/08\/Diseno-sin-titulo-2025-08-16T094507.722-225x300.webp' href=\"https:\/\/portofinocaribe.com\/wp-content\/uploads\/2025\/08\/Diseno-sin-titulo-2025-08-16T094507.722.webp\" data-fancybox=\"wpcp_view\">\n\t\t<figure>\n\t\t\t<img loading=\"lazy\" decoding=\"async\" class=\"skip-lazy\" src=\"https:\/\/portofinocaribe.com\/wp-content\/uploads\/2025\/08\/Diseno-sin-titulo-2025-08-16T094507.722-225x300.webp\" alt=\"MASSALLY OCEAN LOUNGE\" width=\"225\" height=\"300\">\t\t<\/figure>\n\t<\/a>\n\t\t<\/div>\n<\/div>\n\t<div class=\"swiper-slide\">\n\t<div class=\"wpcp-single-item\">\n\t\t\t<a class=\"wcp-light-box\" data-buttons='[\"close\"]' data-wpc_url='https:\/\/portofinocaribe.com\/wp-content\/uploads\/2025\/08\/Diseno-sin-titulo-2025-08-16T094443.345-225x300.webp' href=\"https:\/\/portofinocaribe.com\/wp-content\/uploads\/2025\/08\/Diseno-sin-titulo-2025-08-16T094443.345.webp\" data-fancybox=\"wpcp_view\">\n\t\t<figure>\n\t\t\t<img loading=\"lazy\" decoding=\"async\" class=\"skip-lazy\" src=\"https:\/\/portofinocaribe.com\/wp-content\/uploads\/2025\/08\/Diseno-sin-titulo-2025-08-16T094443.345-225x300.webp\" alt=\"MASSALLY OCEAN LOUNGE\" width=\"225\" height=\"300\">\t\t<\/figure>\n\t<\/a>\n\t\t<\/div>\n<\/div>\n\t<div class=\"swiper-slide\">\n\t<div class=\"wpcp-single-item\">\n\t\t\t<a class=\"wcp-light-box\" data-buttons='[\"close\"]' data-wpc_url='https:\/\/portofinocaribe.com\/wp-content\/uploads\/2025\/08\/Diseno-sin-titulo-2025-08-16T095543.886-225x300.webp' href=\"https:\/\/portofinocaribe.com\/wp-content\/uploads\/2025\/08\/Diseno-sin-titulo-2025-08-16T095543.886.webp\" data-fancybox=\"wpcp_view\">\n\t\t<figure>\n\t\t\t<img loading=\"lazy\" decoding=\"async\" class=\"skip-lazy\" src=\"https:\/\/portofinocaribe.com\/wp-content\/uploads\/2025\/08\/Diseno-sin-titulo-2025-08-16T095543.886-225x300.webp\" alt=\"MASSALLY OCEAN LOUNGE\" width=\"225\" height=\"300\">\t\t<\/figure>\n\t<\/a>\n\t\t<\/div>\n<\/div>\n\t<div class=\"swiper-slide\">\n\t<div class=\"wpcp-single-item\">\n\t\t\t<a class=\"wcp-light-box\" data-buttons='[\"close\"]' data-wpc_url='https:\/\/portofinocaribe.com\/wp-content\/uploads\/2025\/08\/Diseno-sin-titulo-2025-08-16T094421.819-225x300.webp' href=\"https:\/\/portofinocaribe.com\/wp-content\/uploads\/2025\/08\/Diseno-sin-titulo-2025-08-16T094421.819.webp\" data-fancybox=\"wpcp_view\">\n\t\t<figure>\n\t\t\t<img loading=\"lazy\" decoding=\"async\" class=\"skip-lazy\" src=\"https:\/\/portofinocaribe.com\/wp-content\/uploads\/2025\/08\/Diseno-sin-titulo-2025-08-16T094421.819-225x300.webp\" alt=\"MASSALLY OCEAN LOUNGE\" width=\"225\" height=\"300\">\t\t<\/figure>\n\t<\/a>\n\t\t<\/div>\n<\/div>\n\t<div class=\"swiper-slide\">\n\t<div class=\"wpcp-single-item\">\n\t\t\t<a class=\"wcp-light-box\" data-buttons='[\"close\"]' data-wpc_url='https:\/\/portofinocaribe.com\/wp-content\/uploads\/2025\/08\/Diseno-sin-titulo-2025-08-16T095441.437-225x300.webp' href=\"https:\/\/portofinocaribe.com\/wp-content\/uploads\/2025\/08\/Diseno-sin-titulo-2025-08-16T095441.437.webp\" data-fancybox=\"wpcp_view\">\n\t\t<figure>\n\t\t\t<img loading=\"lazy\" decoding=\"async\" class=\"skip-lazy\" src=\"https:\/\/portofinocaribe.com\/wp-content\/uploads\/2025\/08\/Diseno-sin-titulo-2025-08-16T095441.437-225x300.webp\" alt=\"MASSALLY OCEAN LOUNGE\" width=\"225\" height=\"300\">\t\t<\/figure>\n\t<\/a>\n\t\t<\/div>\n<\/div>\n\t<div class=\"swiper-slide\">\n\t<div class=\"wpcp-single-item\">\n\t\t\t<a class=\"wcp-light-box\" data-buttons='[\"close\"]' data-wpc_url='https:\/\/portofinocaribe.com\/wp-content\/uploads\/2025\/08\/Diseno-sin-titulo-2025-08-16T094321.439-225x300.webp' href=\"https:\/\/portofinocaribe.com\/wp-content\/uploads\/2025\/08\/Diseno-sin-titulo-2025-08-16T094321.439.webp\" data-fancybox=\"wpcp_view\">\n\t\t<figure>\n\t\t\t<img loading=\"lazy\" decoding=\"async\" class=\"skip-lazy\" src=\"https:\/\/portofinocaribe.com\/wp-content\/uploads\/2025\/08\/Diseno-sin-titulo-2025-08-16T094321.439-225x300.webp\" alt=\"MASSALLY OCEAN LOUNGE\" width=\"225\" height=\"300\">\t\t<\/figure>\n\t<\/a>\n\t\t<\/div>\n<\/div>\n\t<div class=\"swiper-slide\">\n\t<div class=\"wpcp-single-item\">\n\t\t\t<a class=\"wcp-light-box\" data-buttons='[\"close\"]' data-wpc_url='https:\/\/portofinocaribe.com\/wp-content\/uploads\/2025\/08\/Diseno-sin-titulo-2025-08-16T094237.399-225x300.webp' href=\"https:\/\/portofinocaribe.com\/wp-content\/uploads\/2025\/08\/Diseno-sin-titulo-2025-08-16T094237.399.webp\" data-fancybox=\"wpcp_view\">\n\t\t<figure>\n\t\t\t<img loading=\"lazy\" decoding=\"async\" class=\"skip-lazy\" src=\"https:\/\/portofinocaribe.com\/wp-content\/uploads\/2025\/08\/Diseno-sin-titulo-2025-08-16T094237.399-225x300.webp\" alt=\"MASSALLY OCEAN LOUNGE\" width=\"225\" height=\"300\">\t\t<\/figure>\n\t<\/a>\n\t\t<\/div>\n<\/div>\n\t<div class=\"swiper-slide\">\n\t<div class=\"wpcp-single-item\">\n\t\t\t<a class=\"wcp-light-box\" data-buttons='[\"close\"]' data-wpc_url='https:\/\/portofinocaribe.com\/wp-content\/uploads\/2025\/08\/Diseno-sin-titulo-2025-08-16T095717.300-225x300.webp' href=\"https:\/\/portofinocaribe.com\/wp-content\/uploads\/2025\/08\/Diseno-sin-titulo-2025-08-16T095717.300.webp\" data-fancybox=\"wpcp_view\">\n\t\t<figure>\n\t\t\t<img loading=\"lazy\" decoding=\"async\" class=\"skip-lazy\" src=\"https:\/\/portofinocaribe.com\/wp-content\/uploads\/2025\/08\/Diseno-sin-titulo-2025-08-16T095717.300-225x300.webp\" alt=\"FOOD - MASSALLY OCEAN LOUNGE\" width=\"225\" height=\"300\">\t\t<\/figure>\n\t<\/a>\n\t\t<\/div>\n<\/div>\n\t\t\t<\/div>\n\t\t\t\t<!-- If we need navigation buttons -->\n\t\t\t\t\t<div class=\"wpcp-prev-button swiper-button-prev\"><i class=\"fa fa-angle-left\"><\/i><\/div>\n\t\t\t<div class=\"wpcp-next-button swiper-button-next\"><i class=\"fa fa-angle-right\"><\/i><\/div>\n\t\t\t<\/div>\n\t<\/div>\n<\/div>\n[\/vc_column_text][\/vc_column][\/vc_row]<\/p>\n<\/div>","protected":false},"excerpt":{"rendered":"<p>[vc_row content_placement=\u00bbmiddle\u00bb][vc_column width=\u00bb1\/2&#8243;][vc_column_text css=\u00bb\u00bb] Un d\u00eda de sol, mar y descanso te espera en Massally En la tranquila Ensenada del Cove, frente a la emblem\u00e1tica escuela de buceo San Andr\u00e9s Divers, Massally Ocean Lounge te invita a desconectarte con una vista insuperable del mar. Massally te ofrece m\u00e1s que un simple pasad\u00eda, nuestro espacio combina<\/p>\n<div class=\"padding-top text-center\"><a href=\"https:\/\/portofinocaribe.com\/index.php\/masally-ocean-lounge\/\" class=\"atbtn atbtn--medium atbtn--rounded atbtn--transparent\">Read more<i class=\"atbtn__icon atbtn__icon--right fa fa-long-arrow-right\"><\/i><\/a><\/div>\n","protected":false},"author":1,"featured_media":0,"parent":0,"menu_order":0,"comment_status":"closed","ping_status":"closed","template":"","meta":{"footnotes":""},"class_list":["post-427","page","type-page","status-publish","hentry"],"_links":{"self":[{"href":"https:\/\/portofinocaribe.com\/index.php\/wp-json\/wp\/v2\/pages\/427","targetHints":{"allow":["GET"]}}],"collection":[{"href":"https:\/\/portofinocaribe.com\/index.php\/wp-json\/wp\/v2\/pages"}],"about":[{"href":"https:\/\/portofinocaribe.com\/index.php\/wp-json\/wp\/v2\/types\/page"}],"author":[{"embeddable":true,"href":"https:\/\/portofinocaribe.com\/index.php\/wp-json\/wp\/v2\/users\/1"}],"replies":[{"embeddable":true,"href":"https:\/\/portofinocaribe.com\/index.php\/wp-json\/wp\/v2\/comments?post=427"}],"version-history":[{"count":12,"href":"https:\/\/portofinocaribe.com\/index.php\/wp-json\/wp\/v2\/pages\/427\/revisions"}],"predecessor-version":[{"id":7827,"href":"https:\/\/portofinocaribe.com\/index.php\/wp-json\/wp\/v2\/pages\/427\/revisions\/7827"}],"wp:attachment":[{"href":"https:\/\/portofinocaribe.com\/index.php\/wp-json\/wp\/v2\/media?parent=427"}],"curies":[{"name":"wp","href":"https:\/\/api.w.org\/{rel}","templated":true}]}}