{"id":431,"date":"2025-04-14T13:44:00","date_gmt":"2025-04-14T13:44:00","guid":{"rendered":"https:\/\/pruebas.portofinocaribe.com\/?page_id=431"},"modified":"2025-10-09T09:13:23","modified_gmt":"2025-10-09T14:13:23","slug":"centro-de-eventos-portofino","status":"publish","type":"page","link":"https:\/\/portofinocaribe.com\/index.php\/centro-de-eventos-portofino\/","title":{"rendered":"Centro De Eventos Portofino"},"content":{"rendered":"<div class=\"wpb-content-wrapper\"><p>[vc_row content_placement=\u00bbmiddle\u00bb][vc_column width=\u00bb1\/2&#8243;][vc_column_text css=\u00bb\u00bb]<strong>\u00a1No solo organizamos eventos\u2026 creamos momentos memorables!<\/strong><\/p>\n<p>\u00bfBuscas el lugar perfecto para tu pr\u00f3ximo gran evento? En centro de eventos J&amp;J hacemos que cada celebraci\u00f3n sea \u00fanica. Nos especializamos en la organizaci\u00f3n de eventos sociales, privados, tem\u00e1ticos y festividades especiales, cuidando cada detalle con pasi\u00f3n y profesionalismo.<\/p>\n<p>Nos encargamos de todo, si as\u00ed lo prefieres, desde la log\u00edstica, el equipo audiovisual, el personal calificado, hasta las instalaciones completamente acondicionadas para cada ocasi\u00f3n. Nuestro espacio est\u00e1 estrat\u00e9gicamente ubicado en el coraz\u00f3n tur\u00edstico de San Andr\u00e9s Islas, a pasos de los principales hoteles del centro, lo que lo convierte en el lugar ideal para todo tipo de celebraciones.<\/p>\n<p>Con capacidad para hasta 4.000 personas, Centro de eventos J&amp;J es el escenario perfecto para tus bodas, fiestas, lanzamientos, conciertos y eventos empresariales.[\/vc_column_text][\/vc_column][vc_column width=\u00bb1\/2&#8243;]\n\t\t\t\t<p class=\"rs-p-wp-fix\"><\/p>\n\t\t\t\t<sr7-module data-alias=\"viajes-portofino-video-galery-1\" data-id=\"21\" id=\"SR7_21_1\" class=\"rs-ov-hidden\" data-version=\"6.7.29\">\n\t\t\t\t\t<sr7-adjuster><\/sr7-adjuster>\n\t\t\t\t\t<sr7-content>\n\t\t\t\t\t\t<sr7-slide id=\"SR7_21_1-99\" data-key=\"99\">\n\t\t\t\t\t\t<\/sr7-slide>\n\t\t\t\t\t\t<sr7-slide id=\"SR7_21_1-101\" data-key=\"101\">\n\t\t\t\t\t\t<\/sr7-slide>\n\t\t\t\t\t\t<sr7-slide id=\"SR7_21_1-102\" data-key=\"102\">\n\t\t\t\t\t\t<\/sr7-slide>\n\t\t\t\t\t\t<sr7-slide id=\"SR7_21_1-103\" data-key=\"103\">\n\t\t\t\t\t\t<\/sr7-slide>\n\t\t\t\t\t\t<sr7-slide id=\"SR7_21_1-108\" data-key=\"108\">\n\t\t\t\t\t\t<\/sr7-slide>\n\t\t\t\t\t<\/sr7-content>\n\t\t\t\t<\/sr7-module>\n\t\t\t\t<script>\n\t\t\t\t\tSR7.PMH ??={}; SR7.PMH[\"SR7_21_1\"] = {cn:100,state:false,fn: function() { if (_tpt!==undefined && _tpt.prepareModuleHeight !== undefined) {  _tpt.prepareModuleHeight({id:\"SR7_21_1\",el:[500,500,768,960,720],type:'standard',shdw:'0',gh:[500,500,500,500,480],gw:[500,500,500,500,480],vpt:['-100px'],size:{fullWidth:false, fullHeight:false},mh:'0',onh:0,onw:0,bg:{color:'{\"orig\":\"transparent\",\"type\":\"solid\",\"string\":\"transparent\"}'}});   SR7.PMH[\"SR7_21_1\"].state=true;} else if(SR7.PMH[\"SR7_21_1\"].cn-->0)\tsetTimeout( SR7.PMH[\"SR7_21_1\"].fn,19);}};SR7.PMH[\"SR7_21_1\" ].fn();\n\t\t\t\t<\/script>\n[\/vc_column][\/vc_row][vc_row content_placement=\u00bbmiddle\u00bb css=\u00bb.vc_custom_1747859421536{margin-bottom: 60px !important;border-bottom-width: 60px !important;}\u00bb][vc_column][vc_column_text css=\u00bb\u00bb]<style id=\"wp_carousel_dynamic_css1910\">#sp-wp-carousel-free-id-1910 .wpcp-swiper-dots {margin: 40px 0px 0px 0px;}.wpcp-wrapper-1910 .swiper-wrapper .swiper-slide-kenburn, .wpcp-wrapper-1910 .swiper-wrapper, .wpcp-wrapper-1910 .wpcpro-row{align-items: center;}#sp-wp-carousel-free-id-1910 .wpcp-single-item {box-shadow: 0px 0px 0px 0px #dddddd;transition: all .3s;margin: 0px;}#sp-wp-carousel-free-id-1910.swiper-flip .wpcp-single-item{margin: 0!important;}#sp-wp-carousel-free-id-1910 .wpcp-single-item:hover {box-shadow: 0px 0px 0px 0px #dddddd;}#sp-wp-carousel-free-id-1910.sp-wpcp-1910 .wpcp-single-item {border: 1px solid #dddddd;}#sp-wp-carousel-free-id-1910.sp-wpcp-1910 .swiper-button-prev,#sp-wp-carousel-free-id-1910.sp-wpcp-1910 .swiper-button-next,#sp-wp-carousel-free-id-1910.sp-wpcp-1910 .swiper-button-prev:hover,#sp-wp-carousel-free-id-1910.sp-wpcp-1910 .swiper-button-next:hover {background: none;border: none;font-size: 30px;}#sp-wp-carousel-free-id-1910.sp-wpcp-1910 .swiper-button-prev i,#sp-wp-carousel-free-id-1910.sp-wpcp-1910 .swiper-button-next i {color: #aaa;}#sp-wp-carousel-free-id-1910.sp-wpcp-1910 .swiper-button-prev i:hover,#sp-wp-carousel-free-id-1910.sp-wpcp-1910 .swiper-button-next i:hover {color: #178087;} #sp-wp-carousel-free-id-1910.sp-wpcp-1910.wpcp-image-carousel .wpcp-single-item:hover img, #sp-wp-carousel-free-id-1910.sp-wpcp-1910.wpcp-post-carousel .wpcp-single-item:hover img, #sp-wp-carousel-free-id-1910.sp-wpcp-1910.wpcp-product-carousel .wpcp-single-item:hover img{-webkit-transform: scale(1.2);-moz-transform: scale(1.2);transform: scale(1.2);}#sp-wp-carousel-free-id-1910 .wpcpro-row>[class*=\"wpcpro-col-\"] { padding: 0 10px; padding-bottom: 20px;} #sp-wp-carousel-free-id-1910 .swiper-slide .single-item-fade:not(:last-child) { margin-right: 20px;}@media (min-width: 480px) { .wpcpro-row .wpcpro-col-sm-1 { flex: 0 0 100%; max-width: 100%; } .wpcpro-row .wpcpro-col-sm-2 { flex: 0 0 50%; max-width: 50%; } .wpcpro-row .wpcpro-col-sm-2-5 { flex: 0 0 75%; max-width: 75%; } .wpcpro-row .wpcpro-col-sm-3 { flex: 0 0 33.333%; max-width: 33.333%; } .wpcpro-row .wpcpro-col-sm-4 { flex: 0 0 25%; max-width: 25%; } .wpcpro-row .wpcpro-col-sm-5 { flex: 0 0 20%; max-width: 20%; } .wpcpro-row .wpcpro-col-sm-6 { flex: 0 0 16.66666666666667%; max-width: 16.66666666666667%; } .wpcpro-row .wpcpro-col-sm-7 { flex: 0 0 14.28571428%; max-width: 14.28571428%; } .wpcpro-row .wpcpro-col-sm-8 { flex: 0 0 12.5%; max-width: 12.5%; } } @media (max-width: 480px) { .wpcpro-row .wpcpro-col-xs-1 { flex: 0 0 100%; max-width: 100%; } .wpcpro-row .wpcpro-col-xs-2 { flex: 0 0 50%; max-width: 50%; } .wpcpro-row .wpcpro-col-xs-3 { flex: 0 0 33.222%; max-width: 33.222%; } .wpcpro-row .wpcpro-col-xs-4 { flex: 0 0 25%; max-width: 25%; } .wpcpro-row .wpcpro-col-xs-5 { flex: 0 0 20%; max-width: 20%; } .wpcpro-row .wpcpro-col-xs-6 { flex: 0 0 16.6667%; max-width: 16.6667%; } .wpcpro-row .wpcpro-col-xs-7 { flex: 0 0 14.28571428%; max-width: 14.28571428%; } .wpcpro-row .wpcpro-col-xs-8 { flex: 0 0 12.5%; max-width: 12.5%; } } @media (min-width: 736px) { .wpcpro-row .wpcpro-col-md-1 { flex: 0 0 100%; max-width: 100%; } .wpcpro-row .wpcpro-col-md-2 { flex: 0 0 50%; max-width: 50%; } .wpcpro-row .wpcpro-col-md-2-5 { flex: 0 0 75%; max-width: 75%; } .wpcpro-row .wpcpro-col-md-3 { flex: 0 0 33.333%; max-width: 33.333%; } .wpcpro-row .wpcpro-col-md-4 { flex: 0 0 25%; max-width: 25%; } .wpcpro-row .wpcpro-col-md-5 { flex: 0 0 20%; max-width: 20%; } .wpcpro-row .wpcpro-col-md-6 { flex: 0 0 16.66666666666667%; max-width: 16.66666666666667%; } .wpcpro-row .wpcpro-col-md-7 { flex: 0 0 14.28571428%; max-width: 14.28571428%; } .wpcpro-row .wpcpro-col-md-8 { flex: 0 0 12.5%; max-width: 12.5%; } } @media (min-width: 980px) { .wpcpro-row .wpcpro-col-lg-1 { flex: 0 0 100%; max-width: 100%; } .wpcpro-row .wpcpro-col-lg-2 { flex: 0 0 50%; max-width: 50%; } .wpcpro-row .wpcpro-col-lg-3 { flex: 0 0 33.222%; max-width: 33.222%; } .wpcpro-row .wpcpro-col-lg-4 { flex: 0 0 25%; max-width: 25%; } .wpcpro-row .wpcpro-col-lg-5 { flex: 0 0 20%; max-width: 20%; } .wpcpro-row .wpcpro-col-lg-6 { flex: 0 0 16.6667%; max-width: 16.6667%; } .wpcpro-row .wpcpro-col-lg-7 { flex: 0 0 14.28571428%; max-width: 14.28571428%; } .wpcpro-row .wpcpro-col-lg-8 { flex: 0 0 12.5%; max-width: 12.5%; } } @media (min-width: 1200px) { .wpcpro-row .wpcpro-col-xl-1 { flex: 0 0 100%; max-width: 100%; } .wpcpro-row .wpcpro-col-xl-2 { flex: 0 0 50%; max-width: 50%; } .wpcpro-row .wpcpro-col-xl-3 { flex: 0 0 33.22222222%; max-width: 33.22222222%; } .wpcpro-row .wpcpro-col-xl-4 { flex: 0 0 25%; max-width: 25%; } .wpcpro-row .wpcpro-col-xl-5 { flex: 0 0 20%; max-width: 20%; } .wpcpro-row .wpcpro-col-xl-6 { flex: 0 0 16.66667%; max-width: 16.66667%; } .wpcpro-row .wpcpro-col-xl-7 { flex: 0 0 14.28571428%; max-width: 14.28571428%; } .wpcpro-row .wpcpro-col-xl-8 { flex: 0 0 12.5%; max-width: 12.5%; } }<\/style><div class=\"wpcp-carousel-wrapper wpcp-wrapper-1910\">\n\t<div id=\"wpcp-preloader-1910\" class=\"wpcp-carousel-preloader\"><img decoding=\"async\" src=\"https:\/\/portofinocaribe.com\/wp-content\/plugins\/wp-carousel-free\/public\/css\/spinner.svg\" alt=\"Preloader Image\" \/><\/div>\t<div class=\"wpcp-carousel-content-wrapper\">\n\t<div id=\"sp-wp-carousel-free-id-1910\" class=\"wpcp-carousel-section sp-wpcp-1910  nav-vertical-center wpcp-image-carousel wpcp-preloader wpcp-standard wpcp-center\" data-swiper='{ &quot;accessibility&quot;:true, &quot;spaceBetween&quot;:20, &quot;arrows&quot;:true, &quot;freeMode&quot;: false, &quot;autoplay&quot;:true, &quot;effect&quot;: &quot;slide&quot;, &quot;centerMode&quot;: true, &quot;autoplaySpeed&quot;:3000, &quot;dots&quot;:false, &quot;infinite&quot;:true, &quot;speed&quot;:600, &quot;pauseOnHover&quot;:true,\n\t\t\t&quot;slidesToShow&quot;:{&quot;lg_desktop&quot;:4, &quot;desktop&quot;: 4, &quot;laptop&quot;: 3, &quot;tablet&quot;: 2, &quot;mobile&quot;: 1}, &quot;responsive&quot;:{&quot;desktop&quot;:1200, &quot;laptop&quot;: 980, &quot;tablet&quot;: 736, &quot;mobile&quot;: 480}, &quot;rtl&quot;:false, &quot;lazyLoad&quot;: &quot;false&quot;, &quot;swipe&quot;: true, &quot;draggable&quot;: true, &quot;swipeToSlide&quot;:false }' dir=\"ltr\">\n\t\t<div class=\"swiper-wrapper\">\n\t\t<div class=\"swiper-slide\">\n\t<div class=\"wpcp-single-item\">\n\t\t\t<a class=\"wcp-light-box\" data-buttons='[\"close\"]' data-wpc_url='https:\/\/portofinocaribe.com\/wp-content\/uploads\/2025\/06\/Diseno-sin-titulo-2025-06-03T152921.149-300x171.webp' href=\"https:\/\/portofinocaribe.com\/wp-content\/uploads\/2025\/06\/Diseno-sin-titulo-2025-06-03T152921.149.webp\" data-fancybox=\"wpcp_view\">\n\t\t<figure>\n\t\t\t<img loading=\"lazy\" decoding=\"async\" class=\"skip-lazy\" src=\"https:\/\/portofinocaribe.com\/wp-content\/uploads\/2025\/06\/Diseno-sin-titulo-2025-06-03T152921.149-300x171.webp\" alt=\"CENTRO DE EVENTOS SAN ANDR\u00c9S\" width=\"300\" height=\"171\">\t\t<\/figure>\n\t<\/a>\n\t\t<\/div>\n<\/div>\n\t<div class=\"swiper-slide\">\n\t<div class=\"wpcp-single-item\">\n\t\t\t<a class=\"wcp-light-box\" data-buttons='[\"close\"]' data-wpc_url='https:\/\/portofinocaribe.com\/wp-content\/uploads\/2025\/06\/Diseno-sin-titulo-2025-06-03T152535.687-300x171.webp' href=\"https:\/\/portofinocaribe.com\/wp-content\/uploads\/2025\/06\/Diseno-sin-titulo-2025-06-03T152535.687.webp\" data-fancybox=\"wpcp_view\">\n\t\t<figure>\n\t\t\t<img loading=\"lazy\" decoding=\"async\" class=\"skip-lazy\" src=\"https:\/\/portofinocaribe.com\/wp-content\/uploads\/2025\/06\/Diseno-sin-titulo-2025-06-03T152535.687-300x171.webp\" alt=\"CENTRO DE EVENTOS SAN ANDR\u00c9S\" width=\"300\" height=\"171\">\t\t<\/figure>\n\t<\/a>\n\t\t<\/div>\n<\/div>\n\t<div class=\"swiper-slide\">\n\t<div class=\"wpcp-single-item\">\n\t\t\t<a class=\"wcp-light-box\" data-buttons='[\"close\"]' data-wpc_url='https:\/\/portofinocaribe.com\/wp-content\/uploads\/2025\/06\/Diseno-sin-titulo-2025-06-03T152257.060-300x171.webp' href=\"https:\/\/portofinocaribe.com\/wp-content\/uploads\/2025\/06\/Diseno-sin-titulo-2025-06-03T152257.060.webp\" data-fancybox=\"wpcp_view\">\n\t\t<figure>\n\t\t\t<img loading=\"lazy\" decoding=\"async\" class=\"skip-lazy\" src=\"https:\/\/portofinocaribe.com\/wp-content\/uploads\/2025\/06\/Diseno-sin-titulo-2025-06-03T152257.060-300x171.webp\" alt=\"CENTRO DE EVENTOS SAN ANDR\u00c9S\" width=\"300\" height=\"171\">\t\t<\/figure>\n\t<\/a>\n\t\t<\/div>\n<\/div>\n\t<div class=\"swiper-slide\">\n\t<div class=\"wpcp-single-item\">\n\t\t\t<a class=\"wcp-light-box\" data-buttons='[\"close\"]' data-wpc_url='https:\/\/portofinocaribe.com\/wp-content\/uploads\/2025\/06\/Diseno-sin-titulo-99-300x171.webp' href=\"https:\/\/portofinocaribe.com\/wp-content\/uploads\/2025\/06\/Diseno-sin-titulo-99.webp\" data-fancybox=\"wpcp_view\">\n\t\t<figure>\n\t\t\t<img loading=\"lazy\" decoding=\"async\" class=\"skip-lazy\" src=\"https:\/\/portofinocaribe.com\/wp-content\/uploads\/2025\/06\/Diseno-sin-titulo-99-300x171.webp\" alt=\"CENTRO DE EVENTOS SAN ANDR\u00c9S\" width=\"300\" height=\"171\">\t\t<\/figure>\n\t<\/a>\n\t\t<\/div>\n<\/div>\n\t<div class=\"swiper-slide\">\n\t<div class=\"wpcp-single-item\">\n\t\t\t<a class=\"wcp-light-box\" data-buttons='[\"close\"]' data-wpc_url='https:\/\/portofinocaribe.com\/wp-content\/uploads\/2025\/06\/Diseno-sin-titulo-98-300x171.webp' href=\"https:\/\/portofinocaribe.com\/wp-content\/uploads\/2025\/06\/Diseno-sin-titulo-98.webp\" data-fancybox=\"wpcp_view\">\n\t\t<figure>\n\t\t\t<img loading=\"lazy\" decoding=\"async\" class=\"skip-lazy\" src=\"https:\/\/portofinocaribe.com\/wp-content\/uploads\/2025\/06\/Diseno-sin-titulo-98-300x171.webp\" alt=\"CENTRO DE EVENTOS SAN ANDR\u00c9S\" width=\"300\" height=\"171\">\t\t<\/figure>\n\t<\/a>\n\t\t<\/div>\n<\/div>\n\t<div class=\"swiper-slide\">\n\t<div class=\"wpcp-single-item\">\n\t\t\t<a class=\"wcp-light-box\" data-buttons='[\"close\"]' data-wpc_url='https:\/\/portofinocaribe.com\/wp-content\/uploads\/2025\/06\/Diseno-sin-titulo-97-300x171.webp' href=\"https:\/\/portofinocaribe.com\/wp-content\/uploads\/2025\/06\/Diseno-sin-titulo-97.webp\" data-fancybox=\"wpcp_view\">\n\t\t<figure>\n\t\t\t<img loading=\"lazy\" decoding=\"async\" class=\"skip-lazy\" src=\"https:\/\/portofinocaribe.com\/wp-content\/uploads\/2025\/06\/Diseno-sin-titulo-97-300x171.webp\" alt=\"CENTRO DE EVENTOS SAN ANDR\u00c9S\" width=\"300\" height=\"171\">\t\t<\/figure>\n\t<\/a>\n\t\t<\/div>\n<\/div>\n\t<div class=\"swiper-slide\">\n\t<div class=\"wpcp-single-item\">\n\t\t\t<a class=\"wcp-light-box\" data-buttons='[\"close\"]' data-wpc_url='https:\/\/portofinocaribe.com\/wp-content\/uploads\/2025\/06\/Diseno-sin-titulo-96-300x171.webp' href=\"https:\/\/portofinocaribe.com\/wp-content\/uploads\/2025\/06\/Diseno-sin-titulo-96.webp\" data-fancybox=\"wpcp_view\">\n\t\t<figure>\n\t\t\t<img loading=\"lazy\" decoding=\"async\" class=\"skip-lazy\" src=\"https:\/\/portofinocaribe.com\/wp-content\/uploads\/2025\/06\/Diseno-sin-titulo-96-300x171.webp\" alt=\"CENTRO DE EVENTOS SAN ANDR\u00c9S\" width=\"300\" height=\"171\">\t\t<\/figure>\n\t<\/a>\n\t\t<\/div>\n<\/div>\n\t<div class=\"swiper-slide\">\n\t<div class=\"wpcp-single-item\">\n\t\t\t<a class=\"wcp-light-box\" data-buttons='[\"close\"]' data-wpc_url='https:\/\/portofinocaribe.com\/wp-content\/uploads\/2025\/06\/Diseno-sin-titulo-95-300x171.webp' href=\"https:\/\/portofinocaribe.com\/wp-content\/uploads\/2025\/06\/Diseno-sin-titulo-95.webp\" data-fancybox=\"wpcp_view\">\n\t\t<figure>\n\t\t\t<img loading=\"lazy\" decoding=\"async\" class=\"skip-lazy\" src=\"https:\/\/portofinocaribe.com\/wp-content\/uploads\/2025\/06\/Diseno-sin-titulo-95-300x171.webp\" alt=\"CENTRO DE EVENTOS SAN ANDR\u00c9S\" width=\"300\" height=\"171\">\t\t<\/figure>\n\t<\/a>\n\t\t<\/div>\n<\/div>\n\t<div class=\"swiper-slide\">\n\t<div class=\"wpcp-single-item\">\n\t\t\t<a class=\"wcp-light-box\" data-buttons='[\"close\"]' data-wpc_url='https:\/\/portofinocaribe.com\/wp-content\/uploads\/2025\/06\/Diseno-sin-titulo-94-300x171.webp' href=\"https:\/\/portofinocaribe.com\/wp-content\/uploads\/2025\/06\/Diseno-sin-titulo-94.webp\" data-fancybox=\"wpcp_view\">\n\t\t<figure>\n\t\t\t<img loading=\"lazy\" decoding=\"async\" class=\"skip-lazy\" src=\"https:\/\/portofinocaribe.com\/wp-content\/uploads\/2025\/06\/Diseno-sin-titulo-94-300x171.webp\" alt=\"CENTRO DE EVENTOS SAN ANDR\u00c9S\" width=\"300\" height=\"171\">\t\t<\/figure>\n\t<\/a>\n\t\t<\/div>\n<\/div>\n\t\t\t<\/div>\n\t\t\t\t<!-- If we need navigation buttons -->\n\t\t\t\t\t<div class=\"wpcp-prev-button swiper-button-prev\"><i class=\"fa fa-angle-left\"><\/i><\/div>\n\t\t\t<div class=\"wpcp-next-button swiper-button-next\"><i class=\"fa fa-angle-right\"><\/i><\/div>\n\t\t\t<\/div>\n\t<\/div>\n<\/div>\n[\/vc_column_text][\/vc_column][\/vc_row]<\/p>\n<\/div>","protected":false},"excerpt":{"rendered":"<p>[vc_row content_placement=\u00bbmiddle\u00bb][vc_column width=\u00bb1\/2&#8243;][vc_column_text css=\u00bb\u00bb]\u00a1No solo organizamos eventos\u2026 creamos momentos memorables! \u00bfBuscas el lugar perfecto para tu pr\u00f3ximo gran evento? En centro de eventos J&amp;J hacemos que cada celebraci\u00f3n sea \u00fanica. Nos especializamos en la organizaci\u00f3n de eventos sociales, privados, tem\u00e1ticos y festividades especiales, cuidando cada detalle con pasi\u00f3n y profesionalismo. Nos encargamos de todo, si<\/p>\n<div class=\"padding-top text-center\"><a href=\"https:\/\/portofinocaribe.com\/index.php\/centro-de-eventos-portofino\/\" class=\"atbtn atbtn--medium atbtn--rounded atbtn--transparent\">Read more<i class=\"atbtn__icon atbtn__icon--right fa fa-long-arrow-right\"><\/i><\/a><\/div>\n","protected":false},"author":1,"featured_media":0,"parent":0,"menu_order":0,"comment_status":"closed","ping_status":"closed","template":"","meta":{"footnotes":""},"class_list":["post-431","page","type-page","status-publish","hentry"],"_links":{"self":[{"href":"https:\/\/portofinocaribe.com\/index.php\/wp-json\/wp\/v2\/pages\/431","targetHints":{"allow":["GET"]}}],"collection":[{"href":"https:\/\/portofinocaribe.com\/index.php\/wp-json\/wp\/v2\/pages"}],"about":[{"href":"https:\/\/portofinocaribe.com\/index.php\/wp-json\/wp\/v2\/types\/page"}],"author":[{"embeddable":true,"href":"https:\/\/portofinocaribe.com\/index.php\/wp-json\/wp\/v2\/users\/1"}],"replies":[{"embeddable":true,"href":"https:\/\/portofinocaribe.com\/index.php\/wp-json\/wp\/v2\/comments?post=431"}],"version-history":[{"count":12,"href":"https:\/\/portofinocaribe.com\/index.php\/wp-json\/wp\/v2\/pages\/431\/revisions"}],"predecessor-version":[{"id":7824,"href":"https:\/\/portofinocaribe.com\/index.php\/wp-json\/wp\/v2\/pages\/431\/revisions\/7824"}],"wp:attachment":[{"href":"https:\/\/portofinocaribe.com\/index.php\/wp-json\/wp\/v2\/media?parent=431"}],"curies":[{"name":"wp","href":"https:\/\/api.w.org\/{rel}","templated":true}]}}