{"id":593,"date":"2025-04-16T17:10:47","date_gmt":"2025-04-16T17:10:47","guid":{"rendered":"https:\/\/pruebas.portofinocaribe.com\/?page_id=593"},"modified":"2026-03-31T16:12:47","modified_gmt":"2026-03-31T21:12:47","slug":"politica-de-cancelacion-massally-ocean-lounge","status":"publish","type":"page","link":"https:\/\/portofinocaribe.com\/index.php\/politica-de-cancelacion-massally-ocean-lounge\/","title":{"rendered":"Marco Legal &#8211;  Massally Ocean Lounge"},"content":{"rendered":"<div class=\"wpb-content-wrapper\"><p>[vc_row][vc_column][vc_column_text css=\u00bb\u00bb][\/vc_column_text][\/vc_column][\/vc_row][vc_row][vc_column][vc_column_text css=\u00bb\u00bb]<div class=\"title title--big title--underline\">\n\t\t<h3 class=\"title__primary\">MARCO LEGAL<\/h3>\n<\/div>\n[\/vc_column_text][\/vc_column][\/vc_row][vc_row][vc_column][vc_tta_accordion][vc_tta_section title=\u00bbPOL\u00cdTICAS DE CANCELACI\u00d3N PARA EVENTOS\u00bb tab_id=\u00bb1771436213722-48ae02f6-1f59&#8243;][vc_column_text css=\u00bb\u00bb]<\/p>\n<h4>Cl\u00e1usula en la cual se establecen los par\u00e1metros que deben seguir el contratante y el establecimiento para la realizaci\u00f3n del evento.<\/h4>\n<p>Massally es un restaurante bar con instalaciones ecol\u00f3gicas y un dise\u00f1o tipo boho, que ofrece un ambiente natural y exclusivo para la realizaci\u00f3n de eventos sociales. El establecimiento cuenta con una capacidad m\u00e1xima de 100 personas sentadas.<\/p>\n<p>La cantidad de asistentes podr\u00e1 ser modificada por parte del cliente, m\u00e1ximo con 20 d\u00edas de anticipaci\u00f3n a la realizaci\u00f3n del evento. Despu\u00e9s de este plazo no se aceptan cambios, por lo tanto, el cliente debe pagar la totalidad de n\u00famero invitados, as\u00ed no asistan. El saldo total de la realizaci\u00f3n del evento debe estar cancelado 15 d\u00edas antes de fecha.<\/p>\n<p>El evento se realizar\u00e1 en el Restaurante Massally Ocean Lounge ubicado en el kil\u00f3metro 10 COVE, en caso de presentarse problemas por condiciones clim\u00e1ticas, el cliente deber\u00e1 reprogramarlo y reportarlo para una fecha posterior, por lo menos con 10 d\u00edas de anticipaci\u00f3n; dicha reprogramaci\u00f3n debe ser com\u00fan acuerdo de las dos partes teniendo en cuenta la disponibilidad del lugar; es de anotar que no se realiza devoluci\u00f3n de dinero.<\/p>\n<p>El contratante podr\u00e1 cancelar el contrato con antelaci\u00f3n. En caso de cancelaci\u00f3n del evento, despu\u00e9s de recibir un anticipo estos son los valores que cobra el establecimiento: de 3 a 1 mes del evento el 50% del valor del contrato; a 15 d\u00edas de la realizaci\u00f3n del evento el establecimiento cobrar\u00e1 el 100%.[\/vc_column_text][\/vc_tta_section][vc_tta_section title=\u00bbREGISTRO NACIONAL DE TURISMO\u00bb tab_id=\u00bb1771435899122-4c6c0b60-f09b\u00bb][vc_column_text css=\u00bb\u00bb]<a href=\"https:\/\/portofinocaribe.com\/wp-content\/uploads\/2026\/03\/RNT-186186-MASSALLY-OCEAN-LOUNGE-2026.pdf\" class=\"pdfemb-viewer\" style=\"\" data-width=\"max\" data-height=\"max\" data-toolbar=\"bottom\" data-toolbar-fixed=\"off\">RNT-186186-MASSALLY-OCEAN-LOUNGE-2026<\/a>[\/vc_column_text][\/vc_tta_section][\/vc_tta_accordion][\/vc_column][\/vc_row]<\/p>\n<\/div>","protected":false},"excerpt":{"rendered":"<p>[vc_row][vc_column][vc_column_text css=\u00bb\u00bb][\/vc_column_text][\/vc_column][\/vc_row][vc_row][vc_column][vc_column_text css=\u00bb\u00bb][\/vc_column_text][\/vc_column][\/vc_row][vc_row][vc_column][vc_tta_accordion][vc_tta_section title=\u00bbPOL\u00cdTICAS DE CANCELACI\u00d3N PARA EVENTOS\u00bb tab_id=\u00bb1771436213722-48ae02f6-1f59&#8243;][vc_column_text css=\u00bb\u00bb] Cl\u00e1usula en la cual se establecen los par\u00e1metros que deben seguir el contratante y el establecimiento para la realizaci\u00f3n del evento. Massally es un restaurante bar con instalaciones ecol\u00f3gicas y un dise\u00f1o tipo boho, que ofrece un ambiente natural y exclusivo para la realizaci\u00f3n de<\/p>\n<div class=\"padding-top text-center\"><a href=\"https:\/\/portofinocaribe.com\/index.php\/politica-de-cancelacion-massally-ocean-lounge\/\" class=\"atbtn atbtn--medium atbtn--rounded atbtn--transparent\">Read more<i class=\"atbtn__icon atbtn__icon--right fa fa-long-arrow-right\"><\/i><\/a><\/div>\n","protected":false},"author":1,"featured_media":0,"parent":0,"menu_order":0,"comment_status":"closed","ping_status":"closed","template":"","meta":{"footnotes":""},"class_list":["post-593","page","type-page","status-publish","hentry"],"_links":{"self":[{"href":"https:\/\/portofinocaribe.com\/index.php\/wp-json\/wp\/v2\/pages\/593","targetHints":{"allow":["GET"]}}],"collection":[{"href":"https:\/\/portofinocaribe.com\/index.php\/wp-json\/wp\/v2\/pages"}],"about":[{"href":"https:\/\/portofinocaribe.com\/index.php\/wp-json\/wp\/v2\/types\/page"}],"author":[{"embeddable":true,"href":"https:\/\/portofinocaribe.com\/index.php\/wp-json\/wp\/v2\/users\/1"}],"replies":[{"embeddable":true,"href":"https:\/\/portofinocaribe.com\/index.php\/wp-json\/wp\/v2\/comments?post=593"}],"version-history":[{"count":25,"href":"https:\/\/portofinocaribe.com\/index.php\/wp-json\/wp\/v2\/pages\/593\/revisions"}],"predecessor-version":[{"id":9496,"href":"https:\/\/portofinocaribe.com\/index.php\/wp-json\/wp\/v2\/pages\/593\/revisions\/9496"}],"wp:attachment":[{"href":"https:\/\/portofinocaribe.com\/index.php\/wp-json\/wp\/v2\/media?parent=593"}],"curies":[{"name":"wp","href":"https:\/\/api.w.org\/{rel}","templated":true}]}}