{"id":2359,"date":"2025-05-26T11:05:52","date_gmt":"2025-05-26T16:05:52","guid":{"rendered":"https:\/\/portofinocaribe.com\/?post_type=product&#038;p=2359"},"modified":"2026-04-11T12:41:51","modified_gmt":"2026-04-11T17:41:51","slug":"habitacion-individual-hostal","status":"publish","type":"product","link":"https:\/\/portofinocaribe.com\/index.php\/product\/habitacion-individual-hostal\/","title":{"rendered":"HABITACI\u00d3N INDIVIDUAL &#8211; HOSTAL SAD"},"content":{"rendered":"<p><span style=\"font-weight: 400;\">Para nosotros la comodidad de nuestros hu\u00e9spedes es lo primordial, por lo que contamos con piscina en la que podr\u00e1s relajarte y tomar el sol, adem\u00e1s, circuito cerrado de c\u00e1maras, terraza y wifi gratis.<\/span><\/p>\n<p><b>Ubicaci\u00f3n<\/b><span style=\"font-weight: 400;\">: San Andr\u00e9s Divers, Carretera Circunvalar KM. 8.5\u00a0<\/span><\/p>\n<p><b>Check In: <\/b>0<span style=\"font-weight: 400;\">3:00 pm.<\/span><\/p>\n<p><b>Check Out<\/b><span style=\"font-weight: 400;\">: 01:00 pm.<\/span><\/p>\n<p><b>Incluye<\/b><\/p>\n<ul>\n<li style=\"font-weight: 400;\"><span style=\"font-weight: 400;\">Una cama King.<\/span><\/li>\n<li style=\"font-weight: 400;\"><span style=\"font-weight: 400;\">Desayuno.<\/span><\/li>\n<li style=\"font-weight: 400;\"><span style=\"font-weight: 400;\">Televisor.<\/span><\/li>\n<li style=\"font-weight: 400;\"><span style=\"font-weight: 400;\">Aire acondicionado.<\/span><\/li>\n<li style=\"font-weight: 400;\"><span style=\"font-weight: 400;\">Ba\u00f1o privado.<\/span><\/li>\n<li style=\"font-weight: 400;\"><span style=\"font-weight: 400;\">Armario.<\/span><\/li>\n<\/ul>\n<p><b>No incluye<\/b><\/p>\n<ul>\n<li style=\"font-weight: 400;\"><span style=\"font-weight: 400;\">Gastos no especificados.<\/span><\/li>\n<li style=\"font-weight: 400;\"><span style=\"font-weight: 400;\">Servicio de transporte.<\/span><\/li>\n<\/ul>\n<p><b>Observaciones<\/b><\/p>\n<ul>\n<li><span style=\"font-weight: 400;\">El horario del desayuno es de 07:00 am a 08:00 am.<\/span><\/li>\n<li><strong>La confirmaci\u00f3n de la reserva ser\u00e1 enviada al correo electr\u00f3nico proporcionado al momento de la compra.<\/strong><\/li>\n<\/ul>\n","protected":false},"excerpt":{"rendered":"<div class=\"precios-rebajados\">\n<div class=\"tittle-rebajas\">\n<p id=\"texto-lineado\"><img decoding=\"async\" src=\"http:\/\/portofinocaribe.com\/wp-content\/uploads\/2025\/06\/3770820_Mesa-de-trabajo-1.webp\" alt=\"etiqueta-precio\" width=\"25\" \/><\/p>\n<p id=\"precio-normal\">$180.000 COP<\/p>\n<\/div>\n<div class=\"sub-tittle-rebajas\">\n<p>HABITACI\u00d3N\/NOCHE<\/p>\n<\/div>\n<\/div>\n","protected":false},"featured_media":2361,"template":"","meta":[],"product_brand":[],"product_cat":[42,18],"product_tag":[],"class_list":{"0":"post-2359","1":"product","2":"type-product","3":"status-publish","4":"has-post-thumbnail","6":"product_cat-hostal-san-andres-isla","7":"product_cat-sanandresislas","8":"tour_category-alojamiento-san-andres-isla","9":"tour_category-hostal-san-andres-isla","11":"first","12":"instock","13":"virtual","14":"sold-individually","15":"taxable","16":"purchasable","17":"product-type-accommodation-booking"},"_links":{"self":[{"href":"https:\/\/portofinocaribe.com\/index.php\/wp-json\/wp\/v2\/product\/2359","targetHints":{"allow":["GET"]}}],"collection":[{"href":"https:\/\/portofinocaribe.com\/index.php\/wp-json\/wp\/v2\/product"}],"about":[{"href":"https:\/\/portofinocaribe.com\/index.php\/wp-json\/wp\/v2\/types\/product"}],"wp:featuredmedia":[{"embeddable":true,"href":"https:\/\/portofinocaribe.com\/index.php\/wp-json\/wp\/v2\/media\/2361"}],"wp:attachment":[{"href":"https:\/\/portofinocaribe.com\/index.php\/wp-json\/wp\/v2\/media?parent=2359"}],"wp:term":[{"taxonomy":"product_brand","embeddable":true,"href":"https:\/\/portofinocaribe.com\/index.php\/wp-json\/wp\/v2\/product_brand?post=2359"},{"taxonomy":"product_cat","embeddable":true,"href":"https:\/\/portofinocaribe.com\/index.php\/wp-json\/wp\/v2\/product_cat?post=2359"},{"taxonomy":"product_tag","embeddable":true,"href":"https:\/\/portofinocaribe.com\/index.php\/wp-json\/wp\/v2\/product_tag?post=2359"}],"curies":[{"name":"wp","href":"https:\/\/api.w.org\/{rel}","templated":true}]}}