{"id":5392,"date":"2025-08-08T06:35:16","date_gmt":"2025-08-08T11:35:16","guid":{"rendered":"https:\/\/portofinocaribe.com\/?post_type=product&#038;p=5392"},"modified":"2026-01-29T14:51:22","modified_gmt":"2026-01-29T19:51:22","slug":"acuario-johnny-cay-bookly","status":"publish","type":"product","link":"https:\/\/portofinocaribe.com\/index.php\/product\/acuario-johnny-cay-bookly\/","title":{"rendered":"ACUARIO &amp; JOHNNY CAY"},"content":{"rendered":"<div class=\"descripcion_tour\">\n<h2><b>ACUARIO &amp; JOHNNY CAY\u00a0<\/b><\/h2>\n<p class=\"\" data-start=\"119\" data-end=\"209\"><strong data-start=\"124\" data-end=\"204\">\u00a1Navega hacia el para\u00edso y descubre dos joyas del Caribe!<\/strong><\/p>\n<p class=\"\" data-start=\"211\" data-end=\"528\">Emb\u00e1rcate en una aventura \u00fanica a bordo de nuestras c\u00f3modas lanchas y zarpa desde nuestra marina hacia dos de los destinos m\u00e1s impresionantes de San Andr\u00e9s: Acuario (Haynes Cay) y Johnny Cay.<\/p>\n<p class=\"\" data-start=\"530\" data-end=\"835\">Ya sea que te adentres primero en las aguas cristalinas de Acuario o que llegues al vibrante Johnny Cay, cada parada es una experiencia que te har\u00e1 sentir en el coraz\u00f3n del para\u00edso. Disfruta de las vistas, la fauna marina y la c\u00e1lida hospitalidad isle\u00f1a mientras exploras estas maravillosas islas.<\/p>\n<p><b>Citaci\u00f3n:<\/b> 8:30 am.<\/p>\n<p><strong>Hora de salida:<\/strong> 9:00 am.<\/p>\n<p><b>Hora de retorno<\/b><b>: <\/b>4:00 pm.<\/p>\n<p><b>Duraci\u00f3n:<\/b> 7<span style=\"font-weight: 400;\"> horas aproximadamente.<\/span><\/p>\n<p><strong>D\u00edas de operaci\u00f3n: <\/strong>Lunes a domingos.<\/p>\n<p><b>Ubicaci\u00f3n: <\/b><span style=\"font-weight: 400;\">Marina Portofino (Avenida Newball frente al Parque de la Barracuda)<\/span><\/p>\n<p><b>Incluye<\/b><\/p>\n<ul>\n<li><span style=\"font-weight: 400;\">Transporte en lancha trayecto ida y regreso.<\/span><\/li>\n<\/ul>\n<p><b>No incluye<\/b><\/p>\n<ul>\n<li><span style=\"font-weight: 400;\">Alimentaci\u00f3n y bebidas.<\/span><\/li>\n<li><span style=\"font-weight: 400;\">Impuesto ecol\u00f3gico de ingreso a Johnny Cay $15.000 COP por pasajero, sujeto a cambios sin previo aviso.<\/span><\/li>\n<\/ul>\n<p><b>Observaciones<\/b><\/p>\n<ul>\n<li><span style=\"font-weight: 400;\">Teniendo en cuenta que el Cayo Johnny Cay no cuenta con un muelle de desembarque, la Capitan\u00eda de Puerto Local, restringe el ingreso al cayo de las siguientes personas: Adultos mayores de 65 a\u00f1os de edad o con limitaciones motrices, mujeres embarazadas, personas en condici\u00f3n de discapacidad (en sillas de ruedas o que requieran ayuda especial para subir y bajar de la embarcaci\u00f3n) y ni\u00f1os menores de 2 a\u00f1os.<\/span><\/li>\n<li>Ni\u00f1os a partir de 4 a\u00f1os de edad deber\u00e1n pagar la actividad.<\/li>\n<li>La confirmaci\u00f3n de la reserva ser\u00e1 enviada al correo electr\u00f3nico proporcionado al momento de la compra.<\/li>\n<\/ul>\n<p><strong>El desarrollo del tour esta sujeto a las condiciones climatol\u00f3gicas.<\/strong><\/p>\n<p><b>C\u00f3digo de vestuario: <\/b><span style=\"font-weight: 400;\">Vestuario informal, traje de ba\u00f1o.<\/span><\/p>\n<\/div>\n<p>&nbsp;<\/p>\n<p>&nbsp;<\/p>\n","protected":false},"excerpt":{"rendered":"<p><span style=\"font-weight: 400;\">Emb\u00e1rcate en una aventura para conocer lo mejor de San Andr\u00e9s Islas.\u00a0<\/span><\/p>\n<div class=\"precios-rebajados\">\n<div class=\"tittle-rebajas\">\n<p id=\"texto-lineado\"><img decoding=\"async\" src=\"http:\/\/portofinocaribe.com\/wp-content\/uploads\/2025\/06\/3770820_Mesa-de-trabajo-1.webp\" alt=\"etiqueta-precio\" width=\"25\" \/><\/p>\n<p id=\"precio-normal\">$110.000 COP<\/p>\n<\/div>\n<div class=\"sub-tittle-rebajas\">\n<p>PRECIO POR PERSONA<\/p>\n<\/div>\n<\/div>\n[bookly-form category_id=\"1\" service_id=\"2\" staff_member_id=\"14\" show_number_of_persons=\"1\" hide=\"categories,services,staff_members,date,week_days,time_range\"]\n","protected":false},"featured_media":2525,"template":"","meta":[],"product_brand":[],"product_cat":[29,62,18],"product_tag":[61],"class_list":{"0":"post-5392","1":"product","2":"type-product","3":"status-publish","4":"has-post-thumbnail","6":"product_cat-actividades-san-andres-isla","7":"product_cat-bookly-san-andres","8":"product_cat-sanandresislas","9":"product_tag-bookly","11":"first","12":"instock","13":"virtual","14":"purchasable","15":"product-type-simple"},"_links":{"self":[{"href":"https:\/\/portofinocaribe.com\/index.php\/wp-json\/wp\/v2\/product\/5392","targetHints":{"allow":["GET"]}}],"collection":[{"href":"https:\/\/portofinocaribe.com\/index.php\/wp-json\/wp\/v2\/product"}],"about":[{"href":"https:\/\/portofinocaribe.com\/index.php\/wp-json\/wp\/v2\/types\/product"}],"wp:featuredmedia":[{"embeddable":true,"href":"https:\/\/portofinocaribe.com\/index.php\/wp-json\/wp\/v2\/media\/2525"}],"wp:attachment":[{"href":"https:\/\/portofinocaribe.com\/index.php\/wp-json\/wp\/v2\/media?parent=5392"}],"wp:term":[{"taxonomy":"product_brand","embeddable":true,"href":"https:\/\/portofinocaribe.com\/index.php\/wp-json\/wp\/v2\/product_brand?post=5392"},{"taxonomy":"product_cat","embeddable":true,"href":"https:\/\/portofinocaribe.com\/index.php\/wp-json\/wp\/v2\/product_cat?post=5392"},{"taxonomy":"product_tag","embeddable":true,"href":"https:\/\/portofinocaribe.com\/index.php\/wp-json\/wp\/v2\/product_tag?post=5392"}],"curies":[{"name":"wp","href":"https:\/\/api.w.org\/{rel}","templated":true}]}}