{"id":6181,"date":"2025-08-22T09:23:32","date_gmt":"2025-08-22T14:23:32","guid":{"rendered":"https:\/\/portofinocaribe.com\/?post_type=product&#038;p=6181"},"modified":"2026-01-29T14:49:30","modified_gmt":"2026-01-29T19:49:30","slug":"snuba-bookly","status":"publish","type":"product","link":"https:\/\/portofinocaribe.com\/index.php\/product\/snuba-bookly\/","title":{"rendered":"SNUBA"},"content":{"rendered":"<h2>SNUBA<\/h2>\n<p class=\"\" data-start=\"49\" data-end=\"122\"><strong data-start=\"54\" data-end=\"117\">\u00a1Explora el mar sin l\u00edmites!<\/strong><\/p>\n<p class=\"\" data-start=\"124\" data-end=\"497\">Sum\u00e9rgete <span style=\"font-weight: 400;\"> de 3 a 8 metros de profundidad e<\/span>n un para\u00edso submarino con nuestra experiencia de SNUBA, donde podr\u00e1s descubrir el fascinante mundo bajo el agua de San Andr\u00e9s sin la necesidad de ser un buzo experimentado. Con la gu\u00eda de un equipo especializado, disfrutar\u00e1s de una aventura segura y emocionante mientras nadas entre coloridos peces y hermosos corales en el mar de los siete colores.<\/p>\n<p class=\"\" data-start=\"499\" data-end=\"676\">No es necesario ser un experto, solo trae tus ganas de vivir una experiencia \u00fanica y explorar el oc\u00e9ano como nunca antes.<\/p>\n<p class=\"\" data-start=\"499\" data-end=\"676\"><strong>\u00a1Es hora de sumergirse en una aventura inolvidable!<\/strong><\/p>\n<p><b>Horarios:<\/b><\/p>\n<ul>\n<li>Lunes a s\u00e1bados:\u00a0 02:00 pm a 05:30 pm aproximadamente<\/li>\n<\/ul>\n<p><b>D\u00edas de operaci\u00f3n: <\/b><span style=\"font-weight: 400;\">Lunes a domingos.<\/span><\/p>\n<p><b>Ubicaci\u00f3n<\/b><span style=\"font-weight: 400;\">: Marina Portofino <\/span><span style=\"font-weight: 400;\">(Avenida Newball frente al Parque de la Barracuda)<\/span><\/p>\n<p><b>Incluye:<\/b><\/p>\n<ul>\n<li><span style=\"font-weight: 400;\">Gu\u00eda\/Instructor.<\/span><\/li>\n<li><span style=\"font-weight: 400;\">Equipo: aletas, manguera, mascara<\/span><\/li>\n<li><span style=\"font-weight: 400;\">25 minutos de inmersi\u00f3n en el mar<\/span><\/li>\n<li><span style=\"font-weight: 400;\">Transporte desde la Marina Portofino hacia el lugar de la actividad<\/span><\/li>\n<li>Transporte desde el lugar de la actividad hacia su lugar de hospedaje<\/li>\n<\/ul>\n<p><strong>No incluye:<\/strong><\/p>\n<ul>\n<li>Gastos no especificados.<\/li>\n<li>Alimentaci\u00f3n y bebidas.<\/li>\n<\/ul>\n<p><b>Observaciones<\/b><span style=\"font-weight: 400;\">:<\/span><\/p>\n<ul>\n<li><span style=\"font-weight: 400;\"> Permitido a ni\u00f1os mayores de 6 a\u00f1os, no es permitido para embarazadas.<\/span><\/li>\n<li><span style=\"font-weight: 400;\">El desarrollo del tour est\u00e1 sujeto a las condiciones climatol\u00f3gicas.\u00a0<\/span><\/li>\n<li><span class=\"selectable-text copyable-text xkrh14z\">De regreso hacia su lugar de hospedaje no se realizan traslados individuales, al terminar la actividad puede disfrutar en zonas comunes como la piscina en San Andr\u00e9s Divers, mientras se realiza la log\u00edstica del veh\u00edculo.<\/span><\/li>\n<li>La confirmaci\u00f3n de la reserva ser\u00e1 enviada al correo electr\u00f3nico proporcionado al momento de la compra.<\/li>\n<\/ul>\n<p><b>C\u00f3digo de vestuario:\u00a0<\/b>Vestuario informal, traje de ba\u00f1o.<\/p>\n","protected":false},"excerpt":{"rendered":"<p>Sum\u00e9rgete en la maravillosa vida marina del mar caribe.<\/p>\n<div class=\"precios-rebajados\">\n<div class=\"tittle-rebajas\">\n<p id=\"texto-lineado\"><img decoding=\"async\" src=\"http:\/\/portofinocaribe.com\/wp-content\/uploads\/2025\/06\/3770820_Mesa-de-trabajo-1.webp\" alt=\"etiqueta-precio\" width=\"25\" \/><\/p>\n<p id=\"precio-normal\">$98.000 COP<\/p>\n<\/div>\n<div class=\"sub-tittle-rebajas\">\n<p>PRECIO POR PERSONA<\/p>\n<\/div>\n<\/div>\n[bookly-form category_id=\"3\" service_id=\"10\" staff_member_id=\"9\" show_number_of_persons=\"1\" hide=\"categories,services,staff_members,date,week_days,time_range\"]\n","protected":false},"featured_media":2434,"template":"","meta":[],"product_brand":[],"product_cat":[29,62,42,18],"product_tag":[61],"class_list":{"0":"post-6181","1":"product","2":"type-product","3":"status-publish","4":"has-post-thumbnail","6":"product_cat-actividades-san-andres-isla","7":"product_cat-bookly-san-andres","8":"product_cat-hostal-san-andres-isla","9":"product_cat-sanandresislas","10":"product_tag-bookly","12":"first","13":"instock","14":"virtual","15":"purchasable","16":"product-type-simple"},"_links":{"self":[{"href":"https:\/\/portofinocaribe.com\/index.php\/wp-json\/wp\/v2\/product\/6181","targetHints":{"allow":["GET"]}}],"collection":[{"href":"https:\/\/portofinocaribe.com\/index.php\/wp-json\/wp\/v2\/product"}],"about":[{"href":"https:\/\/portofinocaribe.com\/index.php\/wp-json\/wp\/v2\/types\/product"}],"wp:featuredmedia":[{"embeddable":true,"href":"https:\/\/portofinocaribe.com\/index.php\/wp-json\/wp\/v2\/media\/2434"}],"wp:attachment":[{"href":"https:\/\/portofinocaribe.com\/index.php\/wp-json\/wp\/v2\/media?parent=6181"}],"wp:term":[{"taxonomy":"product_brand","embeddable":true,"href":"https:\/\/portofinocaribe.com\/index.php\/wp-json\/wp\/v2\/product_brand?post=6181"},{"taxonomy":"product_cat","embeddable":true,"href":"https:\/\/portofinocaribe.com\/index.php\/wp-json\/wp\/v2\/product_cat?post=6181"},{"taxonomy":"product_tag","embeddable":true,"href":"https:\/\/portofinocaribe.com\/index.php\/wp-json\/wp\/v2\/product_tag?post=6181"}],"curies":[{"name":"wp","href":"https:\/\/api.w.org\/{rel}","templated":true}]}}