{"id":6185,"date":"2025-08-22T09:25:23","date_gmt":"2025-08-22T14:25:23","guid":{"rendered":"https:\/\/portofinocaribe.com\/?post_type=product&#038;p=6185"},"modified":"2026-05-05T09:39:26","modified_gmt":"2026-05-05T14:39:26","slug":"parasail-bookly","status":"publish","type":"product","link":"https:\/\/portofinocaribe.com\/index.php\/product\/parasail-bookly\/","title":{"rendered":"PARASAIL"},"content":{"rendered":"<h2><b>PARASAIL<\/b><\/h2>\n<p class=\"\" data-start=\"132\" data-end=\"214\"><strong data-start=\"137\" data-end=\"209\">\u00a1Vuela sobre el para\u00edso, Vive el mar de los 7 colores desde el cielo!<\/strong><\/p>\n<p class=\"\" data-start=\"216\" data-end=\"513\">Atr\u00e9vete a cumplir el sue\u00f1o de volar elev\u00e1ndote a m\u00e1s de 100 metros de altura sobre las aguas turquesas de San Andr\u00e9s. Conectado a un paraca\u00eddas especialmente dise\u00f1ado y remolcado por una embarcaci\u00f3n, sentir\u00e1s la libertad total mientras el viento te envuelve y la isla se despliega a tus pies.<\/p>\n<p class=\"\" data-start=\"515\" data-end=\"742\">Durante esta experiencia \u00fanica recorrer\u00e1s la impresionante bah\u00eda interna de San Andr\u00e9s, disfrutando de una vista privilegiada del mar de los 7 colores, sus contrastes brillantes y la silueta de la isla desde el cielo.<\/p>\n<p class=\"\" data-start=\"744\" data-end=\"903\"><strong>Ideal para amantes de la adrenalina, la naturaleza y los paisajes.<\/strong><\/p>\n<p><strong>Citaci\u00f3n<\/strong>: 15 minutos antes.<\/p>\n<p><b>Hora de salida:\u00a0<\/b><\/p>\n<ul>\n<li>9:00 am<\/li>\n<li>11:00 am<\/li>\n<li>2:00 pm<\/li>\n<li>4:00 pm<\/li>\n<\/ul>\n<p><b>Duraci\u00f3n: <\/b><span style=\"font-weight: 400;\">\u00a0Vuelo de 15 minutos.<\/span><\/p>\n<p><strong>D\u00edas de operaci\u00f3n: <\/strong>L<span style=\"font-weight: 400;\">unes a domingos.<\/span><\/p>\n<p><b>Ubicaci\u00f3n: <\/b><span style=\"font-weight: 400;\">Marina Portofino (Avenida Newball frente al Parque de la Barracuda)<\/span><\/p>\n<p><b>Incluye<\/b><\/p>\n<ul>\n<li><span style=\"font-weight: 400;\">Inducci\u00f3n.<\/span><\/li>\n<li><span style=\"font-weight: 400;\">Gu\u00eda tur\u00edstico.<\/span><\/li>\n<li><span style=\"font-weight: 400;\">Equipo de protecci\u00f3n- arn\u00e9s.<\/span><\/li>\n<\/ul>\n<p><b>No incluye<\/b><\/p>\n<ul>\n<li><span style=\"font-weight: 400;\">Alimentaci\u00f3n y bebidas.<\/span><\/li>\n<\/ul>\n<p><b>Observaciones<\/b><\/p>\n<ul>\n<li>No se permiten acompa\u00f1antes ni infantes a bordo; si viajas con un ni\u00f1o peque\u00f1o sin cuidador, no podr\u00e1s realizar la actividad.<\/li>\n<li>La edad m\u00ednima de los ni\u00f1os es a partir de 9 a\u00f1os, bajo la responsabilidad de sus padres.<\/li>\n<li>El vuelo es en pareja o grupos de hasta 3 personas, seg\u00fan condiciones del viento.<\/li>\n<li>El desarrollo del tour est\u00e1 sujeto a las condiciones climatol\u00f3gicas.<\/li>\n<li>Las fotos y videos tienen un costo adicional.<\/li>\n<li>La confirmaci\u00f3n de la reserva ser\u00e1 enviada al correo electr\u00f3nico proporcionado al momento de la compra.<\/li>\n<\/ul>\n<p><b>C\u00f3digo de vestuario: <\/b><span style=\"font-weight: 400;\">Vestuario informal.<\/span><\/p>\n<p>&nbsp;<\/p>\n<p><b>Video<\/b><\/p>\n<div style=\"width: 600px;\" class=\"wp-video\"><!--[if lt IE 9]><script>document.createElement('video');<\/script><![endif]-->\n<video class=\"wp-video-shortcode\" id=\"video-6185-1\" width=\"600\" height=\"360\" preload=\"metadata\" controls=\"controls\"><source type=\"video\/mp4\" src=\"https:\/\/portofinocaribe.com\/wp-content\/uploads\/2025\/04\/Tour-Parasail_compressed.mp4?_=1\" \/><a href=\"https:\/\/portofinocaribe.com\/wp-content\/uploads\/2025\/04\/Tour-Parasail_compressed.mp4\">https:\/\/portofinocaribe.com\/wp-content\/uploads\/2025\/04\/Tour-Parasail_compressed.mp4<\/a><\/video><\/div>\n","protected":false},"excerpt":{"rendered":"<p><span style=\"font-weight: 400;\">El\u00e9vate a una altura de 100 metros sobre el mar y contempla la isla de San Andr\u00e9s.<\/span><\/p>\n<div class=\"precios-rebajados\">\n<div class=\"tittle-rebajas\">\n<p id=\"texto-lineado\"><img decoding=\"async\" src=\"http:\/\/portofinocaribe.com\/wp-content\/uploads\/2025\/06\/3770820_Mesa-de-trabajo-1.webp\" alt=\"etiqueta-precio\" width=\"25\" \/><\/p>\n<p id=\"precio-normal\">$230.000 COP<\/p>\n<\/div>\n<div class=\"sub-tittle-rebajas\">\n<p>PRECIO POR PERSONA<\/p>\n<\/div>\n<\/div>\n[bookly-form category_id=\"1\" service_id=\"1\" staff_member_id=\"12\" show_number_of_persons=\"1\" hide=\"categories,services,staff_members,date,week_days,time_range\"]\n","protected":false},"featured_media":1259,"template":"","meta":[],"product_brand":[],"product_cat":[29,62,18],"product_tag":[61],"class_list":{"0":"post-6185","1":"product","2":"type-product","3":"status-publish","4":"has-post-thumbnail","6":"product_cat-actividades-san-andres-isla","7":"product_cat-bookly-san-andres","8":"product_cat-sanandresislas","9":"product_tag-bookly","11":"first","12":"instock","13":"virtual","14":"purchasable","15":"product-type-simple"},"_links":{"self":[{"href":"https:\/\/portofinocaribe.com\/index.php\/wp-json\/wp\/v2\/product\/6185","targetHints":{"allow":["GET"]}}],"collection":[{"href":"https:\/\/portofinocaribe.com\/index.php\/wp-json\/wp\/v2\/product"}],"about":[{"href":"https:\/\/portofinocaribe.com\/index.php\/wp-json\/wp\/v2\/types\/product"}],"wp:featuredmedia":[{"embeddable":true,"href":"https:\/\/portofinocaribe.com\/index.php\/wp-json\/wp\/v2\/media\/1259"}],"wp:attachment":[{"href":"https:\/\/portofinocaribe.com\/index.php\/wp-json\/wp\/v2\/media?parent=6185"}],"wp:term":[{"taxonomy":"product_brand","embeddable":true,"href":"https:\/\/portofinocaribe.com\/index.php\/wp-json\/wp\/v2\/product_brand?post=6185"},{"taxonomy":"product_cat","embeddable":true,"href":"https:\/\/portofinocaribe.com\/index.php\/wp-json\/wp\/v2\/product_cat?post=6185"},{"taxonomy":"product_tag","embeddable":true,"href":"https:\/\/portofinocaribe.com\/index.php\/wp-json\/wp\/v2\/product_tag?post=6185"}],"curies":[{"name":"wp","href":"https:\/\/api.w.org\/{rel}","templated":true}]}}