{"id":6187,"date":"2025-08-22T09:26:19","date_gmt":"2025-08-22T14:26:19","guid":{"rendered":"https:\/\/portofinocaribe.com\/?post_type=product&#038;p=6187"},"modified":"2026-01-29T14:47:34","modified_gmt":"2026-01-29T19:47:34","slug":"snorkeling-bookly","status":"publish","type":"product","link":"https:\/\/portofinocaribe.com\/index.php\/product\/snorkeling-bookly\/","title":{"rendered":"SNORKELING"},"content":{"rendered":"<h2><b>SNORKELING<\/b><\/h2>\n<p><strong>\u00a1Sum\u00e9rgete en una aventura inolvidable bajo el mar!<\/strong><\/p>\n<p>Descubre una de las formas m\u00e1s emocionantes y divertidas de explorar las maravillas submarinas del Caribe. Este tour comienza con una breve instrucci\u00f3n te\u00f3rico-pr\u00e1ctica en aguas poco profundas, ideal para todos los niveles.<\/p>\n<p>Luego, nos lanzamos al mar para vivir una experiencia \u00fanica rodeados de coloridos arrecifes de coral, peces ex\u00f3ticos, un barco hundido lleno de misterio y sorprendentes esculturas marinas.<br \/>\n<strong>Flora, fauna y fascinaci\u00f3n en cada burbuja. \u00a1La magia del oc\u00e9ano te espera!<\/strong><\/p>\n<p><strong>Citaci\u00f3n:<\/strong> 10:00 am.<\/p>\n<p><b>Hora de salida:\u00a0 <\/b>10:30 am.<\/p>\n<p><b>Hora de regreso:<\/b> 12:30 pm.<\/p>\n<p><b>Duraci\u00f3n: <\/b><span style=\"font-weight: 400;\">2 horas aproximadamente.\u00a0<\/span><\/p>\n<p><b>D\u00edas de operaci\u00f3n: <\/b>Martes, jueves y s\u00e1bados.<\/p>\n<p><b>Ubicaci\u00f3n: <\/b><span style=\"font-weight: 400;\">Marina Portofino (Avenida Newball frente al Parque de la Barracuda)\u00a0<\/span><\/p>\n<p><b>Incluye<\/b><\/p>\n<ul>\n<li><span style=\"font-weight: 400;\">Transporte mar\u00edtimo.<\/span><\/li>\n<li><span style=\"font-weight: 400;\">Equipo completo de m\u00e1scara, snorkel o tubo y chaleco salvavidas.<\/span><\/li>\n<li><span style=\"font-weight: 400;\">Gu\u00eda experto.<\/span><\/li>\n<\/ul>\n<p><b>No incluye<\/b><\/p>\n<ul>\n<li><span style=\"font-weight: 400;\">Alimentaci\u00f3n y bebidas.<\/span><\/li>\n<\/ul>\n<p><strong>Observaciones<\/strong><\/p>\n<ul>\n<li>\u00a0Ni\u00f1os a partir de 4 a\u00f1os de edad deber\u00e1n pagar la actividad.<\/li>\n<li>La confirmaci\u00f3n de la reserva ser\u00e1 enviada al correo electr\u00f3nico proporcionado al momento de la compra.<\/li>\n<\/ul>\n<p><strong>El desarrollo del tour esta sujeto a las condiciones climatol\u00f3gicas.<\/strong><\/p>\n<p><b>C\u00f3digo de vestuario: <\/b><span style=\"font-weight: 400;\">Vestuario informal, traje de ba\u00f1o.<\/span><\/p>\n<p>&nbsp;<\/p>\n<p><b>Video<\/b><\/p>\n<div style=\"width: 400px;\" class=\"wp-video\"><!--[if lt IE 9]><script>document.createElement('video');<\/script><![endif]-->\n<video class=\"wp-video-shortcode\" id=\"video-6187-1\" width=\"400\" height=\"360\" preload=\"metadata\" controls=\"controls\"><source type=\"video\/mp4\" src=\"https:\/\/portofinocaribe.com\/wp-content\/uploads\/2025\/05\/TOUR-SNORKELING_hitpaw.mp4?_=1\" \/><a href=\"https:\/\/portofinocaribe.com\/wp-content\/uploads\/2025\/05\/TOUR-SNORKELING_hitpaw.mp4\">https:\/\/portofinocaribe.com\/wp-content\/uploads\/2025\/05\/TOUR-SNORKELING_hitpaw.mp4<\/a><\/video><\/div>\n","protected":false},"excerpt":{"rendered":"<p><span style=\"font-weight: 400;\">Observa la flora y fauna de la isla de San Andr\u00e9s.<\/span><\/p>\n<div class=\"precios-rebajados\">\n<div class=\"tittle-rebajas\">\n<p id=\"texto-lineado\"><img decoding=\"async\" src=\"http:\/\/portofinocaribe.com\/wp-content\/uploads\/2025\/06\/3770820_Mesa-de-trabajo-1.webp\" alt=\"etiqueta-precio\" width=\"25\" \/><\/p>\n<p id=\"precio-normal\">$110.000 COP<\/p>\n<\/div>\n<div class=\"sub-tittle-rebajas\">\n<p>PRECIO POR PERSONA<\/p>\n<\/div>\n<\/div>\n[bookly-form category_id=\"1\" service_id=\"9\" staff_member_id=\"13\" show_number_of_persons=\"1\" hide=\"categories,services,staff_members,date,week_days,time_range\"]\n","protected":false},"featured_media":2792,"template":"","meta":[],"product_brand":[],"product_cat":[62,18],"product_tag":[61],"class_list":{"0":"post-6187","1":"product","2":"type-product","3":"status-publish","4":"has-post-thumbnail","6":"product_cat-bookly-san-andres","7":"product_cat-sanandresislas","8":"product_tag-bookly","9":"tour_category-tours-san-andres-complete","11":"first","12":"instock","13":"virtual","14":"purchasable","15":"product-type-simple"},"_links":{"self":[{"href":"https:\/\/portofinocaribe.com\/index.php\/wp-json\/wp\/v2\/product\/6187","targetHints":{"allow":["GET"]}}],"collection":[{"href":"https:\/\/portofinocaribe.com\/index.php\/wp-json\/wp\/v2\/product"}],"about":[{"href":"https:\/\/portofinocaribe.com\/index.php\/wp-json\/wp\/v2\/types\/product"}],"wp:featuredmedia":[{"embeddable":true,"href":"https:\/\/portofinocaribe.com\/index.php\/wp-json\/wp\/v2\/media\/2792"}],"wp:attachment":[{"href":"https:\/\/portofinocaribe.com\/index.php\/wp-json\/wp\/v2\/media?parent=6187"}],"wp:term":[{"taxonomy":"product_brand","embeddable":true,"href":"https:\/\/portofinocaribe.com\/index.php\/wp-json\/wp\/v2\/product_brand?post=6187"},{"taxonomy":"product_cat","embeddable":true,"href":"https:\/\/portofinocaribe.com\/index.php\/wp-json\/wp\/v2\/product_cat?post=6187"},{"taxonomy":"product_tag","embeddable":true,"href":"https:\/\/portofinocaribe.com\/index.php\/wp-json\/wp\/v2\/product_tag?post=6187"}],"curies":[{"name":"wp","href":"https:\/\/api.w.org\/{rel}","templated":true}]}}