{"id":6189,"date":"2025-08-22T09:27:17","date_gmt":"2025-08-22T14:27:17","guid":{"rendered":"https:\/\/portofinocaribe.com\/?post_type=product&#038;p=6189"},"modified":"2026-01-29T14:46:57","modified_gmt":"2026-01-29T19:46:57","slug":"super-full-vip-bookly","status":"publish","type":"product","link":"https:\/\/portofinocaribe.com\/index.php\/product\/super-full-vip-bookly\/","title":{"rendered":"SUPER FULL\/VIP"},"content":{"rendered":"<h2><b>SUPER FULL\/VIP<\/b><\/h2>\n<p class=\"\" data-start=\"92\" data-end=\"171\"><strong data-start=\"97\" data-end=\"166\">Tres para\u00edsos, una experiencia: Johnny Cay, Acuario y Manglares<\/strong><\/p>\n<p class=\"\" data-start=\"173\" data-end=\"415\">Emb\u00e1rcate en una aventura \u00fanica y descubre las bellezas naturales que rodean la Isla de San Andr\u00e9s. Navega a bordo de nuestras c\u00f3modas embarcaciones mientras exploras los impresionantes paisajes del mar de los siete colores.<\/p>\n<p class=\"\" data-start=\"417\" data-end=\"842\">Disfruta de la arena blanca y las aguas cristalinas de Johnny Cay, un lugar ideal para relajarte al ritmo del Caribe. Adem\u00e1s, marav\u00edllate con las aguas poco profundas de Cayo Acuario, donde podr\u00e1s caminar entre cayos y nadar rodeado de peces tropicales. Para finalizar, ad\u00e9ntrate en un paseo tranquilo por el \u00e1rea de los manglares, explorando sus formaciones naturales y la biodiversidad \u00fanica que habita en ellos.<\/p>\n<p><strong>Citaci\u00f3n: <\/strong>9:00 am.<\/p>\n<p><b>Hora de salida: <\/b>9:30\u00a0am.<\/p>\n<p><b>Hora de retorno: <\/b>4:00 pm.<\/p>\n<p><b>Duraci\u00f3n: <\/b><span style=\"font-weight: 400;\">6 horas aproximadamente.\u00a0<\/span><\/p>\n<p><strong>D\u00edas de operaci\u00f3n:<\/strong> Todos los d\u00edas (excepto martes)<\/p>\n<p><b>Ubicaci\u00f3n: <\/b><span style=\"font-weight: 400;\">Marina Portofino (Avenida Newball frente al Parque de la Barracuda)<\/span><\/p>\n<p><b>Incluye<\/b><\/p>\n<ul>\n<li>Transporte en lancha trayecto ida y regreso.<\/li>\n<\/ul>\n<p><b>No incluye<\/b><\/p>\n<ul>\n<li><span style=\"font-weight: 400;\">Alimentaci\u00f3n y bebidas.<\/span><\/li>\n<li><span style=\"font-weight: 400;\">Impuesto ecol\u00f3gico de ingreso a Johnny Cay $15.000 COP por pasajero, sujeto a cambios sin previo aviso.<\/span><\/li>\n<\/ul>\n<p><b>Observaciones<\/b><\/p>\n<ul>\n<li><span style=\"font-weight: 400;\">Teniendo en cuenta que el Cayo Johnny Cay no cuenta con un muelle de desembarque, la Capitan\u00eda de Puerto Local, restringe el ingreso al cayo de las siguientes personas: Adultos mayores de 65 a\u00f1os de edad o con limitaciones motrices, mujeres embarazadas, personas en condici\u00f3n de discapacidad (en sillas de ruedas o que requieran ayuda especial para subir y bajar de la embarcaci\u00f3n) y ni\u00f1os menores de 2 a\u00f1os.<\/span><\/li>\n<li>Ni\u00f1os a partir de 4 a\u00f1os de edad deber\u00e1n pagar la actividad.<\/li>\n<li>La confirmaci\u00f3n de la reserva ser\u00e1 enviada al correo electr\u00f3nico proporcionado al momento de la compra.<\/li>\n<\/ul>\n<p><strong>El desarrollo del tour est\u00e1 sujeto a las condiciones climatol\u00f3gicas.<\/strong><\/p>\n<p><b>C\u00f3digo de vestuario: <\/b><span style=\"font-weight: 400;\">Vestuario informal, traje de ba\u00f1o.<\/span><\/p>\n","protected":false},"excerpt":{"rendered":"<p><span style=\"font-weight: 400;\">Conoce las bellezas naturales de la Isla de San Andr\u00e9s.<\/span><\/p>\n<div class=\"precios-rebajados\">\n<div class=\"tittle-rebajas\">\n<p id=\"texto-lineado\"><img decoding=\"async\" src=\"http:\/\/portofinocaribe.com\/wp-content\/uploads\/2025\/06\/3770820_Mesa-de-trabajo-1.webp\" alt=\"etiqueta-precio\" width=\"25\" \/><\/p>\n<p id=\"precio-normal\">$150.000 COP<\/p>\n<\/div>\n<div class=\"sub-tittle-rebajas\">\n<p>PRECIO POR PERSONA<\/p>\n<\/div>\n<\/div>\n[bookly-form category_id=\"1\" service_id=\"12\" staff_member_id=\"7\" show_number_of_persons=\"1\" hide=\"categories,services,staff_members,date,week_days,time_range\"]\n","protected":false},"featured_media":2416,"template":"","meta":[],"product_brand":[],"product_cat":[29,62,18],"product_tag":[61],"class_list":{"0":"post-6189","1":"product","2":"type-product","3":"status-publish","4":"has-post-thumbnail","6":"product_cat-actividades-san-andres-isla","7":"product_cat-bookly-san-andres","8":"product_cat-sanandresislas","9":"product_tag-bookly","11":"first","12":"instock","13":"virtual","14":"purchasable","15":"product-type-simple"},"_links":{"self":[{"href":"https:\/\/portofinocaribe.com\/index.php\/wp-json\/wp\/v2\/product\/6189","targetHints":{"allow":["GET"]}}],"collection":[{"href":"https:\/\/portofinocaribe.com\/index.php\/wp-json\/wp\/v2\/product"}],"about":[{"href":"https:\/\/portofinocaribe.com\/index.php\/wp-json\/wp\/v2\/types\/product"}],"wp:featuredmedia":[{"embeddable":true,"href":"https:\/\/portofinocaribe.com\/index.php\/wp-json\/wp\/v2\/media\/2416"}],"wp:attachment":[{"href":"https:\/\/portofinocaribe.com\/index.php\/wp-json\/wp\/v2\/media?parent=6189"}],"wp:term":[{"taxonomy":"product_brand","embeddable":true,"href":"https:\/\/portofinocaribe.com\/index.php\/wp-json\/wp\/v2\/product_brand?post=6189"},{"taxonomy":"product_cat","embeddable":true,"href":"https:\/\/portofinocaribe.com\/index.php\/wp-json\/wp\/v2\/product_cat?post=6189"},{"taxonomy":"product_tag","embeddable":true,"href":"https:\/\/portofinocaribe.com\/index.php\/wp-json\/wp\/v2\/product_tag?post=6189"}],"curies":[{"name":"wp","href":"https:\/\/api.w.org\/{rel}","templated":true}]}}