{"id":6887,"date":"2025-08-31T20:12:30","date_gmt":"2025-09-01T01:12:30","guid":{"rendered":"https:\/\/portofinocaribe.com\/?post_type=product&#038;p=6887"},"modified":"2026-01-29T14:45:25","modified_gmt":"2026-01-29T19:45:25","slug":"massally-ocean-lounge-bookly","status":"publish","type":"product","link":"https:\/\/portofinocaribe.com\/index.php\/product\/massally-ocean-lounge-bookly\/","title":{"rendered":"MASSALLY OCEAN LOUNGE"},"content":{"rendered":"<h2><b>MASSALLY OCEAN LOUNGE<\/b><\/h2>\n<p data-start=\"0\" data-end=\"491\"><strong data-start=\"493\" data-end=\"556\" data-is-last-node=\"\">Donde el mar se encuentra con el confort y la tranquilidad<\/strong><\/p>\n<p class=\"\" data-start=\"0\" data-end=\"491\">Bienvenidos a nuestro exclusivo restaurante lounge, el rinc\u00f3n perfecto para vivir la esencia de la isla con un toque de sofisticaci\u00f3n y relajaci\u00f3n. Disfruta de una experiencia \u00fanica con nuestra deliciosa propuesta gastron\u00f3mica, dise\u00f1ada para sorprender tu paladar, acompa\u00f1ada de una exquisita selecci\u00f3n de c\u00f3cteles. Ya sea para una tarde tranquila frente al mar o una noche de conversaci\u00f3n y buen gusto, nuestro bar y men\u00fa est\u00e1n siempre listos para ofrecerte lo mejor de la cocteler\u00eda y la cocina.<\/p>\n<p><b>Horario:<\/b><\/p>\n<ul>\n<li><span style=\"font-weight: 400;\">Lunes a jueves desde las 11:00 a.m. a 7:30 p.m.\u00a0<\/span><\/li>\n<li><span style=\"font-weight: 400;\">Viernes, s\u00e1bados y domingos desde las 11:00 a.m. a 8:00 p.m.<\/span><\/li>\n<\/ul>\n<p><b>Duraci\u00f3n<\/b><span style=\"font-weight: 400;\">: 8 horas aproximadamente.<\/span><\/p>\n<p><strong>D\u00edas de operaci\u00f3n:<\/strong> Lunes a domingos.<\/p>\n<p><b>Ubicaci\u00f3n<\/b><span style=\"font-weight: 400;\">: Massally Ocean Lounge, carretera Circunvalar KM. 8.5<\/span><\/p>\n<p><b>Incluye<\/b><\/p>\n<ul>\n<li><span style=\"font-weight: 400;\">20.000 COP consumibles.<\/span><\/li>\n<li><span style=\"font-weight: 400;\">Uso de instalaciones: ba\u00f1os, escaleras para descender al mar, chaleco, asoleadora, sillas y mesas de madera.<\/span><\/li>\n<\/ul>\n<p><b>No incluye<\/b><\/p>\n<ul>\n<li><span style=\"font-weight: 400;\">Transporte.<\/span><\/li>\n<li><span style=\"font-weight: 400;\">Alimentaci\u00f3n y bebidas.<\/span><\/li>\n<li><span style=\"font-weight: 400;\">Gastos no especificados.<\/span><\/li>\n<\/ul>\n<p><strong>Observaci\u00f3n\u00a0<\/strong><\/p>\n<ul>\n<li>La confirmaci\u00f3n de la reserva ser\u00e1 enviada al correo electr\u00f3nico proporcionado al momento de la compra.<\/li>\n<\/ul>\n<p><b>Informaci\u00f3n adicional:<\/b><span style=\"font-weight: 400;\"> Se realizan reservas para eventos sociales.<\/span><\/p>\n<p><b>C\u00f3digo de vestuario:<\/b><span style=\"font-weight: 400;\"> Vestimenta informal, vestido de ba\u00f1o.<\/span><\/p>\n<p><b>Video<\/b><\/p>\n<div style=\"width: 600px;\" class=\"wp-video\"><!--[if lt IE 9]><script>document.createElement('video');<\/script><![endif]-->\n<video class=\"wp-video-shortcode\" id=\"video-6887-1\" width=\"600\" height=\"360\" preload=\"metadata\" controls=\"controls\"><source type=\"video\/mp4\" src=\"https:\/\/portofinocaribe.com\/wp-content\/uploads\/2025\/05\/WELCOME-TO-MASSALLY-1.mp4?_=1\" \/><a href=\"https:\/\/portofinocaribe.com\/wp-content\/uploads\/2025\/05\/WELCOME-TO-MASSALLY-1.mp4\">https:\/\/portofinocaribe.com\/wp-content\/uploads\/2025\/05\/WELCOME-TO-MASSALLY-1.mp4<\/a><\/video><\/div>\n","protected":false},"excerpt":{"rendered":"<p><span style=\"font-weight: 400;\">Visita un sitio con ambiente fresco y natural para relajarte en San Andr\u00e9s<\/span><\/p>\n<div class=\"precios-rebajados\">\n<div class=\"tittle-rebajas\">\n<p id=\"texto-lineado\"><img decoding=\"async\" src=\"http:\/\/portofinocaribe.com\/wp-content\/uploads\/2025\/06\/3770820_Mesa-de-trabajo-1.webp\" alt=\"etiqueta-precio\" width=\"25\" \/><\/p>\n<p id=\"precio-normal\">$42.000 COP<\/p>\n<\/div>\n<div class=\"sub-tittle-rebajas\">\n<p>PRECIO POR PERSONA<\/p>\n<\/div>\n<\/div>\n[bookly-form category_id=\"4\" service_id=\"19\" staff_member_id=\"18\" show_number_of_persons=\"1\" hide=\"categories,services,staff_members,date,week_days,time_range\"]\n","protected":false},"featured_media":2425,"template":"","meta":[],"product_brand":[],"product_cat":[62,32,18],"product_tag":[61],"class_list":{"0":"post-6887","1":"product","2":"type-product","3":"status-publish","4":"has-post-thumbnail","6":"product_cat-bookly-san-andres","7":"product_cat-restaurante-san-andres-isla","8":"product_cat-sanandresislas","9":"product_tag-bookly","11":"first","12":"instock","13":"virtual","14":"purchasable","15":"product-type-simple"},"_links":{"self":[{"href":"https:\/\/portofinocaribe.com\/index.php\/wp-json\/wp\/v2\/product\/6887","targetHints":{"allow":["GET"]}}],"collection":[{"href":"https:\/\/portofinocaribe.com\/index.php\/wp-json\/wp\/v2\/product"}],"about":[{"href":"https:\/\/portofinocaribe.com\/index.php\/wp-json\/wp\/v2\/types\/product"}],"wp:featuredmedia":[{"embeddable":true,"href":"https:\/\/portofinocaribe.com\/index.php\/wp-json\/wp\/v2\/media\/2425"}],"wp:attachment":[{"href":"https:\/\/portofinocaribe.com\/index.php\/wp-json\/wp\/v2\/media?parent=6887"}],"wp:term":[{"taxonomy":"product_brand","embeddable":true,"href":"https:\/\/portofinocaribe.com\/index.php\/wp-json\/wp\/v2\/product_brand?post=6887"},{"taxonomy":"product_cat","embeddable":true,"href":"https:\/\/portofinocaribe.com\/index.php\/wp-json\/wp\/v2\/product_cat?post=6887"},{"taxonomy":"product_tag","embeddable":true,"href":"https:\/\/portofinocaribe.com\/index.php\/wp-json\/wp\/v2\/product_tag?post=6887"}],"curies":[{"name":"wp","href":"https:\/\/api.w.org\/{rel}","templated":true}]}}