{"id":6889,"date":"2025-08-31T20:17:09","date_gmt":"2025-09-01T01:17:09","guid":{"rendered":"https:\/\/portofinocaribe.com\/?post_type=product&#038;p=6889"},"modified":"2026-01-29T14:44:47","modified_gmt":"2026-01-29T19:44:47","slug":"tour-bahia-bookly","status":"publish","type":"product","link":"https:\/\/portofinocaribe.com\/index.php\/product\/tour-bahia-bookly\/","title":{"rendered":"TOUR BAH\u00cdA"},"content":{"rendered":"<h2><b>TOUR BAH\u00cdA<\/b><\/h2>\n<p><strong>\u00abUn viaje entre colores, brisa y encanto isle\u00f1o.\u00bb<\/strong><\/p>\n<p>Emb\u00e1rcate en una aventura \u00fanica por las cristalinas aguas de San Andr\u00e9s, navegando en nuestro maravilloso barco, mientras el sol pinta el cielo con hermosos tonos dorados. D\u00e9jate envolver por la magia del mar de siete colores, el ritmo vibrante de la m\u00fasica caribe\u00f1a y la alegr\u00eda de aprender a bailar reggae.<\/p>\n<p><strong>\u00a1Una experiencia llena de diversi\u00f3n, encanto y cultura isle\u00f1a te espera!<\/strong><\/p>\n<p><strong>Citaci\u00f3n:<\/strong> 2:00 pm.<\/p>\n<p><b>Hora de salida: <\/b>2:30 pm.<\/p>\n<p><b>Hora de retorno:<\/b> 4:00 pm.<\/p>\n<p><b>Duraci\u00f3n: <\/b><span style=\"font-weight: 400;\">\u00a01 hora y 30 minutos aproximadamente.<\/span><\/p>\n<p><strong>D\u00edas de operaci\u00f3n: <\/strong>Lunes a domingos.<\/p>\n<p><b>Ubicaci\u00f3n: <\/b><span style=\"font-weight: 400;\">Marina Portofino (Avenida Newball frente al Parque de la Barracuda)<\/span><\/p>\n<p><b>Incluye\u00a0<\/b><\/p>\n<ul>\n<li><span style=\"font-weight: 400;\">C\u00f3ctel de bienvenida.<\/span><\/li>\n<li><span style=\"font-weight: 400;\">Dj, animador y bailarines.<\/span><\/li>\n<li><span style=\"font-weight: 400;\">Venta de comestibles a bordo.<\/span><\/li>\n<\/ul>\n<p><b>No incluye<\/b><\/p>\n<ul>\n<li><span style=\"font-weight: 400;\">Alimentaci\u00f3n y bebidas.<\/span><\/li>\n<\/ul>\n<p><b>Observaciones<\/b><\/p>\n<ul>\n<li><span style=\"font-weight: 400;\">No se permite el ingreso de bebidas o comestibles a bordo. <\/span><\/li>\n<li>Ni\u00f1os a partir de 4 a\u00f1os de edad deber\u00e1n pagar la actividad.<\/li>\n<li>La confirmaci\u00f3n de la reserva ser\u00e1 enviada al correo electr\u00f3nico proporcionado al momento de la compra.<\/li>\n<\/ul>\n<p><strong>\u00a0El desarrollo del tour est\u00e1 sujeto a las condiciones climatol\u00f3gicas.<\/strong><\/p>\n<p><b>C\u00f3digo de vestuario: <\/b><span style=\"font-weight: 400;\">Vestuario casual.<\/span><\/p>\n<p>&nbsp;<\/p>\n<p><b>Video<\/b><\/p>\n<div style=\"width: 400px;\" class=\"wp-video\"><!--[if lt IE 9]><script>document.createElement('video');<\/script><![endif]-->\n<video class=\"wp-video-shortcode\" id=\"video-6889-1\" width=\"400\" height=\"600\" preload=\"metadata\" controls=\"controls\"><source type=\"video\/mp4\" src=\"https:\/\/portofinocaribe.com\/wp-content\/uploads\/2025\/04\/TOUR-BAHIA-.mp4?_=1\" \/><a href=\"https:\/\/portofinocaribe.com\/wp-content\/uploads\/2025\/04\/TOUR-BAHIA-.mp4\">https:\/\/portofinocaribe.com\/wp-content\/uploads\/2025\/04\/TOUR-BAHIA-.mp4<\/a><\/video><\/div>\n","protected":false},"excerpt":{"rendered":"<p><span style=\"font-weight: 400;\">Navega por las cristalinas aguas de San Andr\u00e9s a bordo de nuestras motonaves.<\/span><\/p>\n<div class=\"precios-rebajados\">\n<div class=\"tittle-rebajas\">\n<p id=\"texto-lineado\"><img decoding=\"async\" src=\"http:\/\/portofinocaribe.com\/wp-content\/uploads\/2025\/06\/3770820_Mesa-de-trabajo-1.webp\" alt=\"etiqueta-precio\" width=\"25\" \/><\/p>\n<p id=\"precio-normal\">$100.000 COP<\/p>\n<\/div>\n<div class=\"sub-tittle-rebajas\">\n<p>PRECIO POR PERSONA<\/p>\n<\/div>\n<\/div>\n[bookly-form category_id=\"1\" service_id=\"13\" staff_member_id=\"17\" show_number_of_persons=\"1\" hide=\"categories,services,staff_members,date,week_days,time_range\"]\n","protected":false},"featured_media":1309,"template":"","meta":[],"product_brand":[],"product_cat":[29,62,18],"product_tag":[61],"class_list":{"0":"post-6889","1":"product","2":"type-product","3":"status-publish","4":"has-post-thumbnail","6":"product_cat-actividades-san-andres-isla","7":"product_cat-bookly-san-andres","8":"product_cat-sanandresislas","9":"product_tag-bookly","11":"first","12":"instock","13":"virtual","14":"purchasable","15":"product-type-simple"},"_links":{"self":[{"href":"https:\/\/portofinocaribe.com\/index.php\/wp-json\/wp\/v2\/product\/6889","targetHints":{"allow":["GET"]}}],"collection":[{"href":"https:\/\/portofinocaribe.com\/index.php\/wp-json\/wp\/v2\/product"}],"about":[{"href":"https:\/\/portofinocaribe.com\/index.php\/wp-json\/wp\/v2\/types\/product"}],"wp:featuredmedia":[{"embeddable":true,"href":"https:\/\/portofinocaribe.com\/index.php\/wp-json\/wp\/v2\/media\/1309"}],"wp:attachment":[{"href":"https:\/\/portofinocaribe.com\/index.php\/wp-json\/wp\/v2\/media?parent=6889"}],"wp:term":[{"taxonomy":"product_brand","embeddable":true,"href":"https:\/\/portofinocaribe.com\/index.php\/wp-json\/wp\/v2\/product_brand?post=6889"},{"taxonomy":"product_cat","embeddable":true,"href":"https:\/\/portofinocaribe.com\/index.php\/wp-json\/wp\/v2\/product_cat?post=6889"},{"taxonomy":"product_tag","embeddable":true,"href":"https:\/\/portofinocaribe.com\/index.php\/wp-json\/wp\/v2\/product_tag?post=6889"}],"curies":[{"name":"wp","href":"https:\/\/api.w.org\/{rel}","templated":true}]}}