{"id":6900,"date":"2025-08-31T20:21:43","date_gmt":"2025-09-01T01:21:43","guid":{"rendered":"https:\/\/portofinocaribe.com\/?post_type=product&#038;p=6900"},"modified":"2026-02-24T11:50:16","modified_gmt":"2026-02-24T16:50:16","slug":"mini-curso-de-buceo-bookly","status":"publish","type":"product","link":"https:\/\/portofinocaribe.com\/index.php\/product\/mini-curso-de-buceo-bookly\/","title":{"rendered":"MINI CURSO DE BUCEO"},"content":{"rendered":"<h2><b>MINI CURSO DE BUCEO<\/b><\/h2>\n<p data-start=\"217\" data-end=\"538\"><strong data-start=\"128\" data-end=\"168\">Descubre un mundo bajo la superficie<\/strong><\/p>\n<p class=\"\" data-start=\"217\" data-end=\"538\">Con nuestro programa Discover Scuba Diving, tambi\u00e9n conocido como bautizo o mini curso de buceo. Vivir\u00e1s tu primera inmersi\u00f3n en el fascinante mundo del buceo, de forma segura, guiada y emocionante.<\/p>\n<p class=\"\" data-start=\"540\" data-end=\"802\">Aprender\u00e1s lo b\u00e1sico: desde c\u00f3mo usar el equipo de buceo en aguas poco profundas, hasta c\u00f3mo respirar bajo el agua con total confianza. No necesitas experiencia previa, solo ganas de sumergirte en algo incre\u00edble.<\/p>\n<p class=\"\" data-start=\"804\" data-end=\"954\"><strong>Esta experiencia es tu puerta de entrada a un nuevo universo&#8230; el universo submarino.<\/strong><\/p>\n<p><b>Horarios: <\/b><\/p>\n<ul>\n<li>Lunes a s\u00e1bados: 08:00 am a\u00a011:30 am o 02:00 pm a 05:30 pm aproximadamente<\/li>\n<li>Domingos y festivos: 8:00 am a 11:30 am aproximadamente<\/li>\n<\/ul>\n<p><strong>D\u00edas de operaci\u00f3n:<\/strong> Lunes a domingos.<\/p>\n<p><b>Ubicaci\u00f3n: <span style=\"font-weight: 400;\">San Andr\u00e9s Divers, Carretera Circunvalar KM. 8.5 <\/span><\/b><\/p>\n<p><b>Incluye<\/b><\/p>\n<ul>\n<li><span style=\"font-weight: 400;\">Traslado ida y regreso: hotel-San Andr\u00e9s Divers- hotel.<\/span><\/li>\n<li><span style=\"font-weight: 400;\">Clase te\u00f3rico-pr\u00e1ctica con buzo profesional.<\/span><\/li>\n<li><span style=\"font-weight: 400;\">Uso del equipo de buceo.<\/span><\/li>\n<li><span style=\"font-weight: 400;\">Inmersi\u00f3n en piscina.<\/span><\/li>\n<li><span style=\"font-weight: 400;\">Inmersi\u00f3n en el mar de 30 minutos.<\/span><\/li>\n<\/ul>\n<p><b>No incluye<\/b><\/p>\n<ul>\n<li><span style=\"font-weight: 400;\">Alimentaci\u00f3n y bebidas.<\/span><\/li>\n<li><span style=\"font-weight: 400;\">Gastos no especificados en el plan.<\/span><\/li>\n<\/ul>\n<p><b>Observaciones:<\/b><\/p>\n<ul>\n<li><b> <\/b>El pasajero debe tener en cuenta que despu\u00e9s de bucear debe dejar un m\u00ednimo de 24 horas para montarse en un avi\u00f3n.<\/li>\n<li>Para hacer el mini curso de buceo, debes tener al menos 10 a\u00f1os de edad.<\/li>\n<li>El desarrollo de la actividad est\u00e1 sujeto a las condiciones climatol\u00f3gicas.<\/li>\n<li>No es una certificaci\u00f3n de buceo, es recreativo.<\/li>\n<li><span class=\"selectable-text copyable-text xkrh14z\">De regreso hacia su lugar de hospedaje no se realizan traslados individuales, al terminar la actividad puede disfrutar en zonas comunes como la piscina en San Andr\u00e9s Divers, mientras se realiza la log\u00edstica del veh\u00edculo.<\/span><\/li>\n<li>La confirmaci\u00f3n de la reserva ser\u00e1 enviada al correo electr\u00f3nico proporcionado al momento de la compra.<\/li>\n<\/ul>\n<p><b>C\u00f3digo de vestuario: <\/b>T<span style=\"font-weight: 400;\">raje de ba\u00f1o.<\/span><\/p>\n<p><b>Video<\/b><\/p>\n<div style=\"width: 400px;\" class=\"wp-video\"><!--[if lt IE 9]><script>document.createElement('video');<\/script><![endif]-->\n<video class=\"wp-video-shortcode\" id=\"video-6900-1\" width=\"400\" height=\"600\" preload=\"metadata\" controls=\"controls\"><source type=\"video\/mp4\" src=\"http:\/\/portofinocaribe.com\/wp-content\/uploads\/2026\/02\/MINI-CURSO-DE-BUCEO-SAI.mp4?_=1\" \/><a href=\"http:\/\/portofinocaribe.com\/wp-content\/uploads\/2026\/02\/MINI-CURSO-DE-BUCEO-SAI.mp4\">http:\/\/portofinocaribe.com\/wp-content\/uploads\/2026\/02\/MINI-CURSO-DE-BUCEO-SAI.mp4<\/a><\/video><\/div>\n","protected":false},"excerpt":{"rendered":"<p><span style=\"font-weight: 400;\">\u00a1Vive la emoci\u00f3n de bucear y d\u00e9jate sorprender!<\/span><\/p>\n<div class=\"precios-rebajados\">\n<div class=\"tittle-rebajas\">\n<p id=\"texto-lineado\"><img decoding=\"async\" src=\"http:\/\/portofinocaribe.com\/wp-content\/uploads\/2025\/06\/3770820_Mesa-de-trabajo-1.webp\" alt=\"etiqueta-precio\" width=\"25\" \/><\/p>\n<p id=\"precio-normal\">$140.000 COP<\/p>\n<\/div>\n<div class=\"sub-tittle-rebajas\">\n<p>PRECIO POR PERSONA<\/p>\n<\/div>\n<\/div>\n[bookly-form category_id=\"3\" service_id=\"22\" staff_member_id=\"10\" show_number_of_persons=\"1\" hide=\"categories,services,staff_members,date,week_days,time_range\"]\n","protected":false},"featured_media":2036,"template":"","meta":[],"product_brand":[],"product_cat":[62,42,18],"product_tag":[61],"class_list":{"0":"post-6900","1":"product","2":"type-product","3":"status-publish","4":"has-post-thumbnail","6":"product_cat-bookly-san-andres","7":"product_cat-hostal-san-andres-isla","8":"product_cat-sanandresislas","9":"product_tag-bookly","11":"first","12":"instock","13":"virtual","14":"purchasable","15":"product-type-simple"},"_links":{"self":[{"href":"https:\/\/portofinocaribe.com\/index.php\/wp-json\/wp\/v2\/product\/6900","targetHints":{"allow":["GET"]}}],"collection":[{"href":"https:\/\/portofinocaribe.com\/index.php\/wp-json\/wp\/v2\/product"}],"about":[{"href":"https:\/\/portofinocaribe.com\/index.php\/wp-json\/wp\/v2\/types\/product"}],"wp:featuredmedia":[{"embeddable":true,"href":"https:\/\/portofinocaribe.com\/index.php\/wp-json\/wp\/v2\/media\/2036"}],"wp:attachment":[{"href":"https:\/\/portofinocaribe.com\/index.php\/wp-json\/wp\/v2\/media?parent=6900"}],"wp:term":[{"taxonomy":"product_brand","embeddable":true,"href":"https:\/\/portofinocaribe.com\/index.php\/wp-json\/wp\/v2\/product_brand?post=6900"},{"taxonomy":"product_cat","embeddable":true,"href":"https:\/\/portofinocaribe.com\/index.php\/wp-json\/wp\/v2\/product_cat?post=6900"},{"taxonomy":"product_tag","embeddable":true,"href":"https:\/\/portofinocaribe.com\/index.php\/wp-json\/wp\/v2\/product_tag?post=6900"}],"curies":[{"name":"wp","href":"https:\/\/api.w.org\/{rel}","templated":true}]}}