{"id":6903,"date":"2025-08-31T20:23:32","date_gmt":"2025-09-01T01:23:32","guid":{"rendered":"https:\/\/portofinocaribe.com\/?post_type=product&#038;p=6903"},"modified":"2026-01-29T14:41:21","modified_gmt":"2026-01-29T19:41:21","slug":"acuario-directo-bookly","status":"publish","type":"product","link":"https:\/\/portofinocaribe.com\/index.php\/product\/acuario-directo-bookly\/","title":{"rendered":"ACUARIO DIRECTO"},"content":{"rendered":"<h2><b>ACUARIO DIRECTO<\/b><\/h2>\n<p class=\"\" data-start=\"124\" data-end=\"199\"><strong data-start=\"128\" data-end=\"195\">\u00a0\u00a1Camina, nada y flota en el para\u00edso!<\/strong><\/p>\n<p class=\"\" data-start=\"201\" data-end=\"517\">Imagina un lugar donde caminar sobre el agua parece posible&#8230; Ese lugar existe, popularmente llamado Acuario, tambi\u00e9n conocido como Rose Cay. Con aguas cristalinas y poco profundas que apenas superan el metro de altura, este para\u00edso natural te permite moverte entre cayos como si estuvieras flotando en el mar.<\/p>\n<p class=\"\" data-start=\"519\" data-end=\"871\">Desde Haynes Cay podr\u00e1s cruzar tranquilamente hacia Rose Cay caminando o nadando\u00a0entre cientos de peces tropicales que se deslizan a tu alrededor como en un acuario natural. A tu alrededor, el horizonte se pierde en el mar abierto, creando la sensaci\u00f3n m\u00e1gica de estar en medio del oc\u00e9ano.<\/p>\n<p class=\"\" data-start=\"873\" data-end=\"1075\"><strong>Una experiencia \u00fanica que combina paisajes de ensue\u00f1o, vida marina vibrante y la inigualable belleza del mar de los siete colores.<\/strong><\/p>\n<p><strong>Citaci\u00f3n: <\/strong>8:30 am.<\/p>\n<p><b>Hora de salida: <\/b>9:00 am.<\/p>\n<p><b>Hora de regreso: <\/b>1:00 pm.<\/p>\n<p><b>Duraci\u00f3n: <\/b><span style=\"font-weight: 400;\">4 horas aproximadamente.<\/span><\/p>\n<p><strong>D\u00edas de operaci\u00f3n:<\/strong> Lunes a domingos.<\/p>\n<p><b>Ubicaci\u00f3n: <\/b><span style=\"font-weight: 400;\">Marina Portofino (Avenida Newball frente al Parque de la Barracuda)<\/span><\/p>\n<p><b>Incluye<\/b><\/p>\n<ul>\n<li><span style=\"font-weight: 400;\">Transporte en lancha trayecto ida y regreso.<\/span><\/li>\n<\/ul>\n<p><b>No incluye<\/b><\/p>\n<ul>\n<li><span style=\"font-weight: 400;\">Alimentaci\u00f3n y bebidas.<\/span><\/li>\n<\/ul>\n<p><b>Observaciones<\/b><\/p>\n<ul>\n<li><b> <\/b>Llamada\u00a0por orden de llegada al momento de embarcar al bote.<\/li>\n<li>Ni\u00f1os a partir de 4 a\u00f1os de edad deber\u00e1n pagar la actividad.<\/li>\n<li>La confirmaci\u00f3n de la reserva ser\u00e1 enviada al correo electr\u00f3nico proporcionado al momento de la compra.<\/li>\n<\/ul>\n<p><strong>El desarrollo del tour est\u00e1 sujeto a las condiciones climatol\u00f3gicas.\u00a0<\/strong><\/p>\n<p><b>C\u00f3digo de vestuario: <\/b><span style=\"font-weight: 400;\">Vestuario informal, traje de ba\u00f1o.<\/span><\/p>\n<p>&nbsp;<\/p>\n","protected":false},"excerpt":{"rendered":"<p><span style=\"font-weight: 400;\">Explora un sitio donde parece que caminar sobre el agua fuera posible.<\/span><\/p>\n<div class=\"precios-rebajados\">\n<div class=\"tittle-rebajas\">\n<p id=\"texto-lineado\"><img decoding=\"async\" src=\"http:\/\/portofinocaribe.com\/wp-content\/uploads\/2025\/06\/3770820_Mesa-de-trabajo-1.webp\" alt=\"etiqueta-precio\" width=\"25\" \/><\/p>\n<p id=\"precio-normal\">$75.000 COP<\/p>\n<\/div>\n<div class=\"sub-tittle-rebajas\">\n<p>PRECIO POR PERSONA<\/p>\n<\/div>\n<\/div>\n[bookly-form category_id=\"1\" service_id=\"3\" staff_member_id=\"5\" show_number_of_persons=\"1\" hide=\"categories,services,staff_members,date,week_days,time_range\"]\n","protected":false},"featured_media":2781,"template":"","meta":[],"product_brand":[],"product_cat":[29,62,18],"product_tag":[61],"class_list":{"0":"post-6903","1":"product","2":"type-product","3":"status-publish","4":"has-post-thumbnail","6":"product_cat-actividades-san-andres-isla","7":"product_cat-bookly-san-andres","8":"product_cat-sanandresislas","9":"product_tag-bookly","11":"first","12":"instock","13":"virtual","14":"purchasable","15":"product-type-simple"},"_links":{"self":[{"href":"https:\/\/portofinocaribe.com\/index.php\/wp-json\/wp\/v2\/product\/6903","targetHints":{"allow":["GET"]}}],"collection":[{"href":"https:\/\/portofinocaribe.com\/index.php\/wp-json\/wp\/v2\/product"}],"about":[{"href":"https:\/\/portofinocaribe.com\/index.php\/wp-json\/wp\/v2\/types\/product"}],"wp:featuredmedia":[{"embeddable":true,"href":"https:\/\/portofinocaribe.com\/index.php\/wp-json\/wp\/v2\/media\/2781"}],"wp:attachment":[{"href":"https:\/\/portofinocaribe.com\/index.php\/wp-json\/wp\/v2\/media?parent=6903"}],"wp:term":[{"taxonomy":"product_brand","embeddable":true,"href":"https:\/\/portofinocaribe.com\/index.php\/wp-json\/wp\/v2\/product_brand?post=6903"},{"taxonomy":"product_cat","embeddable":true,"href":"https:\/\/portofinocaribe.com\/index.php\/wp-json\/wp\/v2\/product_cat?post=6903"},{"taxonomy":"product_tag","embeddable":true,"href":"https:\/\/portofinocaribe.com\/index.php\/wp-json\/wp\/v2\/product_tag?post=6903"}],"curies":[{"name":"wp","href":"https:\/\/api.w.org\/{rel}","templated":true}]}}