{"id":6912,"date":"2025-08-31T20:29:51","date_gmt":"2025-09-01T01:29:51","guid":{"rendered":"https:\/\/portofinocaribe.com\/?post_type=product&#038;p=6912"},"modified":"2026-04-10T11:21:04","modified_gmt":"2026-04-10T16:21:04","slug":"bote-deportivo-full-day-islas-del-rosario-bookly","status":"publish","type":"product","link":"https:\/\/portofinocaribe.com\/index.php\/product\/bote-deportivo-full-day-islas-del-rosario-bookly\/","title":{"rendered":"BOTE DEPORTIVO MAMA LINDA"},"content":{"rendered":"<p><b>BOTE DEPORTIVO MAMA LINDA<\/b><\/p>\n<p>Disfrutar de un paseo en nuestro bote deportivo \u201cMama Linda\u201d en las aguas cristalinas, es una excelente opci\u00f3n para explorar las hermosas Islas del Rosario. Cuenta con capacidad para hasta 14 personas, es ideal para paseos en d\u00edas de sol con grupos de amigos y familias, ya que ofrece comodidad, seguridad y la mejor aventura en el mar.<\/p>\n<p><b>Incluye<\/b><\/p>\n<ul>\n<li><span style=\"font-weight: 400;\">Ingreso al Muelle\u00a0<\/span><\/li>\n<li><span style=\"font-weight: 400;\">Tripulaci\u00f3n certificada<\/span><\/li>\n<li><span style=\"font-weight: 400;\">Nevera con hielo<\/span><\/li>\n<li><span style=\"font-weight: 400;\">Escalera de ascenso y descenso al agua<\/span><\/li>\n<li><span style=\"font-weight: 400;\">Conexi\u00f3n a bluetooth<\/span><\/li>\n<\/ul>\n<p><b>No incluye<\/b><\/p>\n<ul>\n<li><span style=\"font-weight: 400;\">Transporte terrestre (como retorno a hotel, costo adicional) <\/span><\/li>\n<li><span style=\"font-weight: 400;\">Alimentaci\u00f3n y bebidas<\/span><\/li>\n<li>Ba\u00f1os<\/li>\n<li><span style=\"font-weight: 400;\">Gastos no especificados en el plan<\/span><\/li>\n<\/ul>\n<p><strong>Citaci\u00f3n<\/strong>: 08:30 am.<\/p>\n<p><b>Hora de salida: <\/b>09:00 am.<\/p>\n<p><b>Hora de retorno:<\/b> 04:00 pm.<\/p>\n<p><b>Duraci\u00f3n: <\/b><span style=\"font-weight: 400;\">7 horas.<\/span><\/p>\n<p><strong>D\u00edas de operaci\u00f3n:<\/strong> Lunes a domingos.<\/p>\n<p><b>Ubicaci\u00f3n: <\/b><span style=\"font-weight: 400;\">Club N\u00e1utico de Manga.<\/span><\/p>\n<p><strong>Observaci\u00f3n\u00a0<\/strong><\/p>\n<ul>\n<li>La confirmaci\u00f3n de la reserva ser\u00e1 enviada al correo electr\u00f3nico proporcionado al momento de la compra.<\/li>\n<\/ul>\n<p><b>C\u00f3digo de vestuario: <\/b><span style=\"font-weight: 400;\">Vestuario casual, traje de ba\u00f1o.<\/span><\/p>\n","protected":false},"excerpt":{"rendered":"<p>Disponible para alquiler privado, ideal para explorar las aguas cristalinas de las Islas del Rosario.<\/p>\n<div class=\"precios-rebajados\">\n<div class=\"tittle-rebajas\">\n<p id=\"texto-lineado\"><img decoding=\"async\" src=\"http:\/\/portofinocaribe.com\/wp-content\/uploads\/2025\/06\/3770820_Mesa-de-trabajo-1.webp\" alt=\"etiqueta-precio\" width=\"25\" \/><\/p>\n<p id=\"precio-normal\">$1.800.000 COP<\/p>\n<\/div>\n<div class=\"sub-tittle-rebajas\">\n<p>PRECIO POR ALQUILER<\/p>\n<\/div>\n<\/div>\n[bookly-form category_id=\"6\" service_id=\"26\" staff_member_id=\"22\" hide=\"categories,services,staff_members,date,week_days,time_range\"]\n","protected":false},"featured_media":9544,"template":"","meta":[],"product_brand":[],"product_cat":[26,63,17],"product_tag":[61],"class_list":{"0":"post-6912","1":"product","2":"type-product","3":"status-publish","4":"has-post-thumbnail","6":"product_cat-actividades-maritimas-cartagena","7":"product_cat-bookly-cartagena","8":"product_cat-cartagena","9":"product_tag-bookly","11":"first","12":"instock","13":"virtual","14":"purchasable","15":"product-type-simple"},"_links":{"self":[{"href":"https:\/\/portofinocaribe.com\/index.php\/wp-json\/wp\/v2\/product\/6912","targetHints":{"allow":["GET"]}}],"collection":[{"href":"https:\/\/portofinocaribe.com\/index.php\/wp-json\/wp\/v2\/product"}],"about":[{"href":"https:\/\/portofinocaribe.com\/index.php\/wp-json\/wp\/v2\/types\/product"}],"wp:featuredmedia":[{"embeddable":true,"href":"https:\/\/portofinocaribe.com\/index.php\/wp-json\/wp\/v2\/media\/9544"}],"wp:attachment":[{"href":"https:\/\/portofinocaribe.com\/index.php\/wp-json\/wp\/v2\/media?parent=6912"}],"wp:term":[{"taxonomy":"product_brand","embeddable":true,"href":"https:\/\/portofinocaribe.com\/index.php\/wp-json\/wp\/v2\/product_brand?post=6912"},{"taxonomy":"product_cat","embeddable":true,"href":"https:\/\/portofinocaribe.com\/index.php\/wp-json\/wp\/v2\/product_cat?post=6912"},{"taxonomy":"product_tag","embeddable":true,"href":"https:\/\/portofinocaribe.com\/index.php\/wp-json\/wp\/v2\/product_tag?post=6912"}],"curies":[{"name":"wp","href":"https:\/\/api.w.org\/{rel}","templated":true}]}}