{"id":6917,"date":"2025-08-31T20:31:06","date_gmt":"2025-09-01T01:31:06","guid":{"rendered":"https:\/\/portofinocaribe.com\/?post_type=product&#038;p=6917"},"modified":"2026-02-21T09:45:31","modified_gmt":"2026-02-21T14:45:31","slug":"chiva-rumbera-bookly","status":"publish","type":"product","link":"https:\/\/portofinocaribe.com\/index.php\/product\/chiva-rumbera-bookly\/","title":{"rendered":"CHIVA RUMBERA"},"content":{"rendered":"<h2><b>CHIVA RUMBERA\u00a0<\/b><\/h2>\n<p class=\"\" data-start=\"0\" data-end=\"428\"><strong>\u00a1Prep\u00e1rate para una experiencia explosiva de sabor, ritmo y alegr\u00eda!<\/strong><\/p>\n<p class=\"\" data-start=\"0\" data-end=\"428\">Nuestra Chiva Rumbera <strong data-start=\"91\" data-end=\"109\">\u201cLa Remilgosa\u201d<\/strong> no es solo un veh\u00edculo, \u00a1es una fiesta rodante! S\u00fabete a esta joya cultural y d\u00e9jate llevar por una noche m\u00e1gica llena de m\u00fasica, baile sin parar, luces vibrantes y la animaci\u00f3n m\u00e1s en\u00e9rgica de la ciudad. Aqu\u00ed no solo se celebra, \u00a1se vive la rumba como un verdadero cartagenero!<\/p>\n<p><strong>Citaci\u00f3n<\/strong>: 6:30 pm<\/p>\n<p><b>Hora de salida: <\/b>7:00 pm<\/p>\n<p><b>Hora de retorno: <\/b>9:00 pm<\/p>\n<p><b>Duraci\u00f3n: <\/b><span style=\"font-weight: 400;\">2 horas<\/span><\/p>\n<p><strong>D\u00edas de operaci\u00f3n:<\/strong> Lunes a domingos<\/p>\n<p><b>Ubicaci\u00f3n: <\/b>Recogida en chiva en zonas espec\u00edficas.<\/p>\n<p><b>Incluye<\/b><\/p>\n<ul>\n<li><span style=\"font-weight: 400;\">Animaci\u00f3n, m\u00fasica y pista de baile<\/span><\/li>\n<li><span style=\"font-weight: 400;\">Recorrido panor\u00e1mico con rese\u00f1a hist\u00f3rica, con tres paradas en sitios de inter\u00e9s: Castillo San Felipe, Las Botas y Letras de \u00abCartagena\u00bb<\/span><\/li>\n<\/ul>\n<p><b>No incluye<\/b><\/p>\n<ul>\n<li><span style=\"font-weight: 400;\">Alimentos y bebidas<\/span><\/li>\n<li><span style=\"font-weight: 400;\">Gastos no especificados en el paquete<\/span><\/li>\n<\/ul>\n<p><b>Observaciones<\/b><\/p>\n<ul>\n<li><span style=\"font-weight: 400;\">No se permite el expendio y consumo de bebidas alcoh\u00f3licas dentro de la chiva. Pueden hacerlo fuera de la chiva, durante las paradas<\/span><\/li>\n<li>La confirmaci\u00f3n de la reserva ser\u00e1 enviada al correo electr\u00f3nico proporcionado al momento de la compra.<\/li>\n<\/ul>\n<p><b>C\u00f3digo de vestuario: <\/b><span style=\"font-weight: 400;\">Vestuario casual<\/span><\/p>\n<p><strong>Video<br \/>\n<\/strong><\/p>\n<div style=\"width: 720px;\" class=\"wp-video\"><!--[if lt IE 9]><script>document.createElement('video');<\/script><![endif]-->\n<video class=\"wp-video-shortcode\" id=\"video-6917-1\" width=\"720\" height=\"1280\" preload=\"metadata\" controls=\"controls\"><source type=\"video\/mp4\" src=\"http:\/\/portofinocaribe.com\/wp-content\/uploads\/2025\/08\/TOUR-CHIVA-RUMBERA.mp4?_=1\" \/><a href=\"http:\/\/portofinocaribe.com\/wp-content\/uploads\/2025\/08\/TOUR-CHIVA-RUMBERA.mp4\">http:\/\/portofinocaribe.com\/wp-content\/uploads\/2025\/08\/TOUR-CHIVA-RUMBERA.mp4<\/a><\/video><\/div>\n<p><span style=\"font-weight: 400;\"><strong>\u00a0<\/strong><\/span><\/p>\n","protected":false},"excerpt":{"rendered":"<p><span style=\"font-weight: 400;\">Goza de una fiesta andante en nuestra chiva \u00abLa Remilgosa\u00bb\u00a0<\/span><\/p>\n<div class=\"precios-rebajados\">\n<div class=\"tittle-rebajas\">\n<p id=\"texto-lineado\"><img decoding=\"async\" src=\"http:\/\/portofinocaribe.com\/wp-content\/uploads\/2025\/06\/adulto.webp\" alt=\"adulto-icono\" width=\"23\" \/><\/p>\n<p id=\"precio-normal\">$55.000 COP<\/p>\n<\/div>\n<div class=\"tittle-rebajas-op\">\n<p id=\"texto-lineado\"><img decoding=\"async\" src=\"http:\/\/portofinocaribe.com\/wp-content\/uploads\/2025\/06\/adulto-y-nino.webp\" alt=\"adulto-icono\" width=\"23\" \/><\/p>\n<p id=\"precio-normal\">$45.000 COP<\/p>\n<\/div>\n<\/div>\n[bookly-form category_id=\"7\" service_id=\"28\" staff_member_id=\"24\" show_number_of_persons=\"1\" hide=\"categories,services,staff_members,date,week_days,time_range\"]\n","protected":false},"featured_media":4228,"template":"","meta":[],"product_brand":[],"product_cat":[27,63,17],"product_tag":[61],"class_list":{"0":"post-6917","1":"product","2":"type-product","3":"status-publish","4":"has-post-thumbnail","6":"product_cat-actividades-terrestres-cartagena","7":"product_cat-bookly-cartagena","8":"product_cat-cartagena","9":"product_tag-bookly","11":"first","12":"instock","13":"virtual","14":"purchasable","15":"product-type-simple"},"_links":{"self":[{"href":"https:\/\/portofinocaribe.com\/index.php\/wp-json\/wp\/v2\/product\/6917","targetHints":{"allow":["GET"]}}],"collection":[{"href":"https:\/\/portofinocaribe.com\/index.php\/wp-json\/wp\/v2\/product"}],"about":[{"href":"https:\/\/portofinocaribe.com\/index.php\/wp-json\/wp\/v2\/types\/product"}],"wp:featuredmedia":[{"embeddable":true,"href":"https:\/\/portofinocaribe.com\/index.php\/wp-json\/wp\/v2\/media\/4228"}],"wp:attachment":[{"href":"https:\/\/portofinocaribe.com\/index.php\/wp-json\/wp\/v2\/media?parent=6917"}],"wp:term":[{"taxonomy":"product_brand","embeddable":true,"href":"https:\/\/portofinocaribe.com\/index.php\/wp-json\/wp\/v2\/product_brand?post=6917"},{"taxonomy":"product_cat","embeddable":true,"href":"https:\/\/portofinocaribe.com\/index.php\/wp-json\/wp\/v2\/product_cat?post=6917"},{"taxonomy":"product_tag","embeddable":true,"href":"https:\/\/portofinocaribe.com\/index.php\/wp-json\/wp\/v2\/product_tag?post=6917"}],"curies":[{"name":"wp","href":"https:\/\/api.w.org\/{rel}","templated":true}]}}