{"id":6923,"date":"2025-08-31T20:32:04","date_gmt":"2025-09-01T01:32:04","guid":{"rendered":"https:\/\/portofinocaribe.com\/?post_type=product&#038;p=6923"},"modified":"2026-04-29T15:55:36","modified_gmt":"2026-04-29T20:55:36","slug":"noche-blanca-bookly-2","status":"publish","type":"product","link":"https:\/\/portofinocaribe.com\/index.php\/product\/noche-blanca-bookly-2\/","title":{"rendered":"NOCHE BLANCA"},"content":{"rendered":"<h2><strong>NOCHE BLANCA\u00a0<\/strong><\/h2>\n<p>\u00ab<strong>La bah\u00eda se convierte en pista, \u00a1y t\u00fa en el alma de la fiesta!\u00bb<\/strong><\/p>\n<p>Vive una noche m\u00e1gica en la bah\u00eda de Cartagena a bordo nuestro espectacular barco Bequia <em>Eagle<\/em>.<br \/>\nLa Noche Blanca es una experiencia \u00fanica llena de m\u00fasica, baile y sabores, donde la ciudad se ilumina bajo las estrellas y el ambiente vibra con alegr\u00eda.<\/p>\n<p>Durante un recorrido de 3 horas, ser\u00e1s recibido con un delicioso c\u00f3ctel de bienvenida. Disfruta de DJ en vivo, un impactante show de baile y la mejor animaci\u00f3n mientras navegas por las aguas cartageneras. Adem\u00e1s, gozar\u00e1s de barra libre de c\u00f3cteles con licores nacionales y una exquisita cena que completar\u00e1 esta inolvidable velada.<\/p>\n<p><strong>Citaci\u00f3n:<\/strong> 07:15 pm.<\/p>\n<p><b>Hora de salida: <\/b>08:00 pm.<\/p>\n<p><b>Hora de regreso: <\/b>11:00 pm.<\/p>\n<p><b>Duraci\u00f3n: <\/b><span style=\"font-weight: 400;\">3 horas.<\/span><\/p>\n<p><strong>D\u00edas de operaci\u00f3n: <\/strong>Lunes a domingos.<\/p>\n<p><b>Ubicaci\u00f3n:<\/b><span style=\"font-weight: 400;\"> Muelle de la Bodeguita puerta No. 3<\/span><\/p>\n<p><b>Incluye<\/b><\/p>\n<ul>\n<li><span style=\"font-weight: 400;\">C\u00f3ctel de bienvenida<\/span><\/li>\n<li><span style=\"font-weight: 400;\">Recorrido de 3 horas por la bah\u00eda de Cartagena<\/span><\/li>\n<li><span style=\"font-weight: 400;\">Show de baile<\/span><\/li>\n<li><span style=\"font-weight: 400;\">Barra libre de c\u00f3cteles con licores nacionales (no cerveza)<\/span><\/li>\n<li><span style=\"font-weight: 400;\">Agua y gaseosa servida en vaso<\/span><\/li>\n<li><span style=\"font-weight: 400;\">Cena (2 prote\u00ednas, 4 acompa\u00f1amientos, postre y bebida)<\/span><\/li>\n<li><span style=\"font-weight: 400;\">Bailarines, animador y Dj en vivo<\/span><\/li>\n<li><span style=\"font-weight: 400;\">Acomodaci\u00f3n en mesas compartidas<\/span><\/li>\n<\/ul>\n<p><b>No incluye<\/b><\/p>\n<ul>\n<li><span style=\"font-weight: 400;\">Impuesto del muelle por persona, su pago es solo en efectivo. $18.000 pesos colombianos, sujeto a cambios sin previo aviso<\/span><\/li>\n<li><span style=\"font-weight: 400;\">Gastos no especificados en el paquete<\/span><\/li>\n<\/ul>\n<p><strong>Observaciones<\/strong><\/p>\n<ul>\n<li>La confirmaci\u00f3n de la reserva ser\u00e1 enviada al correo electr\u00f3nico proporcionado al momento de la compra.<\/li>\n<li>Ni\u00f1os a partir de 5 a\u00f1os deber\u00e1n pagar la actividad.<\/li>\n<\/ul>\n<p><b>C\u00f3digo de vestuario:\u00a0<\/b>Vestuario formal, se sugiere color blanco.<\/p>\n<p>&nbsp;<\/p>\n","protected":false},"excerpt":{"rendered":"<p><span style=\"font-weight: 400;\">Vive una noche llena de sabor y ritmo en la bah\u00eda de Cartagena, con cena y m\u00fasica a bordo.<\/span><\/p>\n<div class=\"precios-rebajados\">\n<div class=\"tittle-rebajas\">\n<p id=\"texto-lineado\"><img decoding=\"async\" src=\"http:\/\/portofinocaribe.com\/wp-content\/uploads\/2025\/06\/adulto.webp\" alt=\"adulto-icono\" width=\"23\" \/> <s>$280.000<\/s><\/p>\n<p id=\"precio-normal\">$200.000<\/p>\n<\/div>\n<\/div>\n[bookly-form category_id=\"6\" service_id=\"25\" staff_member_id=\"26\" show_number_of_persons=\"1\" hide=\"categories,services,staff_members,date,week_days,time_range\"]\n","protected":false},"featured_media":7843,"template":"","meta":[],"product_brand":[],"product_cat":[26,63,17],"product_tag":[61],"class_list":{"0":"post-6923","1":"product","2":"type-product","3":"status-publish","4":"has-post-thumbnail","6":"product_cat-actividades-maritimas-cartagena","7":"product_cat-bookly-cartagena","8":"product_cat-cartagena","9":"product_tag-bookly","11":"first","12":"instock","13":"virtual","14":"purchasable","15":"product-type-simple"},"_links":{"self":[{"href":"https:\/\/portofinocaribe.com\/index.php\/wp-json\/wp\/v2\/product\/6923","targetHints":{"allow":["GET"]}}],"collection":[{"href":"https:\/\/portofinocaribe.com\/index.php\/wp-json\/wp\/v2\/product"}],"about":[{"href":"https:\/\/portofinocaribe.com\/index.php\/wp-json\/wp\/v2\/types\/product"}],"wp:featuredmedia":[{"embeddable":true,"href":"https:\/\/portofinocaribe.com\/index.php\/wp-json\/wp\/v2\/media\/7843"}],"wp:attachment":[{"href":"https:\/\/portofinocaribe.com\/index.php\/wp-json\/wp\/v2\/media?parent=6923"}],"wp:term":[{"taxonomy":"product_brand","embeddable":true,"href":"https:\/\/portofinocaribe.com\/index.php\/wp-json\/wp\/v2\/product_brand?post=6923"},{"taxonomy":"product_cat","embeddable":true,"href":"https:\/\/portofinocaribe.com\/index.php\/wp-json\/wp\/v2\/product_cat?post=6923"},{"taxonomy":"product_tag","embeddable":true,"href":"https:\/\/portofinocaribe.com\/index.php\/wp-json\/wp\/v2\/product_tag?post=6923"}],"curies":[{"name":"wp","href":"https:\/\/api.w.org\/{rel}","templated":true}]}}