{"id":6926,"date":"2025-08-31T20:32:47","date_gmt":"2025-09-01T01:32:47","guid":{"rendered":"https:\/\/portofinocaribe.com\/?post_type=product&#038;p=6926"},"modified":"2026-04-13T09:36:59","modified_gmt":"2026-04-13T14:36:59","slug":"tour-bahia-bookly-2","status":"publish","type":"product","link":"https:\/\/portofinocaribe.com\/index.php\/product\/tour-bahia-bookly-2\/","title":{"rendered":"TOUR BAH\u00cdA"},"content":{"rendered":"<h2><strong>TOUR BAH\u00cdA<\/strong><\/h2>\n<p class=\"\" data-start=\"147\" data-end=\"592\"><strong data-start=\"147\" data-end=\"219\">\u00a1Emb\u00e1rcate en una fiesta flotante y vive Cartagena como nunca antes!<\/strong><br data-start=\"219\" data-end=\"222\" \/>Disfruta de una tarde m\u00e1gica en la espectacular bah\u00eda de Cartagena a bordo del Bequia Eagle, un barco lleno de ritmo, sabor y energ\u00eda caribe\u00f1a. Desde el muelle de La Bodeguita, ser\u00e1s recibido por nuestro amable staff, y al abordar, te daremos la bienvenida con un refrescante c\u00f3ctel, \u00a1perfecto para comenzar esta traves\u00eda al mejor estilo del Caribe!<\/p>\n<p class=\"\" data-start=\"594\" data-end=\"887\">Durante dos horas de tour, vivir\u00e1s una aut\u00e9ntica rumba en el mar, con m\u00fasica en vivo, DJ, animador, y un show de bailarines que pondr\u00e1n a vibrar la cubierta. Adem\u00e1s, podr\u00e1s acercarte a la barra y disfrutar de una selecci\u00f3n de c\u00f3cteles elaborados con los mejores licores nacionales.<\/p>\n<p class=\"\" data-start=\"889\" data-end=\"1055\"><strong>D\u00e9jate envolver por la magia de \u201cLa Fant\u00e1stica\u201d mientras navegas sus aguas al atardecer.\u00a0<\/strong><\/p>\n<p><strong>Citaci\u00f3n:<\/strong> 04:40 pm.<\/p>\n<p><b>Hora de salida: <\/b>05:30 pm.<\/p>\n<p><b>Hora de retorno: <\/b>07:30 pm.<\/p>\n<p><b>Duraci\u00f3n: <\/b><span style=\"font-weight: 400;\">2 horas.<\/span><\/p>\n<p><strong>D\u00edas de operaci\u00f3n:<\/strong> Lunes a domingos.<\/p>\n<p><b>Ubicaci\u00f3n: <\/b><span style=\"font-weight: 400;\">Muelle de la Bodeguita puerta No. 3<\/span><\/p>\n<p><b>Incluye<\/b><\/p>\n<ul>\n<li><span style=\"font-weight: 400;\">C\u00f3ctel de bienvenida<\/span><\/li>\n<li><span style=\"font-weight: 400;\">Avistamiento de la bah\u00eda de Cartagena<\/span><\/li>\n<li><span style=\"font-weight: 400;\">Show de baile<\/span><\/li>\n<li><span style=\"font-weight: 400;\">Clases de baile<\/span><\/li>\n<li><span style=\"font-weight: 400;\">Barra libre de c\u00f3cteles con licores nacionales (no cerveza)<\/span><\/li>\n<li><span style=\"font-weight: 400;\">Agua y gaseosa servida en vaso<\/span><\/li>\n<li><span style=\"font-weight: 400;\">Bailarines, animador y Dj en vivo<\/span><\/li>\n<li><span style=\"font-weight: 400;\">Acomodaci\u00f3n en mesas compartidas<\/span><\/li>\n<\/ul>\n<p><b>No incluye<\/b><\/p>\n<ul>\n<li><span style=\"font-weight: 400;\">Alimentos<\/span><\/li>\n<li><span style=\"font-weight: 400;\">Impuesto del muelle por persona, su pago es solo en efectivo. $18.000 pesos colombianos, sujeto a cambios sin previo aviso<\/span><\/li>\n<li><span style=\"font-weight: 400;\">Gastos no especificados en el paquete<\/span><\/li>\n<\/ul>\n<p><strong>Observaci\u00f3n\u00a0<\/strong><\/p>\n<ul>\n<li>La confirmaci\u00f3n de la reserva ser\u00e1 enviada al correo electr\u00f3nico proporcionado al momento de la compra.<\/li>\n<\/ul>\n<p><b>C\u00f3digo de vestuario: <\/b><span style=\"font-weight: 400;\">Vestuario casual.<\/span><\/p>\n<p><strong>Video.<br \/>\n<\/strong><\/p>\n<div style=\"width: 720px;\" class=\"wp-video\"><!--[if lt IE 9]><script>document.createElement('video');<\/script><![endif]-->\n<video class=\"wp-video-shortcode\" id=\"video-6926-1\" width=\"720\" height=\"1280\" preload=\"metadata\" controls=\"controls\"><source type=\"video\/mp4\" src=\"http:\/\/portofinocaribe.com\/wp-content\/uploads\/2026\/02\/WhatsApp-Video-2026-02-03-at-4.00.41-PM.mp4?_=1\" \/><a href=\"http:\/\/portofinocaribe.com\/wp-content\/uploads\/2026\/02\/WhatsApp-Video-2026-02-03-at-4.00.41-PM.mp4\">http:\/\/portofinocaribe.com\/wp-content\/uploads\/2026\/02\/WhatsApp-Video-2026-02-03-at-4.00.41-PM.mp4<\/a><\/video><\/div>\n<p><span style=\"font-weight: 400;\"><strong>\u00a0<\/strong><\/span><\/p>\n","protected":false},"excerpt":{"rendered":"<p><span style=\"font-weight: 400;\">Vive una tarde inolvidable en la bah\u00eda de Cartagena a bordo del barco Bequia Eagle.<\/span><\/p>\n<div class=\"tittle-rebajas\">\n<p id=\"texto-lineado\"><img decoding=\"async\" src=\"http:\/\/portofinocaribe.com\/wp-content\/uploads\/2025\/06\/adulto.webp\" alt=\"adulto-icono\" width=\"23\" \/> <s>$135.000<\/s><\/p>\n<p id=\"precio-normal\">$121.500<\/p>\n<\/div>\n<div class=\"tittle-rebajas-op\">\n<p id=\"texto-lineado\"><img decoding=\"async\" src=\"http:\/\/portofinocaribe.com\/wp-content\/uploads\/2025\/06\/adulto-y-nino.webp\" alt=\"adulto-icono\" width=\"23\" \/> <s>$110.000<\/s><\/p>\n<p id=\"precio-normal\">$99.000<\/p>\n<\/div>\n[bookly-form category_id=\"6\" service_id=\"24\" staff_member_id=\"27\" show_number_of_persons=\"1\" hide=\"categories,services,staff_members,date,week_days,time_range\"]\n","protected":false},"featured_media":3493,"template":"","meta":[],"product_brand":[],"product_cat":[26,63,17],"product_tag":[61],"class_list":{"0":"post-6926","1":"product","2":"type-product","3":"status-publish","4":"has-post-thumbnail","6":"product_cat-actividades-maritimas-cartagena","7":"product_cat-bookly-cartagena","8":"product_cat-cartagena","9":"product_tag-bookly","11":"first","12":"instock","13":"virtual","14":"purchasable","15":"product-type-simple"},"_links":{"self":[{"href":"https:\/\/portofinocaribe.com\/index.php\/wp-json\/wp\/v2\/product\/6926","targetHints":{"allow":["GET"]}}],"collection":[{"href":"https:\/\/portofinocaribe.com\/index.php\/wp-json\/wp\/v2\/product"}],"about":[{"href":"https:\/\/portofinocaribe.com\/index.php\/wp-json\/wp\/v2\/types\/product"}],"wp:featuredmedia":[{"embeddable":true,"href":"https:\/\/portofinocaribe.com\/index.php\/wp-json\/wp\/v2\/media\/3493"}],"wp:attachment":[{"href":"https:\/\/portofinocaribe.com\/index.php\/wp-json\/wp\/v2\/media?parent=6926"}],"wp:term":[{"taxonomy":"product_brand","embeddable":true,"href":"https:\/\/portofinocaribe.com\/index.php\/wp-json\/wp\/v2\/product_brand?post=6926"},{"taxonomy":"product_cat","embeddable":true,"href":"https:\/\/portofinocaribe.com\/index.php\/wp-json\/wp\/v2\/product_cat?post=6926"},{"taxonomy":"product_tag","embeddable":true,"href":"https:\/\/portofinocaribe.com\/index.php\/wp-json\/wp\/v2\/product_tag?post=6926"}],"curies":[{"name":"wp","href":"https:\/\/api.w.org\/{rel}","templated":true}]}}