{"id":7168,"date":"2025-09-10T12:24:07","date_gmt":"2025-09-10T17:24:07","guid":{"rendered":"https:\/\/portofinocaribe.com\/?post_type=product&#038;p=7168"},"modified":"2026-04-11T12:08:38","modified_gmt":"2026-04-11T17:08:38","slug":"open-water","status":"publish","type":"product","link":"https:\/\/portofinocaribe.com\/index.php\/product\/open-water\/","title":{"rendered":"OPEN WATER"},"content":{"rendered":"<h2><b>OPEN WATER\u00a0\u00a0<\/b><\/h2>\n<article class=\"text-token-text-primary w-full\" dir=\"auto\" data-testid=\"conversation-turn-10\" data-scroll-anchor=\"true\">\n<div class=\"text-base my-auto mx-auto py-5 [--thread-content-margin:--spacing(4)] @[37rem]:[--thread-content-margin:--spacing(6)] @[72rem]:[--thread-content-margin:--spacing(16)] px-(--thread-content-margin)\">\n<div class=\"[--thread-content-max-width:32rem] @[34rem]:[--thread-content-max-width:40rem] @[64rem]:[--thread-content-max-width:48rem] mx-auto flex max-w-(--thread-content-max-width) flex-1 text-base gap-4 md:gap-5 lg:gap-6 group\/turn-messages focus-visible:outline-hidden\">\n<div class=\"group\/conversation-turn relative flex w-full min-w-0 flex-col agent-turn\">\n<div class=\"relative flex-col gap-1 md:gap-3\">\n<div class=\"flex max-w-full flex-col grow\">\n<div class=\"min-h-8 text-message relative flex w-full flex-col items-end gap-2 text-start break-words whitespace-normal [.text-message+&amp;]:mt-5\" dir=\"auto\" data-message-author-role=\"assistant\" data-message-id=\"5b8053ca-0838-4237-9d23-ffc14c800d01\" data-message-model-slug=\"gpt-4o-mini\">\n<div class=\"flex w-full flex-col gap-1 empty:hidden first:pt-[3px]\">\n<div class=\"markdown prose dark:prose-invert w-full break-words light\">\n<p class=\"\" data-start=\"0\" data-end=\"113\"><strong>Open Water Diver: Abre las puertas del oc\u00e9ano con seguridad y confianza.<\/strong><\/p>\n<\/div>\n<\/div>\n<\/div>\n<\/div>\n<\/div>\n<\/div>\n<\/div>\n<\/div>\n<\/article>\n<p>\u00bfTe imaginas explorar el fascinante mundo bajo el agua con total seguridad y confianza? Con el curso Open Water, no solo aprender\u00e1s los conocimientos esenciales para bucear de manera tranquila, sino que tambi\u00e9n te convertir\u00e1s en un buceador certificado a nivel internacional. Obtendr\u00e1s la codiciada credencial PADI , lo que te permitir\u00e1 unirte a excursiones submarinas en cualquier rinc\u00f3n del planeta, hasta una profundidad de 18 metros.<\/p>\n<p><strong>Prep\u00e1rate para sumergirte en una experiencia \u00fanica y segura, donde la aventura no tiene l\u00edmites.<\/strong><\/p>\n<p><b>Hora de salida: <\/b>Se debe coordinar con San Andr\u00e9s Divers.<\/p>\n<p><b>Duraci\u00f3n:<\/b><span style=\"font-weight: 400;\"> 3 d\u00edas aproximadamente.<\/span><\/p>\n<p><strong>D\u00edas de operaci\u00f3n:<\/strong> Lunes a domingos.<\/p>\n<p><b>Ubicaci\u00f3n: <span style=\"font-weight: 400;\">San Andr\u00e9s Divers, Carretera Circunvalar KM. 8.5 <\/span><\/b><\/p>\n<p><b>Incluye<\/b><\/p>\n<ul>\n<li><span style=\"font-weight: 400;\">Traslado ida y regreso: hotel-San Andr\u00e9s Divers- hotel.<\/span><\/li>\n<li><span style=\"font-weight: 400;\">Material de estudio digital, tablas de buceo, hologramas y picks de certificaci\u00f3n.<\/span><\/li>\n<li><span style=\"font-weight: 400;\">Desarrollo de conocimientos para comprender los principios b\u00e1sicos del buceo aut\u00f3nomo.<\/span><\/li>\n<li><span style=\"font-weight: 400;\">Inmersiones en aguas confinadas (piscina) para aprender las t\u00e9cnicas de buceo b\u00e1sicas.<\/span><\/li>\n<li><span style=\"font-weight: 400;\">4 inmersiones en aguas abiertas para repasar tus habilidades y explorar.<\/span><\/li>\n<li><span style=\"font-weight: 400;\">Uso del equipo completo de buceo.<\/span><\/li>\n<li><span style=\"font-weight: 400;\">Supervisi\u00f3n y gu\u00eda de un instructor PADI.<\/span><\/li>\n<li><span style=\"font-weight: 400;\">Certificaci\u00f3n internacional PADI (digital).<\/span><\/li>\n<\/ul>\n<p><b>No incluye<\/b><\/p>\n<ul>\n<li><span style=\"font-weight: 400;\">Gastos no especificados en el plan.<\/span><\/li>\n<li><span style=\"font-weight: 400;\">Alimentos y bebidas.<\/span><\/li>\n<\/ul>\n<p><b>Observaciones<\/b><\/p>\n<ul>\n<li>El pasajero debe tener en cuenta que despu\u00e9s de bucear debe dejar un m\u00ednimo de 24 horas para montarse en un avi\u00f3n.<\/li>\n<li>La confirmaci\u00f3n de la reserva ser\u00e1 enviada al correo electr\u00f3nico proporcionado al momento de la compra.<\/li>\n<\/ul>\n<p><span style=\"font-weight: 400;\"><strong>Requisitos para curso de certificaci\u00f3n<\/strong><\/span><\/p>\n<ul>\n<li><span style=\"font-weight: 400;\">Gozar de buena salud.\u00a0<\/span><\/li>\n<li><span style=\"font-weight: 400;\">Tener de 10 a\u00f1os de edad en adelante; de 10 a 14 a\u00f1os el certificado corresponde a PADI OWD J\u00fanior. La \u00fanica limitaci\u00f3n es que beneficiario del brevet deber\u00e1 bucear con un mayor hasta que cumpla los 15 a\u00f1os de edad y tramite el brevet de PADI OWD.<\/span><\/li>\n<\/ul>\n<p><b>C\u00f3digo de vestuario: <\/b>T<span style=\"font-weight: 400;\">raje de ba\u00f1o.<\/span><\/p>\n<p><b>Video<\/b><\/p>\n<div style=\"width: 400px;\" class=\"wp-video\"><!--[if lt IE 9]><script>document.createElement('video');<\/script><![endif]-->\n<video class=\"wp-video-shortcode\" id=\"video-7168-1\" width=\"400\" height=\"600\" preload=\"metadata\" controls=\"controls\"><source type=\"video\/mp4\" src=\"https:\/\/portofinocaribe.com\/wp-content\/uploads\/2025\/04\/EXPERIENCIA-SAN-ANDRES-DIVERS-ESCUELA-DE-BUCEO.mp4?_=1\" \/><a href=\"https:\/\/portofinocaribe.com\/wp-content\/uploads\/2025\/04\/EXPERIENCIA-SAN-ANDRES-DIVERS-ESCUELA-DE-BUCEO.mp4\">https:\/\/portofinocaribe.com\/wp-content\/uploads\/2025\/04\/EXPERIENCIA-SAN-ANDRES-DIVERS-ESCUELA-DE-BUCEO.mp4<\/a><\/video><\/div>\n","protected":false},"excerpt":{"rendered":"<p><span style=\"font-weight: 400;\">Desenvuelvete de forma segura y tranquila en el agua<\/span><\/p>\n<div class=\"precios-rebajados\">\n<div class=\"tittle-rebajas\">\n<p id=\"texto-lineado\"><img decoding=\"async\" src=\"http:\/\/portofinocaribe.com\/wp-content\/uploads\/2025\/06\/3770820_Mesa-de-trabajo-1.webp\" alt=\"etiqueta-precio\" width=\"25\" \/><\/p>\n<p id=\"precio-normal\">$1.300.000 COP<\/p>\n<\/div>\n<div class=\"sub-tittle-rebajas\">\n<p>PRECIO POR PERSONA<\/p>\n<\/div>\n<\/div>\n","protected":false},"featured_media":775,"template":"","meta":[],"product_brand":[],"product_cat":[42,65,18],"product_tag":[],"class_list":{"0":"post-7168","1":"product","2":"type-product","3":"status-publish","4":"has-post-thumbnail","6":"product_cat-hostal-san-andres-isla","7":"product_cat-reservable-sanandresislas","8":"product_cat-sanandresislas","10":"first","11":"instock","12":"virtual","13":"sold-individually","14":"purchasable","15":"product-type-booking"},"_links":{"self":[{"href":"https:\/\/portofinocaribe.com\/index.php\/wp-json\/wp\/v2\/product\/7168","targetHints":{"allow":["GET"]}}],"collection":[{"href":"https:\/\/portofinocaribe.com\/index.php\/wp-json\/wp\/v2\/product"}],"about":[{"href":"https:\/\/portofinocaribe.com\/index.php\/wp-json\/wp\/v2\/types\/product"}],"wp:featuredmedia":[{"embeddable":true,"href":"https:\/\/portofinocaribe.com\/index.php\/wp-json\/wp\/v2\/media\/775"}],"wp:attachment":[{"href":"https:\/\/portofinocaribe.com\/index.php\/wp-json\/wp\/v2\/media?parent=7168"}],"wp:term":[{"taxonomy":"product_brand","embeddable":true,"href":"https:\/\/portofinocaribe.com\/index.php\/wp-json\/wp\/v2\/product_brand?post=7168"},{"taxonomy":"product_cat","embeddable":true,"href":"https:\/\/portofinocaribe.com\/index.php\/wp-json\/wp\/v2\/product_cat?post=7168"},{"taxonomy":"product_tag","embeddable":true,"href":"https:\/\/portofinocaribe.com\/index.php\/wp-json\/wp\/v2\/product_tag?post=7168"}],"curies":[{"name":"wp","href":"https:\/\/api.w.org\/{rel}","templated":true}]}}