{"id":7184,"date":"2025-09-10T12:36:31","date_gmt":"2025-09-10T17:36:31","guid":{"rendered":"https:\/\/portofinocaribe.com\/?post_type=product&#038;p=7184"},"modified":"2026-04-11T12:08:27","modified_gmt":"2026-04-11T17:08:27","slug":"advanced-open-water","status":"publish","type":"product","link":"https:\/\/portofinocaribe.com\/index.php\/product\/advanced-open-water\/","title":{"rendered":"ADVANCED OPEN WATER"},"content":{"rendered":"<h2><b>ADVANCED OPEN WATER\u00a0\u00a0<\/b><\/h2>\n<p><strong>\u00a1Prep\u00e1rate para explorar las profundidades del mar de los siete colores!<\/strong><\/p>\n<p>Este programa est\u00e1 dise\u00f1ado para consolidar los conocimientos adquiridos en el curso inicial PADI Open Water Diver\u00a0 y al mismo tiempo, desarrollar nuevas habilidades explorando entornos m\u00e1s desafiantes y emocionantes bajo el agua.<\/p>\n<p>A lo largo del curso realizar\u00e1s cinco inmersiones acompa\u00f1ado de nuestros instructores totalmente capacitados, que te permitir\u00e1n profundizar en t\u00e9cnicas como buceo profundo, navegaci\u00f3n subacu\u00e1tica, control de flotabilidad, identificaci\u00f3n de vida marina y m\u00e1s.<br \/>\nUna vez completado el entrenamiento, obtendr\u00e1s la certificaci\u00f3n de Buceador Avanzado, que te habilita a explorar hasta 30 metros de profundidad con total confianza y seguridad.<\/p>\n<p>Lleva tu pasi\u00f3n por el buceo al siguiente nivel con nuestro curso\u00a0PADI Advanced Open Water Diver.<\/p>\n<p><b>Hora de salida: <\/b>Se debe coordinar con San Andr\u00e9s Divers.<\/p>\n<p><b>Duraci\u00f3n:<\/b><span style=\"font-weight: 400;\"> 2 d\u00edas aproximadamente.<\/span><\/p>\n<p><strong>D\u00edas de operaci\u00f3n:<\/strong> Lunes a domingos.<\/p>\n<p><b>Ubicaci\u00f3n: <span style=\"font-weight: 400;\">San Andr\u00e9s Divers, Carretera Circunvalar KM. 8.5 <\/span><\/b><\/p>\n<p><b>Incluye<\/b><\/p>\n<ul>\n<li><span style=\"font-weight: 400;\">5 buceos o inmersiones de especialidad.<\/span><\/li>\n<li><span style=\"font-weight: 400;\">Traslado ida y regreso: hotel-San Andr\u00e9s Divers- hotel.<\/span><\/li>\n<li><span style=\"font-weight: 400;\">Material de estudio digital, tablas de buceo, hologramas y picks de certificaci\u00f3n.<\/span><\/li>\n<li><span style=\"font-weight: 400;\">Uso del equipo completo de buceo.<\/span><\/li>\n<li><span style=\"font-weight: 400;\">Supervisi\u00f3n y gu\u00eda de un instructor PADI.<\/span><\/li>\n<li><span style=\"font-weight: 400;\">Certificaci\u00f3n internacional PADI (digital).<\/span><\/li>\n<\/ul>\n<p><b>No incluye<\/b><\/p>\n<ul>\n<li><span style=\"font-weight: 400;\">Gastos no especificados en el plan.<\/span><\/li>\n<li><span style=\"font-weight: 400;\">Alimentos y bebidas.<\/span><\/li>\n<\/ul>\n<p><b>Observaciones<\/b><\/p>\n<ul>\n<li>\u00a0El pasajero debe tener en cuenta que despu\u00e9s de bucear debe dejar un m\u00ednimo de 24 horas para montarse en un avi\u00f3n.<\/li>\n<li>La confirmaci\u00f3n de la reserva ser\u00e1 enviada al correo electr\u00f3nico proporcionado al momento de la compra.<\/li>\n<\/ul>\n<p><strong>Requisitos para curso de certificaci\u00f3n<\/strong><\/p>\n<ul>\n<li>Gozar de buena salud.<\/li>\n<li>Tener de 10 a\u00f1os de edad en adelante; de 10 a 14 a\u00f1os el certificado corresponde a PADI OWD J\u00fanior. La \u00fanica limitaci\u00f3n es que el beneficiario del brevet deber\u00e1 bucear con un mayor hasta que cumpla los 15 a\u00f1os de edad y tramite el brevet de PADI OWD.<\/li>\n<li>Deben presentar su carnet de Open Water.<\/li>\n<\/ul>\n<p><b>C\u00f3digo de vestuario:\u00a0<\/b>Vestuario informal, traje de ba\u00f1o.<\/p>\n<p><b>Video<\/b><\/p>\n<div style=\"width: 400px;\" class=\"wp-video\"><!--[if lt IE 9]><script>document.createElement('video');<\/script><![endif]-->\n<video class=\"wp-video-shortcode\" id=\"video-7184-1\" width=\"400\" height=\"600\" preload=\"metadata\" controls=\"controls\"><source type=\"video\/mp4\" src=\"https:\/\/portofinocaribe.com\/wp-content\/uploads\/2025\/04\/EXPERIENCIA-SAN-ANDRES-DIVERS-ESCUELA-DE-BUCEO.mp4?_=1\" \/><a href=\"https:\/\/portofinocaribe.com\/wp-content\/uploads\/2025\/04\/EXPERIENCIA-SAN-ANDRES-DIVERS-ESCUELA-DE-BUCEO.mp4\">https:\/\/portofinocaribe.com\/wp-content\/uploads\/2025\/04\/EXPERIENCIA-SAN-ANDRES-DIVERS-ESCUELA-DE-BUCEO.mp4<\/a><\/video><\/div>\n","protected":false},"excerpt":{"rendered":"<p><span style=\"font-weight: 400;\">Consolida los conocimientos aprendidos en \u201cPADI OPEN WATER DIVER\u201d<\/span><\/p>\n<div class=\"precios-rebajados\">\n<div class=\"tittle-rebajas\">\n<p id=\"texto-lineado\"><img decoding=\"async\" src=\"http:\/\/portofinocaribe.com\/wp-content\/uploads\/2025\/06\/3770820_Mesa-de-trabajo-1.webp\" alt=\"etiqueta-precio\" width=\"25\" \/><\/p>\n<p id=\"precio-normal\">$1.200.000 COP<\/p>\n<\/div>\n<div class=\"sub-tittle-rebajas\">\n<p>PRECIO POR PERSONA<\/p>\n<\/div>\n<\/div>\n","protected":false},"featured_media":2556,"template":"","meta":[],"product_brand":[],"product_cat":[42,65,18],"product_tag":[],"class_list":{"0":"post-7184","1":"product","2":"type-product","3":"status-publish","4":"has-post-thumbnail","6":"product_cat-hostal-san-andres-isla","7":"product_cat-reservable-sanandresislas","8":"product_cat-sanandresislas","10":"first","11":"instock","12":"virtual","13":"sold-individually","14":"purchasable","15":"product-type-booking"},"_links":{"self":[{"href":"https:\/\/portofinocaribe.com\/index.php\/wp-json\/wp\/v2\/product\/7184","targetHints":{"allow":["GET"]}}],"collection":[{"href":"https:\/\/portofinocaribe.com\/index.php\/wp-json\/wp\/v2\/product"}],"about":[{"href":"https:\/\/portofinocaribe.com\/index.php\/wp-json\/wp\/v2\/types\/product"}],"wp:featuredmedia":[{"embeddable":true,"href":"https:\/\/portofinocaribe.com\/index.php\/wp-json\/wp\/v2\/media\/2556"}],"wp:attachment":[{"href":"https:\/\/portofinocaribe.com\/index.php\/wp-json\/wp\/v2\/media?parent=7184"}],"wp:term":[{"taxonomy":"product_brand","embeddable":true,"href":"https:\/\/portofinocaribe.com\/index.php\/wp-json\/wp\/v2\/product_brand?post=7184"},{"taxonomy":"product_cat","embeddable":true,"href":"https:\/\/portofinocaribe.com\/index.php\/wp-json\/wp\/v2\/product_cat?post=7184"},{"taxonomy":"product_tag","embeddable":true,"href":"https:\/\/portofinocaribe.com\/index.php\/wp-json\/wp\/v2\/product_tag?post=7184"}],"curies":[{"name":"wp","href":"https:\/\/api.w.org\/{rel}","templated":true}]}}