{"id":8780,"date":"2026-01-15T16:40:23","date_gmt":"2026-01-15T21:40:23","guid":{"rendered":"https:\/\/portofinocaribe.com\/?post_type=product&#038;p=8780"},"modified":"2026-01-16T11:30:38","modified_gmt":"2026-01-16T16:30:38","slug":"transfer-in-out-en-vans","status":"publish","type":"product","link":"https:\/\/portofinocaribe.com\/index.php\/product\/transfer-in-out-en-vans\/","title":{"rendered":"TRANSFER IN\/OUT EN VANS"},"content":{"rendered":"<p data-path-to-node=\"3\">Comienza o termina tu viaje con la tranquilidad que mereces. Te ofrecemos un servicio de transporte exclusivo en Vans climatizada, moderna y espaciosa, ideal para grupos familiares o empresariales que valoran la privacidad y la puntualidad.<\/p>\n<p data-path-to-node=\"5\"><b data-path-to-node=\"5\" data-index-in-node=\"0\">Detalles del Servicio:<\/b><\/p>\n<ul>\n<li data-path-to-node=\"6,0,0\">Horario de servicio: Operamos exclusivamente en jornada diurna, cubriendo llegadas y salidas programadas entre las <strong>06:00 am y las 08:00 pm.<\/strong><\/li>\n<li data-path-to-node=\"6,0,0\">Capacidad: Hasta 12 pasajeros c\u00f3modamente sentados con su equipaje.<\/li>\n<li data-path-to-node=\"6,1,0\">Veh\u00edculo: Vans con aire acondicionado potente para el clima caribe\u00f1o.<\/li>\n<\/ul>\n<p><b data-path-to-node=\"7\" data-index-in-node=\"0\">IMPORTANTE &#8211; REQUISITOS PARA RESERVAR:<\/b><\/p>\n<p>Para poder coordinar tu recogida sin contratiempos, es obligatorio que al finalizar tu compra, en la casilla de \u00abNotas del pedido\u00bb, nos facilites la siguiente informaci\u00f3n completa:<\/p>\n<ul>\n<li>Fecha exacta del servicio<\/li>\n<li>N\u00famero de vuelo<\/li>\n<li>Hora de llegada o salida del vuelo.<\/li>\n<li>Nombre del Hotel o direcci\u00f3n exacta de destino\/recogida.<\/li>\n<li>Cantidad y tipo de maleta.<b data-path-to-node=\"8,3,0\" data-index-in-node=\"0\"><\/b><\/li>\n<\/ul>\n<p data-path-to-node=\"9\"><strong>Sin estos datos no podremos programar tu traslado. Tu puntualidad y confort son nuestra prioridad.<\/strong><\/p>\n<p><strong>OBSERVACI\u00d3N:<\/strong><\/p>\n<p><strong>Tiempos de recogida (salidas):<\/strong> Para\u00a0garantizar tu llegada a tiempo al aeropuerto, te recogeremos con 2 horas de anticipaci\u00f3n para vuelos nacionales y 3 horas para internacionales.<br \/>\n<strong><i data-path-to-node=\"9\" data-index-in-node=\"0\"><br \/>\n<\/i><\/strong><\/p>\n<p class=\"_28USrA _2ENCSQ XN6uKA\"><strong><span class=\"a_GcMg\">POL\u00cdTICA DE CANCELACI\u00d3N<\/span><\/strong><\/p>\n<p class=\"_28USrA _2ENCSQ XN6uKA\"><span class=\"a_GcMg\">La reprogramaci\u00f3n o cancelaci\u00f3n se realiza sin penalidad alguna siempre y cuando esta sea notificada al menos 2 d\u00edas calendario antes de la fecha del servicio.<br \/>\n<\/span><span class=\"a_GcMg\">En caso de cambio, perdida o retrasos en el vuelo, el pasajero debe comunicarse de manera inmediata para reprogramar, al no ser notificado con anticipaci\u00f3n se generar\u00eda cobro de <strong>NO SHOW<\/strong> y para reprogramaci\u00f3n deber\u00e1n pagar penalidad del 20% del valor del servicio.<\/span><\/p>\n<p class=\"_28USrA _2ENCSQ XN6uKA\"><strong><span class=\"a_GcMg\">NO SHOW<\/span><\/strong><\/p>\n<p class=\"_28USrA _2ENCSQ XN6uKA\"><span class=\"a_GcMg\">En caso de que el pasajero no se presente sin previo aviso el d\u00eda del servicio; la reprogramaci\u00f3n tendr\u00e1 penalidad del 20 % del valor del servicio.<\/span><\/p>\n<p>&nbsp;<\/p>\n","protected":false},"excerpt":{"rendered":"<p>Servicio de transfer IN\/OUT en vans climatizada (leer la descripci\u00f3n antes de reservar)<\/p>\n","protected":false},"featured_media":8745,"template":"","meta":[],"product_brand":[],"product_cat":[17],"product_tag":[],"class_list":{"0":"post-8780","1":"product","2":"type-product","3":"status-publish","4":"has-post-thumbnail","6":"product_cat-cartagena","8":"first","9":"instock","10":"taxable","11":"shipping-taxable","12":"purchasable","13":"product-type-variable"},"_links":{"self":[{"href":"https:\/\/portofinocaribe.com\/index.php\/wp-json\/wp\/v2\/product\/8780","targetHints":{"allow":["GET"]}}],"collection":[{"href":"https:\/\/portofinocaribe.com\/index.php\/wp-json\/wp\/v2\/product"}],"about":[{"href":"https:\/\/portofinocaribe.com\/index.php\/wp-json\/wp\/v2\/types\/product"}],"wp:featuredmedia":[{"embeddable":true,"href":"https:\/\/portofinocaribe.com\/index.php\/wp-json\/wp\/v2\/media\/8745"}],"wp:attachment":[{"href":"https:\/\/portofinocaribe.com\/index.php\/wp-json\/wp\/v2\/media?parent=8780"}],"wp:term":[{"taxonomy":"product_brand","embeddable":true,"href":"https:\/\/portofinocaribe.com\/index.php\/wp-json\/wp\/v2\/product_brand?post=8780"},{"taxonomy":"product_cat","embeddable":true,"href":"https:\/\/portofinocaribe.com\/index.php\/wp-json\/wp\/v2\/product_cat?post=8780"},{"taxonomy":"product_tag","embeddable":true,"href":"https:\/\/portofinocaribe.com\/index.php\/wp-json\/wp\/v2\/product_tag?post=8780"}],"curies":[{"name":"wp","href":"https:\/\/api.w.org\/{rel}","templated":true}]}}