{"id":893,"date":"2025-04-24T21:21:22","date_gmt":"2025-04-24T21:21:22","guid":{"rendered":"https:\/\/pruebas.portofinocaribe.com\/?post_type=product&#038;p=893"},"modified":"2026-03-10T12:58:45","modified_gmt":"2026-03-10T17:58:45","slug":"habitacion-doble-twin-hotel","status":"publish","type":"product","link":"https:\/\/portofinocaribe.com\/index.php\/product\/habitacion-doble-twin-hotel\/","title":{"rendered":"HABITACI\u00d3N DOBLE TWIN &#8211; HOTEL PORTOFINO"},"content":{"rendered":"<p><b>Ubicaci\u00f3n:<\/b><span style=\"font-weight: 400;\"> Avenida Providencia No. 1-115.<\/span><\/p>\n<p><b>Incluye<\/b><\/p>\n<ul>\n<li><span style=\"font-weight: 400;\">Dos camas sencillas, Aire acondicionado, televisor plasma, ba\u00f1o privado con ducha, cajilla de seguridad.<\/span><\/li>\n<li>Alimentaci\u00f3n seg\u00fan su elecci\u00f3n.<\/li>\n<li>Actividades seg\u00fan el plan de su elecci\u00f3n (leer las observaciones)<\/li>\n<\/ul>\n<p><b>No incluye<\/b><\/p>\n<ul>\n<li><span style=\"font-weight: 400;\">Seguro hotelero ($5.000) cargo por persona por noche.<\/span><\/li>\n<li><span style=\"font-weight: 400;\">Traslado (aeropuerto-hotel-aeropuerto)<\/span><\/li>\n<li><span style=\"font-weight: 400;\">Gastos no estipulados.<\/span><\/li>\n<\/ul>\n<p><strong>\u00a0Hora de Check In:<\/strong> 3:00 p.m.<\/p>\n<p><strong>Hora de Check Out: <\/strong>12:00 p.m.<\/p>\n<p><strong>Observaciones<\/strong><\/p>\n<ul>\n<li>Es necesario presentar el documento de identidad de los hu\u00e9spedes al momento de realizar el check in.<\/li>\n<li>Luego de 3 noches de estad\u00eda el plan con\u00a0<strong>alimentaci\u00f3n completa<\/strong>\u00a0incluye actividades: Tour Bah\u00eda, Vuelta a la Isla Terrestre y Acuario M\u00e1gico.<\/li>\n<li>Luego de 3 noches de estad\u00eda el plan de alimentaci\u00f3n con\u00a0<strong>solo desayuno<\/strong>\u00a0incluye actividades: Tour Bah\u00eda.<\/li>\n<li>Ni\u00f1os a partir de 4 a\u00f1os deben pagar.<\/li>\n<li><strong>La confirmaci\u00f3n de la reserva ser\u00e1 enviada al correo electr\u00f3nico proporcionado al momento de la compra.<\/strong><\/li>\n<\/ul>\n<p>&nbsp;<\/p>\n","protected":false},"excerpt":{"rendered":"<p>Ubicaci\u00f3n: Avenida Providencia No. 1-115. Incluye Dos camas sencillas, Aire acondicionado, televisor plasma, ba\u00f1o privado con ducha, cajilla de seguridad. Alimentaci\u00f3n seg\u00fan su elecci\u00f3n. Actividades seg\u00fan el plan de su elecci\u00f3n (leer las observaciones) No incluye Seguro hotelero ($5.000) cargo por persona por noche. Traslado (aeropuerto-hotel-aeropuerto) Gastos no estipulados. \u00a0Hora de Check In: 3:00 p.m.<\/p>\n<div class=\"padding-top text-center\"><a href=\"https:\/\/portofinocaribe.com\/index.php\/product\/habitacion-doble-twin-hotel\/\" class=\"atbtn atbtn--medium atbtn--rounded atbtn--transparent\">Read more<i class=\"atbtn__icon atbtn__icon--right fa fa-long-arrow-right\"><\/i><\/a><\/div>\n","protected":false},"featured_media":8973,"template":"","meta":[],"product_brand":[],"product_cat":[25,28,18],"product_tag":[],"class_list":{"0":"post-893","1":"product","2":"type-product","3":"status-publish","4":"has-post-thumbnail","6":"product_cat-booking","7":"product_cat-hotel-san-andres-isla","8":"product_cat-sanandresislas","9":"tour_category-alojamiento-san-andres-isla","10":"tour_category-tours-san-andres-complete","12":"first","13":"instock","14":"purchasable","15":"product-type-variable"},"_links":{"self":[{"href":"https:\/\/portofinocaribe.com\/index.php\/wp-json\/wp\/v2\/product\/893","targetHints":{"allow":["GET"]}}],"collection":[{"href":"https:\/\/portofinocaribe.com\/index.php\/wp-json\/wp\/v2\/product"}],"about":[{"href":"https:\/\/portofinocaribe.com\/index.php\/wp-json\/wp\/v2\/types\/product"}],"wp:featuredmedia":[{"embeddable":true,"href":"https:\/\/portofinocaribe.com\/index.php\/wp-json\/wp\/v2\/media\/8973"}],"wp:attachment":[{"href":"https:\/\/portofinocaribe.com\/index.php\/wp-json\/wp\/v2\/media?parent=893"}],"wp:term":[{"taxonomy":"product_brand","embeddable":true,"href":"https:\/\/portofinocaribe.com\/index.php\/wp-json\/wp\/v2\/product_brand?post=893"},{"taxonomy":"product_cat","embeddable":true,"href":"https:\/\/portofinocaribe.com\/index.php\/wp-json\/wp\/v2\/product_cat?post=893"},{"taxonomy":"product_tag","embeddable":true,"href":"https:\/\/portofinocaribe.com\/index.php\/wp-json\/wp\/v2\/product_tag?post=893"}],"curies":[{"name":"wp","href":"https:\/\/api.w.org\/{rel}","templated":true}]}}