{"id":9503,"date":"2026-04-01T12:02:17","date_gmt":"2026-04-01T17:02:17","guid":{"rendered":"https:\/\/portofinocaribe.com\/?post_type=product&#038;p=9503"},"modified":"2026-04-13T09:36:43","modified_gmt":"2026-04-13T14:36:43","slug":"tour-bahiia-dia-del-nino","status":"publish","type":"product","link":"https:\/\/portofinocaribe.com\/index.php\/product\/tour-bahiia-dia-del-nino\/","title":{"rendered":"TOUR BAH\u00cdA &#8211; D\u00cdA DEL NI\u00d1O"},"content":{"rendered":"<p data-start=\"0\" data-end=\"197\"><strong>Prep\u00e1rate para vivir una experiencia inolvidable en familia, donde los m\u00e1s peque\u00f1os ser\u00e1n los verdaderos protagonistas de una tarde llena de alegr\u00eda, m\u00fasica y diversi\u00f3n en la bah\u00eda de Cartagena\u00a0<\/strong><\/p>\n<p data-start=\"199\" data-end=\"567\">Durante este recorrido especial, los ni\u00f1os se sumergir\u00e1n en una aventura dise\u00f1ada especialmente para ellos, con una tem\u00e1tica din\u00e1mica y entretenida que despertar\u00e1 su imaginaci\u00f3n y los mantendr\u00e1 activos y felices en todo momento. La energ\u00eda a bordo se llena de ritmo, risas y emoci\u00f3n, creando un ambiente m\u00e1gico donde cada instante se convierte en un recuerdo especial.<\/p>\n<p><strong>Citaci\u00f3n:<\/strong> 02:40 pm.<\/p>\n<p><b>Hora de salida: <\/b>03:00 pm.<\/p>\n<p><b>Hora de retorno: <\/b>04:30 pm.<\/p>\n<p><b>Duraci\u00f3n: <\/b>1 <span style=\"font-weight: 400;\">hora y 30 minutos.<\/span><\/p>\n<p><strong>D\u00edas de operaci\u00f3n:<\/strong> S\u00e1bado 25 de abril de 2026<\/p>\n<p><b>Ubicaci\u00f3n: <\/b><span style=\"font-weight: 400;\">Muelle de la Bodeguita puerta No. 3<\/span><\/p>\n<p><b>Incluye<\/b><\/p>\n<ul>\n<li><span style=\"font-weight: 400;\">Recorrido por la bah\u00eda<\/span><\/li>\n<li><span style=\"font-weight: 400;\">2 cervezas por adulto<\/span><\/li>\n<li><span style=\"font-weight: 400;\">Agua y gaseosas servidas en vaso<\/span><\/li>\n<li><span style=\"font-weight: 400;\">Combo infantil (mini perro caliente, gaseosa y crispetas)<\/span><\/li>\n<li><span style=\"font-weight: 400;\">Show de baile infantil<\/span><\/li>\n<li><span style=\"font-weight: 400;\">Concursos y premios<\/span><\/li>\n<li><span style=\"font-weight: 400;\">Animaci\u00f3n y DJ en vivo\u00a0<\/span><\/li>\n<li><span style=\"font-weight: 400;\">Mesas compartidas.<\/span><\/li>\n<\/ul>\n<p><b>No incluye<\/b><\/p>\n<ul>\n<li><span style=\"font-weight: 400;\">Impuesto del muelle por persona, su pago es solo en efectivo. $18.000 pesos colombianos, sujeto a cambios sin previo aviso<\/span><\/li>\n<li><span style=\"font-weight: 400;\">Gastos no especificados en el paquete<\/span><\/li>\n<\/ul>\n<p><strong>Observaci\u00f3n\u00a0<\/strong><\/p>\n<ul>\n<li>La confirmaci\u00f3n de la reserva ser\u00e1 enviada al correo electr\u00f3nico proporcionado al momento de la compra.<\/li>\n<\/ul>\n","protected":false},"excerpt":{"rendered":"<p>Tarde m\u00e1gica infantil en la bah\u00eda de Cartagena<\/p>\n<div class=\"precios-rebajados\">\n<div class=\"tittle-rebajas\">\n<p id=\"texto-lineado\"><img decoding=\"async\" src=\"http:\/\/portofinocaribe.com\/wp-content\/uploads\/2025\/06\/adulto.webp\" alt=\"adulto-icono\" width=\"23\" \/><\/p>\n<p id=\"precio-normal\">$100.000 COP<\/p>\n<\/div>\n<div class=\"tittle-rebajas-op\">\n<p id=\"texto-lineado\"><img decoding=\"async\" src=\"http:\/\/portofinocaribe.com\/wp-content\/uploads\/2025\/06\/adulto-y-nino.webp\" alt=\"adulto-icono\" width=\"23\" \/><\/p>\n<p id=\"precio-normal\">$80.000 COP<\/p>\n<\/div>\n<\/div>\n[bookly-form category_id=\"6\" service_id=\"58\" staff_member_id=\"58\" show_number_of_persons=\"1\" hide=\"categories,services,staff_members,date,week_days,time_range\"]\n","protected":false},"featured_media":9515,"template":"","meta":[],"product_brand":[],"product_cat":[26,17],"product_tag":[61],"class_list":{"0":"post-9503","1":"product","2":"type-product","3":"status-publish","4":"has-post-thumbnail","6":"product_cat-actividades-maritimas-cartagena","7":"product_cat-cartagena","8":"product_tag-bookly","9":"tour_category-actividades-maritimas-cartagena","10":"tour_category-tours","12":"first","13":"instock","14":"virtual","15":"taxable","16":"purchasable","17":"product-type-simple"},"_links":{"self":[{"href":"https:\/\/portofinocaribe.com\/index.php\/wp-json\/wp\/v2\/product\/9503","targetHints":{"allow":["GET"]}}],"collection":[{"href":"https:\/\/portofinocaribe.com\/index.php\/wp-json\/wp\/v2\/product"}],"about":[{"href":"https:\/\/portofinocaribe.com\/index.php\/wp-json\/wp\/v2\/types\/product"}],"wp:featuredmedia":[{"embeddable":true,"href":"https:\/\/portofinocaribe.com\/index.php\/wp-json\/wp\/v2\/media\/9515"}],"wp:attachment":[{"href":"https:\/\/portofinocaribe.com\/index.php\/wp-json\/wp\/v2\/media?parent=9503"}],"wp:term":[{"taxonomy":"product_brand","embeddable":true,"href":"https:\/\/portofinocaribe.com\/index.php\/wp-json\/wp\/v2\/product_brand?post=9503"},{"taxonomy":"product_cat","embeddable":true,"href":"https:\/\/portofinocaribe.com\/index.php\/wp-json\/wp\/v2\/product_cat?post=9503"},{"taxonomy":"product_tag","embeddable":true,"href":"https:\/\/portofinocaribe.com\/index.php\/wp-json\/wp\/v2\/product_tag?post=9503"}],"curies":[{"name":"wp","href":"https:\/\/api.w.org\/{rel}","templated":true}]}}