{"id":9640,"date":"2026-05-05T12:11:28","date_gmt":"2026-05-05T17:11:28","guid":{"rendered":"https:\/\/portofinocaribe.com\/?post_type=product&#038;p=9640"},"modified":"2026-05-05T16:30:37","modified_gmt":"2026-05-05T21:30:37","slug":"tardes-caribenas","status":"publish","type":"product","link":"https:\/\/portofinocaribe.com\/index.php\/product\/tardes-caribenas\/","title":{"rendered":"TARDES CARIBE\u00d1AS"},"content":{"rendered":"<p><strong>TARDES CARIBE\u00d1AS<br \/>\n<\/strong><br \/>\n<strong>\u00a1La vida fluye mejor cuando el horizonte es el mar y el plan es simplemente disfrutar!<\/strong><\/p>\n<p>Hay placeres sencillos que lo son todo: una cerveza bien helada, buena m\u00fasica y la vista panor\u00e1mica m\u00e1s incre\u00edble de Cartagena desde el mar. En el <b data-path-to-node=\"8\" data-index-in-node=\"213\">Aqua Caribe<\/b>, te ofrecemos el spot ideal para desconectarte del ruido de la ciudad y reconectar con la sabrosura. Disfruta de un recorrido de dos horas donde el \u00fanico requisito es relajarse y disfrutar del paisaje. Ya sea que el sol brille o la tarde est\u00e9 fresca, estar a bordo es asegurar un recuerdo de esos que se cuentan con una sonrisa.<\/p>\n<p><strong>Citaci\u00f3n:<\/strong> 03:15 pm.<\/p>\n<p><b>Hora de salida:\u00a0<\/b>04:00 pm.<\/p>\n<p><b>Hora de retorno:\u00a0<\/b>06:00 pm.<\/p>\n<p><b>Duraci\u00f3n:\u00a0<\/b>2 horas.<\/p>\n<p><strong>D\u00edas de operaci\u00f3n:<\/strong> Lunes a S\u00e1bados.<\/p>\n<p><b>Ubicaci\u00f3n:\u00a0<\/b>Muelle de la Bodeguita puerta No. 3<\/p>\n<p><b>Incluye<\/b><\/p>\n<ul>\n<li>2 cervezas por persona<\/li>\n<li>Recorrido de 2 horas por la bah\u00eda de Cartagena<\/li>\n<li>M\u00fasica<\/li>\n<li>Acomodaci\u00f3n en mesas compartidas<\/li>\n<\/ul>\n<p><b>No incluye<\/b><\/p>\n<ul>\n<li>Alimentos<\/li>\n<li>Impuesto del muelle por persona, su pago es solo en efectivo. $18.000 pesos colombianos, sujeto a cambios sin previo aviso<\/li>\n<li>Gastos no especificados en el paquete<\/li>\n<\/ul>\n<p><strong>Observaci\u00f3n\u00a0<\/strong><\/p>\n<ul>\n<li>La confirmaci\u00f3n de la reserva ser\u00e1 enviada al correo electr\u00f3nico\/ n\u00famero de tel\u00e9fono proporcionado al momento de la compra.<\/li>\n<li>Ni\u00f1os a partir de 5 a\u00f1os deben pagar.<\/li>\n<\/ul>\n<p><strong>Video.<\/strong><\/p>\n<p>&nbsp;<\/p>\n<div style=\"width: 576px;\" class=\"wp-video\"><!--[if lt IE 9]><script>document.createElement('video');<\/script><![endif]-->\n<video class=\"wp-video-shortcode\" id=\"video-9640-1\" width=\"576\" height=\"1024\" preload=\"metadata\" controls=\"controls\"><source type=\"video\/mp4\" src=\"http:\/\/portofinocaribe.com\/wp-content\/uploads\/2026\/05\/WhatsApp-Video-2026-05-05-at-11.32.07.mp4?_=1\" \/><a href=\"http:\/\/portofinocaribe.com\/wp-content\/uploads\/2026\/05\/WhatsApp-Video-2026-05-05-at-11.32.07.mp4\">http:\/\/portofinocaribe.com\/wp-content\/uploads\/2026\/05\/WhatsApp-Video-2026-05-05-at-11.32.07.mp4<\/a><\/video><\/div>\n<p><strong>\u00a0<\/strong><\/p>\n<p><strong>\u00a0<\/strong><\/p>\n","protected":false},"excerpt":{"rendered":"<p>\u00a1El mejor spot de la bah\u00eda te espera! Disfruta dos horas de brisa, buena m\u00fasica y la vista m\u00e1s incre\u00edble de Cartagena a bordo del Aqua Caribe.<\/p>\n<div class=\"tittle-rebajas\">\n<p id=\"texto-lineado\"><img decoding=\"async\" src=\"http:\/\/portofinocaribe.com\/wp-content\/uploads\/2025\/06\/adulto.webp\" alt=\"adulto-icono\" width=\"23\" \/><\/p>\n<p id=\"precio-normal\">$80.000 COP<\/p>\n<\/div>\n<p>&nbsp;<\/p>\n[bookly-form category_id=\"6\" service_id=\"59\" staff_member_id=\"59\" show_number_of_persons=\"1\" hide=\"categories,services,staff_members,date,week_days,time_range\"]\n","protected":false},"featured_media":9642,"template":"","meta":[],"product_brand":[],"product_cat":[26,63,17],"product_tag":[61],"class_list":{"0":"post-9640","1":"product","2":"type-product","3":"status-publish","4":"has-post-thumbnail","6":"product_cat-actividades-maritimas-cartagena","7":"product_cat-bookly-cartagena","8":"product_cat-cartagena","9":"product_tag-bookly","10":"tour_category-actividades-maritimas-cartagena","11":"tour_category-tours","13":"first","14":"instock","15":"virtual","16":"taxable","17":"purchasable","18":"product-type-simple"},"_links":{"self":[{"href":"https:\/\/portofinocaribe.com\/index.php\/wp-json\/wp\/v2\/product\/9640","targetHints":{"allow":["GET"]}}],"collection":[{"href":"https:\/\/portofinocaribe.com\/index.php\/wp-json\/wp\/v2\/product"}],"about":[{"href":"https:\/\/portofinocaribe.com\/index.php\/wp-json\/wp\/v2\/types\/product"}],"wp:featuredmedia":[{"embeddable":true,"href":"https:\/\/portofinocaribe.com\/index.php\/wp-json\/wp\/v2\/media\/9642"}],"wp:attachment":[{"href":"https:\/\/portofinocaribe.com\/index.php\/wp-json\/wp\/v2\/media?parent=9640"}],"wp:term":[{"taxonomy":"product_brand","embeddable":true,"href":"https:\/\/portofinocaribe.com\/index.php\/wp-json\/wp\/v2\/product_brand?post=9640"},{"taxonomy":"product_cat","embeddable":true,"href":"https:\/\/portofinocaribe.com\/index.php\/wp-json\/wp\/v2\/product_cat?post=9640"},{"taxonomy":"product_tag","embeddable":true,"href":"https:\/\/portofinocaribe.com\/index.php\/wp-json\/wp\/v2\/product_tag?post=9640"}],"curies":[{"name":"wp","href":"https:\/\/api.w.org\/{rel}","templated":true}]}}